{"id":12,"date":"2017-08-14T07:09:07","date_gmt":"2017-08-14T05:09:07","guid":{"rendered":"http:\/\/rodslonecznapolana.pl\/?page_id=12"},"modified":"2018-04-19T20:54:01","modified_gmt":"2018-04-19T18:54:01","slug":"prawo","status":"publish","type":"page","link":"https:\/\/rodslonecznapolana.pl\/index.php\/prawo\/","title":{"rendered":"Prawo"},"content":{"rendered":"<div id=\"comp-ifp8mtkk\" class=\"dm1\" title=\"REGULAMIN_ROD_(uchwalony_2015)_obowi\u0105zuje_od_01.01.2016.pdf\" data-content-padding-left=\"5\" data-content-padding-right=\"5\" data-content-padding-top=\"5\" data-content-image-height=\"118\" data-reactid=\".0.$SITE_ROOT.$desktop_siteRoot.$PAGES_CONTAINER.$centeredContent.$inlineContent.$SITE_PAGES.$ni4uh_DESKTOP.$inlineContent.$comp-ifp8mtkk\">\n<div id=\"comp-ifp8mtkkimg\" class=\"dm1img\" data-style=\"\" data-reactid=\".0.$SITE_ROOT.$desktop_siteRoot.$PAGES_CONTAINER.$centeredContent.$inlineContent.$SITE_PAGES.$ni4uh_DESKTOP.$inlineContent.$comp-ifp8mtkk.$link.0\"><img loading=\"lazy\" decoding=\"async\" class=\"size-full wp-image-554 aligncenter\" src=\"http:\/\/rodslonecznapolana.pl\/wp-content\/uploads\/2017\/08\/40d80b8089c8418a961cb75d96d491f7.png\" alt=\"\" width=\"73\" height=\"98\" \/><\/div>\n<p style=\"text-align: center;\"><a id=\"comp-ifp8mtkklink\" class=\"dm1link\" href=\"http:\/\/rodslonecznapolana.pl\/wp-content\/uploads\/2017\/08\/b57f82_5cea2ce13efb4860a4c113e5668a874e-1.pdf\" target=\"_blank\" rel=\"noopener noreferrer\" data-type=\"document\" data-reactid=\".0.$SITE_ROOT.$desktop_siteRoot.$PAGES_CONTAINER.$centeredContent.$inlineContent.$SITE_PAGES.$ni4uh_DESKTOP.$inlineContent.$comp-ifp8mtkk.$link\"><span id=\"comp-ifp8mtkklabel\" class=\"dm1label\" data-reactid=\".0.$SITE_ROOT.$desktop_siteRoot.$PAGES_CONTAINER.$centeredContent.$inlineContent.$SITE_PAGES.$ni4uh_DESKTOP.$inlineContent.$comp-ifp8mtkk.$link.$label\">REGULAMIN_ROD_(uchwalony_2015)_obowi\u0105zuje_od_01.01.2016.pdf<\/span><\/a><\/p>\n<\/div>\n<div id=\"comp-ifp8o52l\" class=\"dm1\" style=\"text-align: center;\" title=\"STATUT_PZD_(uchwalony_lipiec_2015).pdf\" data-content-padding-left=\"5\" data-content-padding-right=\"5\" data-content-padding-top=\"5\" data-content-image-height=\"122\" data-reactid=\".0.$SITE_ROOT.$desktop_siteRoot.$PAGES_CONTAINER.$centeredContent.$inlineContent.$SITE_PAGES.$ni4uh_DESKTOP.$inlineContent.$comp-ifp8o52l\">\n<div id=\"comp-ifp8o52limg\" class=\"dm1img\" data-style=\"\" data-reactid=\".0.$SITE_ROOT.$desktop_siteRoot.$PAGES_CONTAINER.$centeredContent.$inlineContent.$SITE_PAGES.$ni4uh_DESKTOP.$inlineContent.$comp-ifp8o52l.$link.0\">\n<div id=\"comp-ifp8o52limgpreloader\" class=\"dm1imgpreloader\" data-reactid=\".0.$SITE_ROOT.$desktop_siteRoot.$PAGES_CONTAINER.$centeredContent.$inlineContent.$SITE_PAGES.$ni4uh_DESKTOP.$inlineContent.$comp-ifp8o52l.$link.0.$preloader\"><\/div>\n<p><img loading=\"lazy\" decoding=\"async\" class=\"alignnone size-full wp-image-554\" src=\"http:\/\/rodslonecznapolana.pl\/wp-content\/uploads\/2017\/08\/40d80b8089c8418a961cb75d96d491f7.png\" alt=\"\" width=\"73\" height=\"98\" \/><a id=\"comp-ifp8o52llink\" class=\"dm1link\" href=\"http:\/\/rodslonecznapolana.pl\/wp-content\/uploads\/2017\/08\/b57f82_5cea2ce13efb4860a4c113e5668a874e-2.pdf\" target=\"_blank\" rel=\"noopener noreferrer\" data-type=\"document\" data-reactid=\".0.$SITE_ROOT.$desktop_siteRoot.$PAGES_CONTAINER.$centeredContent.$inlineContent.$SITE_PAGES.$ni4uh_DESKTOP.$inlineContent.$comp-ifp8o52l.$link\"><span id=\"comp-ifp8o52llabel\" class=\"dm1label\" data-reactid=\".0.$SITE_ROOT.$desktop_siteRoot.$PAGES_CONTAINER.$centeredContent.$inlineContent.$SITE_PAGES.$ni4uh_DESKTOP.$inlineContent.$comp-ifp8o52l.$link.$label\"><\/span><\/a><\/p>\n<\/div>\n<p><a href=\"http:\/\/rodslonecznapolana.pl\/wp-content\/uploads\/2018\/04\/STATUT-POLSKIEGO-ZWI\u0104ZK\u00d3W-DZIA\u0141KOWC\u00d3W.pdf\">STATUT POLSKIEGO ZWI\u0104ZK\u00d3W DZIA\u0141KOWC\u00d3W<\/a><\/p>\n<\/div>\n<div id=\"comp-ifp8onl8\" class=\"dm1\" style=\"text-align: center;\" title=\"USTAWA_dzia\u0142kowa_opublikowana_w_Dzienniku_Ustaw.pdf\" data-content-padding-left=\"5\" data-content-padding-right=\"5\" data-content-padding-top=\"5\" data-content-image-height=\"126\" data-reactid=\".0.$SITE_ROOT.$desktop_siteRoot.$PAGES_CONTAINER.$centeredContent.$inlineContent.$SITE_PAGES.$ni4uh_DESKTOP.$inlineContent.$comp-ifp8onl8\">\n<div id=\"comp-ifp8onl8img\" class=\"dm1img\" data-style=\"\" data-reactid=\".0.$SITE_ROOT.$desktop_siteRoot.$PAGES_CONTAINER.$centeredContent.$inlineContent.$SITE_PAGES.$ni4uh_DESKTOP.$inlineContent.$comp-ifp8onl8.$link.0\">\n<div id=\"comp-ifp8onl8imgpreloader\" class=\"dm1imgpreloader\" data-reactid=\".0.$SITE_ROOT.$desktop_siteRoot.$PAGES_CONTAINER.$centeredContent.$inlineContent.$SITE_PAGES.$ni4uh_DESKTOP.$inlineContent.$comp-ifp8onl8.$link.0.$preloader\"><\/div>\n<p><img loading=\"lazy\" decoding=\"async\" class=\"alignnone size-full wp-image-554\" src=\"http:\/\/rodslonecznapolana.pl\/wp-content\/uploads\/2017\/08\/40d80b8089c8418a961cb75d96d491f7.png\" alt=\"\" width=\"73\" height=\"98\" \/><\/p>\n<\/div>\n<p><a id=\"comp-ifp8onl8link\" class=\"dm1link\" href=\"http:\/\/rodslonecznapolana.pl\/wp-content\/uploads\/2017\/08\/b57f82_5cea2ce13efb4860a4c113e5668a874e-3.pdf\" target=\"_blank\" rel=\"noopener noreferrer\" data-type=\"document\" data-reactid=\".0.$SITE_ROOT.$desktop_siteRoot.$PAGES_CONTAINER.$centeredContent.$inlineContent.$SITE_PAGES.$ni4uh_DESKTOP.$inlineContent.$comp-ifp8onl8.$link\"><span id=\"comp-ifp8onl8label\" class=\"dm1label\" data-reactid=\".0.$SITE_ROOT.$desktop_siteRoot.$PAGES_CONTAINER.$centeredContent.$inlineContent.$SITE_PAGES.$ni4uh_DESKTOP.$inlineContent.$comp-ifp8onl8.$link.$label\">USTAWA_dzia\u0142kowa_opublikowana_w_Dzienniku_Ustaw.pdf<\/span><\/a><\/p>\n<\/div>\n<div id=\"comp-ifp8pjaj\" class=\"dm1\" style=\"text-align: center;\" title=\"Wniosek_o_zatwierdzenie_umowy_przeniesienia_praw_do_dzia\u0142ki.doc\" data-content-padding-left=\"5\" data-content-padding-right=\"5\" data-content-padding-top=\"5\" data-content-image-height=\"134\" data-reactid=\".0.$SITE_ROOT.$desktop_siteRoot.$PAGES_CONTAINER.$centeredContent.$inlineContent.$SITE_PAGES.$ni4uh_DESKTOP.$inlineContent.$comp-ifp8pjaj\">\n<div id=\"comp-ifp8pjajimg\" class=\"dm1img\" data-style=\"\" data-reactid=\".0.$SITE_ROOT.$desktop_siteRoot.$PAGES_CONTAINER.$centeredContent.$inlineContent.$SITE_PAGES.$ni4uh_DESKTOP.$inlineContent.$comp-ifp8pjaj.$link.0\">\n<div id=\"comp-ifp8pjajimgpreloader\" class=\"dm1imgpreloader\" data-reactid=\".0.$SITE_ROOT.$desktop_siteRoot.$PAGES_CONTAINER.$centeredContent.$inlineContent.$SITE_PAGES.$ni4uh_DESKTOP.$inlineContent.$comp-ifp8pjaj.$link.0.$preloader\"><\/div>\n<p><img loading=\"lazy\" decoding=\"async\" class=\"alignnone size-full wp-image-555\" src=\"http:\/\/rodslonecznapolana.pl\/wp-content\/uploads\/2017\/08\/b8964aa7650d463fac3b77e0d00e8f12.png\" alt=\"\" width=\"89\" height=\"119\" \/><\/p>\n<\/div>\n<p><a id=\"comp-ifp8pjajlink\" class=\"dm1link\" href=\"http:\/\/rodslonecznapolana.pl\/wp-content\/uploads\/2017\/08\/Wniosek_o_zatwierdzenie_umowy_przeniesienia_praw_do_dzia\u0142ki.doc\" target=\"_blank\" rel=\"noopener noreferrer\" data-type=\"document\" data-reactid=\".0.$SITE_ROOT.$desktop_siteRoot.$PAGES_CONTAINER.$centeredContent.$inlineContent.$SITE_PAGES.$ni4uh_DESKTOP.$inlineContent.$comp-ifp8pjaj.$link\"><span id=\"comp-ifp8pjajlabel\" class=\"dm1label\" data-reactid=\".0.$SITE_ROOT.$desktop_siteRoot.$PAGES_CONTAINER.$centeredContent.$inlineContent.$SITE_PAGES.$ni4uh_DESKTOP.$inlineContent.$comp-ifp8pjaj.$link.$label\">Wniosek_o_zatwierdzenie_umowy_przeniesienia_praw_do_dzia\u0142ki.doc<\/span><\/a><\/p>\n<\/div>\n<div id=\"comp-ifp8pjcc\" class=\"dm1\" style=\"text-align: center;\" title=\"Wzor_deklaracji_czlonkowskiej.docx\" data-content-padding-left=\"5\" data-content-padding-right=\"5\" data-content-padding-top=\"5\" data-content-image-height=\"136\" data-reactid=\".0.$SITE_ROOT.$desktop_siteRoot.$PAGES_CONTAINER.$centeredContent.$inlineContent.$SITE_PAGES.$ni4uh_DESKTOP.$inlineContent.$comp-ifp8pjcc\">\n<div id=\"comp-ifp8pjccimg\" class=\"dm1img\" data-style=\"\" data-reactid=\".0.$SITE_ROOT.$desktop_siteRoot.$PAGES_CONTAINER.$centeredContent.$inlineContent.$SITE_PAGES.$ni4uh_DESKTOP.$inlineContent.$comp-ifp8pjcc.$link.0\">\n<div id=\"comp-ifp8pjccimgpreloader\" class=\"dm1imgpreloader\" data-reactid=\".0.$SITE_ROOT.$desktop_siteRoot.$PAGES_CONTAINER.$centeredContent.$inlineContent.$SITE_PAGES.$ni4uh_DESKTOP.$inlineContent.$comp-ifp8pjcc.$link.0.$preloader\"><\/div>\n<p><img loading=\"lazy\" decoding=\"async\" class=\"alignnone size-full wp-image-555\" src=\"http:\/\/rodslonecznapolana.pl\/wp-content\/uploads\/2017\/08\/b8964aa7650d463fac3b77e0d00e8f12.png\" alt=\"\" width=\"89\" height=\"119\" \/><\/p>\n<\/div>\n<p><a id=\"comp-ifp8pjcclink\" class=\"dm1link\" href=\"http:\/\/rodslonecznapolana.pl\/wp-content\/uploads\/2017\/08\/Wzor_deklaracji_czlonkowskiej.docx\" target=\"_blank\" rel=\"noopener noreferrer\" data-type=\"document\" data-reactid=\".0.$SITE_ROOT.$desktop_siteRoot.$PAGES_CONTAINER.$centeredContent.$inlineContent.$SITE_PAGES.$ni4uh_DESKTOP.$inlineContent.$comp-ifp8pjcc.$link\"><span id=\"comp-ifp8pjcclabel\" class=\"dm1label\" data-reactid=\".0.$SITE_ROOT.$desktop_siteRoot.$PAGES_CONTAINER.$centeredContent.$inlineContent.$SITE_PAGES.$ni4uh_DESKTOP.$inlineContent.$comp-ifp8pjcc.$link.$label\">Wz\u00f3r_deklaracji_czlonkowskiej.docx<\/span><\/a><\/p>\n<\/div>\n<div id=\"comp-ifp8pjce1\" class=\"dm1\" title=\"wz\u00f3r_nr_1_umowa_przeniesienia_praw_do_dzia\u0142ki.docx\" data-content-padding-left=\"5\" data-content-padding-right=\"5\" data-content-padding-top=\"5\" data-content-image-height=\"139\" data-reactid=\".0.$SITE_ROOT.$desktop_siteRoot.$PAGES_CONTAINER.$centeredContent.$inlineContent.$SITE_PAGES.$ni4uh_DESKTOP.$inlineContent.$comp-ifp8pjce1\">\n<div id=\"comp-ifp8pjce1img\" class=\"dm1img\" style=\"text-align: center;\" data-style=\"\" data-reactid=\".0.$SITE_ROOT.$desktop_siteRoot.$PAGES_CONTAINER.$centeredContent.$inlineContent.$SITE_PAGES.$ni4uh_DESKTOP.$inlineContent.$comp-ifp8pjce1.$link.0\">\n<div id=\"comp-ifp8pjce1imgpreloader\" class=\"dm1imgpreloader\" data-reactid=\".0.$SITE_ROOT.$desktop_siteRoot.$PAGES_CONTAINER.$centeredContent.$inlineContent.$SITE_PAGES.$ni4uh_DESKTOP.$inlineContent.$comp-ifp8pjce1.$link.0.$preloader\"><\/div>\n<p><img loading=\"lazy\" decoding=\"async\" class=\"alignnone size-full wp-image-555\" src=\"http:\/\/rodslonecznapolana.pl\/wp-content\/uploads\/2017\/08\/b8964aa7650d463fac3b77e0d00e8f12.png\" alt=\"\" width=\"89\" height=\"119\" \/><\/p>\n<\/div>\n<p style=\"text-align: center;\"><a id=\"comp-ifp8pjce1link\" class=\"dm1link\" href=\"http:\/\/rodslonecznapolana.pl\/wp-content\/uploads\/2017\/08\/wz\u00f3r_nr_1_umowa_przeniesienia_praw_do_dzia\u0142ki.docx\" target=\"_blank\" rel=\"noopener noreferrer\" data-type=\"document\" data-reactid=\".0.$SITE_ROOT.$desktop_siteRoot.$PAGES_CONTAINER.$centeredContent.$inlineContent.$SITE_PAGES.$ni4uh_DESKTOP.$inlineContent.$comp-ifp8pjce1.$link\"><span id=\"comp-ifp8pjce1label\" class=\"dm1label\" data-reactid=\".0.$SITE_ROOT.$desktop_siteRoot.$PAGES_CONTAINER.$centeredContent.$inlineContent.$SITE_PAGES.$ni4uh_DESKTOP.$inlineContent.$comp-ifp8pjce1.$link.$label\">wz\u00f3r_nr_1_umowa_przeniesienia_praw_do_dzia\u0142ki.docx<\/span><\/a><\/p>\n<\/div>\n","protected":false},"excerpt":{"rendered":"<p>REGULAMIN_ROD_(uchwalony_2015)_obowi\u0105zuje_od_01.01.2016.pdf STATUT POLSKIEGO ZWI\u0104ZK\u00d3W DZIA\u0141KOWC\u00d3W USTAWA_dzia\u0142kowa_opublikowana_w_Dzienniku_Ustaw.pdf Wniosek_o_zatwierdzenie_umowy_przeniesienia_praw_do_dzia\u0142ki.doc Wz\u00f3r_deklaracji_czlonkowskiej.docx wz\u00f3r_nr_1_umowa_przeniesienia_praw_do_dzia\u0142ki.docx<\/p>\n","protected":false},"author":3,"featured_media":460,"parent":0,"menu_order":0,"comment_status":"closed","ping_status":"closed","template":"","meta":{"footnotes":""},"yoast_head":"<!-- This site is optimized with the Yoast SEO plugin v22.6 - https:\/\/yoast.com\/wordpress\/plugins\/seo\/ -->\n<title>Prawo - OGRODY DZIA\u0141KOWE S\u0141ONECZNA POLANA PAWLIKOWICE<\/title>\n<meta name=\"robots\" content=\"index, follow, max-snippet:-1, max-image-preview:large, max-video-preview:-1\" \/>\n<link rel=\"canonical\" href=\"https:\/\/rodslonecznapolana.pl\/index.php\/prawo\/\" \/>\n<meta property=\"og:locale\" content=\"pl_PL\" \/>\n<meta property=\"og:type\" content=\"article\" \/>\n<meta property=\"og:title\" content=\"Prawo - OGRODY DZIA\u0141KOWE S\u0141ONECZNA POLANA PAWLIKOWICE\" \/>\n<meta property=\"og:description\" content=\"REGULAMIN_ROD_(uchwalony_2015)_obowi\u0105zuje_od_01.01.2016.pdf STATUT POLSKIEGO ZWI\u0104ZK\u00d3W DZIA\u0141KOWC\u00d3W USTAWA_dzia\u0142kowa_opublikowana_w_Dzienniku_Ustaw.pdf Wniosek_o_zatwierdzenie_umowy_przeniesienia_praw_do_dzia\u0142ki.doc Wz\u00f3r_deklaracji_czlonkowskiej.docx wz\u00f3r_nr_1_umowa_przeniesienia_praw_do_dzia\u0142ki.docx\" \/>\n<meta property=\"og:url\" content=\"https:\/\/rodslonecznapolana.pl\/index.php\/prawo\/\" \/>\n<meta property=\"og:site_name\" content=\"OGRODY DZIA\u0141KOWE S\u0141ONECZNA POLANA PAWLIKOWICE\" \/>\n<meta property=\"article:modified_time\" content=\"2018-04-19T18:54:01+00:00\" \/>\n<meta property=\"og:image\" content=\"https:\/\/rodslonecznapolana.pl\/wp-content\/uploads\/2017\/08\/images.png\" \/>\n\t<meta property=\"og:image:width\" content=\"240\" \/>\n\t<meta property=\"og:image:height\" content=\"180\" \/>\n\t<meta property=\"og:image:type\" content=\"image\/png\" \/>\n<meta name=\"twitter:card\" content=\"summary_large_image\" \/>\n<script type=\"application\/ld+json\" class=\"yoast-schema-graph\">{\"@context\":\"https:\/\/schema.org\",\"@graph\":[{\"@type\":\"WebPage\",\"@id\":\"https:\/\/rodslonecznapolana.pl\/index.php\/prawo\/\",\"url\":\"https:\/\/rodslonecznapolana.pl\/index.php\/prawo\/\",\"name\":\"Prawo - OGRODY DZIA\u0141KOWE S\u0141ONECZNA POLANA PAWLIKOWICE\",\"isPartOf\":{\"@id\":\"https:\/\/rodslonecznapolana.pl\/#website\"},\"primaryImageOfPage\":{\"@id\":\"https:\/\/rodslonecznapolana.pl\/index.php\/prawo\/#primaryimage\"},\"image\":{\"@id\":\"https:\/\/rodslonecznapolana.pl\/index.php\/prawo\/#primaryimage\"},\"thumbnailUrl\":\"https:\/\/rodslonecznapolana.pl\/wp-content\/uploads\/2017\/08\/images.png\",\"datePublished\":\"2017-08-14T05:09:07+00:00\",\"dateModified\":\"2018-04-19T18:54:01+00:00\",\"breadcrumb\":{\"@id\":\"https:\/\/rodslonecznapolana.pl\/index.php\/prawo\/#breadcrumb\"},\"inLanguage\":\"pl-PL\",\"potentialAction\":[{\"@type\":\"ReadAction\",\"target\":[\"https:\/\/rodslonecznapolana.pl\/index.php\/prawo\/\"]}]},{\"@type\":\"ImageObject\",\"inLanguage\":\"pl-PL\",\"@id\":\"https:\/\/rodslonecznapolana.pl\/index.php\/prawo\/#primaryimage\",\"url\":\"https:\/\/rodslonecznapolana.pl\/wp-content\/uploads\/2017\/08\/images.png\",\"contentUrl\":\"https:\/\/rodslonecznapolana.pl\/wp-content\/uploads\/2017\/08\/images.png\",\"width\":240,\"height\":180},{\"@type\":\"BreadcrumbList\",\"@id\":\"https:\/\/rodslonecznapolana.pl\/index.php\/prawo\/#breadcrumb\",\"itemListElement\":[{\"@type\":\"ListItem\",\"position\":1,\"name\":\"Strona g\u0142\u00f3wna\",\"item\":\"https:\/\/rodslonecznapolana.pl\/\"},{\"@type\":\"ListItem\",\"position\":2,\"name\":\"Prawo\"}]},{\"@type\":\"WebSite\",\"@id\":\"https:\/\/rodslonecznapolana.pl\/#website\",\"url\":\"https:\/\/rodslonecznapolana.pl\/\",\"name\":\"OGRODY DZIA\u0141KOWE S\u0141ONECZNA POLANA PAWLIKOWICE\",\"description\":\"\",\"potentialAction\":[{\"@type\":\"SearchAction\",\"target\":{\"@type\":\"EntryPoint\",\"urlTemplate\":\"https:\/\/rodslonecznapolana.pl\/?s={search_term_string}\"},\"query-input\":\"required name=search_term_string\"}],\"inLanguage\":\"pl-PL\"}]}<\/script>\n<!-- \/ Yoast SEO plugin. -->","yoast_head_json":{"title":"Prawo - OGRODY DZIA\u0141KOWE S\u0141ONECZNA POLANA PAWLIKOWICE","robots":{"index":"index","follow":"follow","max-snippet":"max-snippet:-1","max-image-preview":"max-image-preview:large","max-video-preview":"max-video-preview:-1"},"canonical":"https:\/\/rodslonecznapolana.pl\/index.php\/prawo\/","og_locale":"pl_PL","og_type":"article","og_title":"Prawo - OGRODY DZIA\u0141KOWE S\u0141ONECZNA POLANA PAWLIKOWICE","og_description":"REGULAMIN_ROD_(uchwalony_2015)_obowi\u0105zuje_od_01.01.2016.pdf STATUT POLSKIEGO ZWI\u0104ZK\u00d3W DZIA\u0141KOWC\u00d3W USTAWA_dzia\u0142kowa_opublikowana_w_Dzienniku_Ustaw.pdf Wniosek_o_zatwierdzenie_umowy_przeniesienia_praw_do_dzia\u0142ki.doc Wz\u00f3r_deklaracji_czlonkowskiej.docx wz\u00f3r_nr_1_umowa_przeniesienia_praw_do_dzia\u0142ki.docx","og_url":"https:\/\/rodslonecznapolana.pl\/index.php\/prawo\/","og_site_name":"OGRODY DZIA\u0141KOWE S\u0141ONECZNA POLANA PAWLIKOWICE","article_modified_time":"2018-04-19T18:54:01+00:00","og_image":[{"width":240,"height":180,"url":"https:\/\/rodslonecznapolana.pl\/wp-content\/uploads\/2017\/08\/images.png","type":"image\/png"}],"twitter_card":"summary_large_image","schema":{"@context":"https:\/\/schema.org","@graph":[{"@type":"WebPage","@id":"https:\/\/rodslonecznapolana.pl\/index.php\/prawo\/","url":"https:\/\/rodslonecznapolana.pl\/index.php\/prawo\/","name":"Prawo - OGRODY DZIA\u0141KOWE S\u0141ONECZNA POLANA PAWLIKOWICE","isPartOf":{"@id":"https:\/\/rodslonecznapolana.pl\/#website"},"primaryImageOfPage":{"@id":"https:\/\/rodslonecznapolana.pl\/index.php\/prawo\/#primaryimage"},"image":{"@id":"https:\/\/rodslonecznapolana.pl\/index.php\/prawo\/#primaryimage"},"thumbnailUrl":"https:\/\/rodslonecznapolana.pl\/wp-content\/uploads\/2017\/08\/images.png","datePublished":"2017-08-14T05:09:07+00:00","dateModified":"2018-04-19T18:54:01+00:00","breadcrumb":{"@id":"https:\/\/rodslonecznapolana.pl\/index.php\/prawo\/#breadcrumb"},"inLanguage":"pl-PL","potentialAction":[{"@type":"ReadAction","target":["https:\/\/rodslonecznapolana.pl\/index.php\/prawo\/"]}]},{"@type":"ImageObject","inLanguage":"pl-PL","@id":"https:\/\/rodslonecznapolana.pl\/index.php\/prawo\/#primaryimage","url":"https:\/\/rodslonecznapolana.pl\/wp-content\/uploads\/2017\/08\/images.png","contentUrl":"https:\/\/rodslonecznapolana.pl\/wp-content\/uploads\/2017\/08\/images.png","width":240,"height":180},{"@type":"BreadcrumbList","@id":"https:\/\/rodslonecznapolana.pl\/index.php\/prawo\/#breadcrumb","itemListElement":[{"@type":"ListItem","position":1,"name":"Strona g\u0142\u00f3wna","item":"https:\/\/rodslonecznapolana.pl\/"},{"@type":"ListItem","position":2,"name":"Prawo"}]},{"@type":"WebSite","@id":"https:\/\/rodslonecznapolana.pl\/#website","url":"https:\/\/rodslonecznapolana.pl\/","name":"OGRODY DZIA\u0141KOWE S\u0141ONECZNA POLANA PAWLIKOWICE","description":"","potentialAction":[{"@type":"SearchAction","target":{"@type":"EntryPoint","urlTemplate":"https:\/\/rodslonecznapolana.pl\/?s={search_term_string}"},"query-input":"required name=search_term_string"}],"inLanguage":"pl-PL"}]}},"_links":{"self":[{"href":"https:\/\/rodslonecznapolana.pl\/index.php\/wp-json\/wp\/v2\/pages\/12"}],"collection":[{"href":"https:\/\/rodslonecznapolana.pl\/index.php\/wp-json\/wp\/v2\/pages"}],"about":[{"href":"https:\/\/rodslonecznapolana.pl\/index.php\/wp-json\/wp\/v2\/types\/page"}],"author":[{"embeddable":true,"href":"https:\/\/rodslonecznapolana.pl\/index.php\/wp-json\/wp\/v2\/users\/3"}],"replies":[{"embeddable":true,"href":"https:\/\/rodslonecznapolana.pl\/index.php\/wp-json\/wp\/v2\/comments?post=12"}],"version-history":[{"count":9,"href":"https:\/\/rodslonecznapolana.pl\/index.php\/wp-json\/wp\/v2\/pages\/12\/revisions"}],"predecessor-version":[{"id":975,"href":"https:\/\/rodslonecznapolana.pl\/index.php\/wp-json\/wp\/v2\/pages\/12\/revisions\/975"}],"wp:featuredmedia":[{"embeddable":true,"href":"https:\/\/rodslonecznapolana.pl\/index.php\/wp-json\/wp\/v2\/media\/460"}],"wp:attachment":[{"href":"https:\/\/rodslonecznapolana.pl\/index.php\/wp-json\/wp\/v2\/media?parent=12"}],"curies":[{"name":"wp","href":"https:\/\/api.w.org\/{rel}","templated":true}]}}