{"id":1650,"date":"2023-07-31T20:12:38","date_gmt":"2023-07-31T18:12:38","guid":{"rendered":"http:\/\/rodslonecznapolana.pl\/?page_id=1650"},"modified":"2023-07-31T20:12:42","modified_gmt":"2023-07-31T18:12:42","slug":"dzien-dziecka_wspomnienie_czerwiec-2023","status":"publish","type":"page","link":"https:\/\/rodslonecznapolana.pl\/index.php\/dzien-dziecka_wspomnienie_czerwiec-2023\/","title":{"rendered":"Dzie\u0144 dziecka_wspomnienie_czerwiec 2023"},"content":{"rendered":"<p><img loading=\"lazy\" decoding=\"async\" class=\"aligncenter size-full wp-image-1651\" src=\"http:\/\/rodslonecznapolana.pl\/wp-content\/uploads\/2023\/07\/20230610_165138.jpg\" alt=\"\" width=\"3192\" height=\"2127\" srcset=\"https:\/\/rodslonecznapolana.pl\/wp-content\/uploads\/2023\/07\/20230610_165138.jpg 3192w, https:\/\/rodslonecznapolana.pl\/wp-content\/uploads\/2023\/07\/20230610_165138-300x200.jpg 300w, https:\/\/rodslonecznapolana.pl\/wp-content\/uploads\/2023\/07\/20230610_165138-768x512.jpg 768w, https:\/\/rodslonecznapolana.pl\/wp-content\/uploads\/2023\/07\/20230610_165138-1024x682.jpg 1024w\" sizes=\"(max-width: 3192px) 100vw, 3192px\" \/> <img loading=\"lazy\" decoding=\"async\" class=\"aligncenter size-full wp-image-1652\" src=\"http:\/\/rodslonecznapolana.pl\/wp-content\/uploads\/2023\/07\/20230610_165248.jpg\" alt=\"\" width=\"1999\" height=\"1333\" srcset=\"https:\/\/rodslonecznapolana.pl\/wp-content\/uploads\/2023\/07\/20230610_165248.jpg 1999w, https:\/\/rodslonecznapolana.pl\/wp-content\/uploads\/2023\/07\/20230610_165248-300x200.jpg 300w, https:\/\/rodslonecznapolana.pl\/wp-content\/uploads\/2023\/07\/20230610_165248-768x512.jpg 768w, https:\/\/rodslonecznapolana.pl\/wp-content\/uploads\/2023\/07\/20230610_165248-1024x683.jpg 1024w\" sizes=\"(max-width: 1999px) 100vw, 1999px\" \/> <img loading=\"lazy\" decoding=\"async\" class=\"aligncenter size-full wp-image-1653\" src=\"http:\/\/rodslonecznapolana.pl\/wp-content\/uploads\/2023\/07\/20230610_165306.jpg\" alt=\"\" width=\"2130\" height=\"1420\" srcset=\"https:\/\/rodslonecznapolana.pl\/wp-content\/uploads\/2023\/07\/20230610_165306.jpg 2130w, https:\/\/rodslonecznapolana.pl\/wp-content\/uploads\/2023\/07\/20230610_165306-300x200.jpg 300w, https:\/\/rodslonecznapolana.pl\/wp-content\/uploads\/2023\/07\/20230610_165306-768x512.jpg 768w, https:\/\/rodslonecznapolana.pl\/wp-content\/uploads\/2023\/07\/20230610_165306-1024x683.jpg 1024w\" sizes=\"(max-width: 2130px) 100vw, 2130px\" \/> <img loading=\"lazy\" decoding=\"async\" class=\"aligncenter size-full wp-image-1654\" src=\"http:\/\/rodslonecznapolana.pl\/wp-content\/uploads\/2023\/07\/20230610_165347.jpg\" alt=\"\" width=\"2439\" height=\"1626\" srcset=\"https:\/\/rodslonecznapolana.pl\/wp-content\/uploads\/2023\/07\/20230610_165347.jpg 2439w, https:\/\/rodslonecznapolana.pl\/wp-content\/uploads\/2023\/07\/20230610_165347-300x200.jpg 300w, https:\/\/rodslonecznapolana.pl\/wp-content\/uploads\/2023\/07\/20230610_165347-768x512.jpg 768w, https:\/\/rodslonecznapolana.pl\/wp-content\/uploads\/2023\/07\/20230610_165347-1024x683.jpg 1024w\" sizes=\"(max-width: 2439px) 100vw, 2439px\" \/> <img loading=\"lazy\" decoding=\"async\" class=\"aligncenter size-full wp-image-1655\" src=\"http:\/\/rodslonecznapolana.pl\/wp-content\/uploads\/2023\/07\/DSC_6517.jpg\" alt=\"\" width=\"800\" height=\"1204\" srcset=\"https:\/\/rodslonecznapolana.pl\/wp-content\/uploads\/2023\/07\/DSC_6517.jpg 800w, https:\/\/rodslonecznapolana.pl\/wp-content\/uploads\/2023\/07\/DSC_6517-199x300.jpg 199w, https:\/\/rodslonecznapolana.pl\/wp-content\/uploads\/2023\/07\/DSC_6517-768x1156.jpg 768w, https:\/\/rodslonecznapolana.pl\/wp-content\/uploads\/2023\/07\/DSC_6517-680x1024.jpg 680w\" sizes=\"(max-width: 800px) 100vw, 800px\" \/> <img loading=\"lazy\" decoding=\"async\" class=\"aligncenter size-full wp-image-1656\" src=\"http:\/\/rodslonecznapolana.pl\/wp-content\/uploads\/2023\/07\/DSC_6527.jpg\" alt=\"\" width=\"700\" height=\"1053\" srcset=\"https:\/\/rodslonecznapolana.pl\/wp-content\/uploads\/2023\/07\/DSC_6527.jpg 700w, https:\/\/rodslonecznapolana.pl\/wp-content\/uploads\/2023\/07\/DSC_6527-199x300.jpg 199w, https:\/\/rodslonecznapolana.pl\/wp-content\/uploads\/2023\/07\/DSC_6527-681x1024.jpg 681w\" sizes=\"(max-width: 700px) 100vw, 700px\" \/> <img loading=\"lazy\" decoding=\"async\" class=\"aligncenter size-full wp-image-1657\" src=\"http:\/\/rodslonecznapolana.pl\/wp-content\/uploads\/2023\/07\/DSC_6528.jpg\" alt=\"\" width=\"1204\" height=\"800\" srcset=\"https:\/\/rodslonecznapolana.pl\/wp-content\/uploads\/2023\/07\/DSC_6528.jpg 1204w, https:\/\/rodslonecznapolana.pl\/wp-content\/uploads\/2023\/07\/DSC_6528-300x199.jpg 300w, https:\/\/rodslonecznapolana.pl\/wp-content\/uploads\/2023\/07\/DSC_6528-768x510.jpg 768w, https:\/\/rodslonecznapolana.pl\/wp-content\/uploads\/2023\/07\/DSC_6528-1024x680.jpg 1024w\" sizes=\"(max-width: 1204px) 100vw, 1204px\" \/> <img loading=\"lazy\" decoding=\"async\" class=\"aligncenter size-full wp-image-1658\" src=\"http:\/\/rodslonecznapolana.pl\/wp-content\/uploads\/2023\/07\/DSC_6555.jpg\" alt=\"\" width=\"800\" height=\"1204\" srcset=\"https:\/\/rodslonecznapolana.pl\/wp-content\/uploads\/2023\/07\/DSC_6555.jpg 800w, https:\/\/rodslonecznapolana.pl\/wp-content\/uploads\/2023\/07\/DSC_6555-199x300.jpg 199w, https:\/\/rodslonecznapolana.pl\/wp-content\/uploads\/2023\/07\/DSC_6555-768x1156.jpg 768w, https:\/\/rodslonecznapolana.pl\/wp-content\/uploads\/2023\/07\/DSC_6555-680x1024.jpg 680w\" sizes=\"(max-width: 800px) 100vw, 800px\" \/> <img loading=\"lazy\" decoding=\"async\" class=\"aligncenter size-full wp-image-1659\" src=\"http:\/\/rodslonecznapolana.pl\/wp-content\/uploads\/2023\/07\/DSC_6563.jpg\" alt=\"\" width=\"800\" height=\"1204\" srcset=\"https:\/\/rodslonecznapolana.pl\/wp-content\/uploads\/2023\/07\/DSC_6563.jpg 800w, https:\/\/rodslonecznapolana.pl\/wp-content\/uploads\/2023\/07\/DSC_6563-199x300.jpg 199w, https:\/\/rodslonecznapolana.pl\/wp-content\/uploads\/2023\/07\/DSC_6563-768x1156.jpg 768w, https:\/\/rodslonecznapolana.pl\/wp-content\/uploads\/2023\/07\/DSC_6563-680x1024.jpg 680w\" sizes=\"(max-width: 800px) 100vw, 800px\" \/> <img loading=\"lazy\" decoding=\"async\" class=\"aligncenter size-full wp-image-1660\" src=\"http:\/\/rodslonecznapolana.pl\/wp-content\/uploads\/2023\/07\/DSC_6571.jpg\" alt=\"\" width=\"1204\" height=\"800\" srcset=\"https:\/\/rodslonecznapolana.pl\/wp-content\/uploads\/2023\/07\/DSC_6571.jpg 1204w, https:\/\/rodslonecznapolana.pl\/wp-content\/uploads\/2023\/07\/DSC_6571-300x199.jpg 300w, https:\/\/rodslonecznapolana.pl\/wp-content\/uploads\/2023\/07\/DSC_6571-768x510.jpg 768w, https:\/\/rodslonecznapolana.pl\/wp-content\/uploads\/2023\/07\/DSC_6571-1024x680.jpg 1024w\" sizes=\"(max-width: 1204px) 100vw, 1204px\" \/> <img loading=\"lazy\" decoding=\"async\" class=\"aligncenter size-full wp-image-1661\" src=\"http:\/\/rodslonecznapolana.pl\/wp-content\/uploads\/2023\/07\/DSC_6577.jpg\" alt=\"\" width=\"800\" height=\"1204\" srcset=\"https:\/\/rodslonecznapolana.pl\/wp-content\/uploads\/2023\/07\/DSC_6577.jpg 800w, https:\/\/rodslonecznapolana.pl\/wp-content\/uploads\/2023\/07\/DSC_6577-199x300.jpg 199w, https:\/\/rodslonecznapolana.pl\/wp-content\/uploads\/2023\/07\/DSC_6577-768x1156.jpg 768w, https:\/\/rodslonecznapolana.pl\/wp-content\/uploads\/2023\/07\/DSC_6577-680x1024.jpg 680w\" sizes=\"(max-width: 800px) 100vw, 800px\" \/> <img loading=\"lazy\" decoding=\"async\" class=\"aligncenter size-full wp-image-1662\" src=\"http:\/\/rodslonecznapolana.pl\/wp-content\/uploads\/2023\/07\/DSC_6587.jpg\" alt=\"\" width=\"800\" height=\"1204\" srcset=\"https:\/\/rodslonecznapolana.pl\/wp-content\/uploads\/2023\/07\/DSC_6587.jpg 800w, https:\/\/rodslonecznapolana.pl\/wp-content\/uploads\/2023\/07\/DSC_6587-199x300.jpg 199w, https:\/\/rodslonecznapolana.pl\/wp-content\/uploads\/2023\/07\/DSC_6587-768x1156.jpg 768w, https:\/\/rodslonecznapolana.pl\/wp-content\/uploads\/2023\/07\/DSC_6587-680x1024.jpg 680w\" sizes=\"(max-width: 800px) 100vw, 800px\" \/> <img loading=\"lazy\" decoding=\"async\" class=\"aligncenter size-full wp-image-1663\" src=\"http:\/\/rodslonecznapolana.pl\/wp-content\/uploads\/2023\/07\/DSC_6590.jpg\" alt=\"\" width=\"800\" height=\"1204\" srcset=\"https:\/\/rodslonecznapolana.pl\/wp-content\/uploads\/2023\/07\/DSC_6590.jpg 800w, https:\/\/rodslonecznapolana.pl\/wp-content\/uploads\/2023\/07\/DSC_6590-199x300.jpg 199w, https:\/\/rodslonecznapolana.pl\/wp-content\/uploads\/2023\/07\/DSC_6590-768x1156.jpg 768w, https:\/\/rodslonecznapolana.pl\/wp-content\/uploads\/2023\/07\/DSC_6590-680x1024.jpg 680w\" sizes=\"(max-width: 800px) 100vw, 800px\" \/> <img loading=\"lazy\" decoding=\"async\" class=\"aligncenter size-full wp-image-1664\" src=\"http:\/\/rodslonecznapolana.pl\/wp-content\/uploads\/2023\/07\/DSC_6592.jpg\" alt=\"\" width=\"800\" height=\"1204\" srcset=\"https:\/\/rodslonecznapolana.pl\/wp-content\/uploads\/2023\/07\/DSC_6592.jpg 800w, https:\/\/rodslonecznapolana.pl\/wp-content\/uploads\/2023\/07\/DSC_6592-199x300.jpg 199w, https:\/\/rodslonecznapolana.pl\/wp-content\/uploads\/2023\/07\/DSC_6592-768x1156.jpg 768w, https:\/\/rodslonecznapolana.pl\/wp-content\/uploads\/2023\/07\/DSC_6592-680x1024.jpg 680w\" sizes=\"(max-width: 800px) 100vw, 800px\" \/> <img loading=\"lazy\" decoding=\"async\" class=\"aligncenter size-full wp-image-1665\" src=\"http:\/\/rodslonecznapolana.pl\/wp-content\/uploads\/2023\/07\/DSC_6616.jpg\" alt=\"\" width=\"800\" height=\"1204\" srcset=\"https:\/\/rodslonecznapolana.pl\/wp-content\/uploads\/2023\/07\/DSC_6616.jpg 800w, https:\/\/rodslonecznapolana.pl\/wp-content\/uploads\/2023\/07\/DSC_6616-199x300.jpg 199w, https:\/\/rodslonecznapolana.pl\/wp-content\/uploads\/2023\/07\/DSC_6616-768x1156.jpg 768w, https:\/\/rodslonecznapolana.pl\/wp-content\/uploads\/2023\/07\/DSC_6616-680x1024.jpg 680w\" sizes=\"(max-width: 800px) 100vw, 800px\" \/> <img loading=\"lazy\" decoding=\"async\" class=\"aligncenter size-full wp-image-1666\" src=\"http:\/\/rodslonecznapolana.pl\/wp-content\/uploads\/2023\/07\/DSC_6618.jpg\" alt=\"\" width=\"800\" height=\"1204\" srcset=\"https:\/\/rodslonecznapolana.pl\/wp-content\/uploads\/2023\/07\/DSC_6618.jpg 800w, https:\/\/rodslonecznapolana.pl\/wp-content\/uploads\/2023\/07\/DSC_6618-199x300.jpg 199w, https:\/\/rodslonecznapolana.pl\/wp-content\/uploads\/2023\/07\/DSC_6618-768x1156.jpg 768w, https:\/\/rodslonecznapolana.pl\/wp-content\/uploads\/2023\/07\/DSC_6618-680x1024.jpg 680w\" sizes=\"(max-width: 800px) 100vw, 800px\" \/> <img loading=\"lazy\" decoding=\"async\" class=\"aligncenter size-full wp-image-1667\" src=\"http:\/\/rodslonecznapolana.pl\/wp-content\/uploads\/2023\/07\/DSC_6620.jpg\" alt=\"\" width=\"800\" height=\"1204\" srcset=\"https:\/\/rodslonecznapolana.pl\/wp-content\/uploads\/2023\/07\/DSC_6620.jpg 800w, https:\/\/rodslonecznapolana.pl\/wp-content\/uploads\/2023\/07\/DSC_6620-199x300.jpg 199w, https:\/\/rodslonecznapolana.pl\/wp-content\/uploads\/2023\/07\/DSC_6620-768x1156.jpg 768w, https:\/\/rodslonecznapolana.pl\/wp-content\/uploads\/2023\/07\/DSC_6620-680x1024.jpg 680w\" sizes=\"(max-width: 800px) 100vw, 800px\" \/> <img loading=\"lazy\" decoding=\"async\" class=\"aligncenter size-full wp-image-1668\" src=\"http:\/\/rodslonecznapolana.pl\/wp-content\/uploads\/2023\/07\/DSC_6622.jpg\" alt=\"\" width=\"800\" height=\"1204\" srcset=\"https:\/\/rodslonecznapolana.pl\/wp-content\/uploads\/2023\/07\/DSC_6622.jpg 800w, https:\/\/rodslonecznapolana.pl\/wp-content\/uploads\/2023\/07\/DSC_6622-199x300.jpg 199w, https:\/\/rodslonecznapolana.pl\/wp-content\/uploads\/2023\/07\/DSC_6622-768x1156.jpg 768w, https:\/\/rodslonecznapolana.pl\/wp-content\/uploads\/2023\/07\/DSC_6622-680x1024.jpg 680w\" sizes=\"(max-width: 800px) 100vw, 800px\" \/> <img loading=\"lazy\" decoding=\"async\" class=\"aligncenter size-full wp-image-1669\" src=\"http:\/\/rodslonecznapolana.pl\/wp-content\/uploads\/2023\/07\/DSC_6623.jpg\" alt=\"\" width=\"800\" height=\"1204\" srcset=\"https:\/\/rodslonecznapolana.pl\/wp-content\/uploads\/2023\/07\/DSC_6623.jpg 800w, https:\/\/rodslonecznapolana.pl\/wp-content\/uploads\/2023\/07\/DSC_6623-199x300.jpg 199w, https:\/\/rodslonecznapolana.pl\/wp-content\/uploads\/2023\/07\/DSC_6623-768x1156.jpg 768w, https:\/\/rodslonecznapolana.pl\/wp-content\/uploads\/2023\/07\/DSC_6623-680x1024.jpg 680w\" sizes=\"(max-width: 800px) 100vw, 800px\" \/> <img loading=\"lazy\" decoding=\"async\" class=\"aligncenter size-full wp-image-1670\" src=\"http:\/\/rodslonecznapolana.pl\/wp-content\/uploads\/2023\/07\/DSC_6625.jpg\" alt=\"\" width=\"1204\" height=\"800\" srcset=\"https:\/\/rodslonecznapolana.pl\/wp-content\/uploads\/2023\/07\/DSC_6625.jpg 1204w, https:\/\/rodslonecznapolana.pl\/wp-content\/uploads\/2023\/07\/DSC_6625-300x199.jpg 300w, https:\/\/rodslonecznapolana.pl\/wp-content\/uploads\/2023\/07\/DSC_6625-768x510.jpg 768w, https:\/\/rodslonecznapolana.pl\/wp-content\/uploads\/2023\/07\/DSC_6625-1024x680.jpg 1024w\" sizes=\"(max-width: 1204px) 100vw, 1204px\" \/> <img loading=\"lazy\" decoding=\"async\" class=\"aligncenter size-full wp-image-1671\" src=\"http:\/\/rodslonecznapolana.pl\/wp-content\/uploads\/2023\/07\/DSC_6639.jpg\" alt=\"\" width=\"1204\" height=\"800\" srcset=\"https:\/\/rodslonecznapolana.pl\/wp-content\/uploads\/2023\/07\/DSC_6639.jpg 1204w, https:\/\/rodslonecznapolana.pl\/wp-content\/uploads\/2023\/07\/DSC_6639-300x199.jpg 300w, https:\/\/rodslonecznapolana.pl\/wp-content\/uploads\/2023\/07\/DSC_6639-768x510.jpg 768w, https:\/\/rodslonecznapolana.pl\/wp-content\/uploads\/2023\/07\/DSC_6639-1024x680.jpg 1024w\" sizes=\"(max-width: 1204px) 100vw, 1204px\" \/> <img loading=\"lazy\" decoding=\"async\" class=\"aligncenter size-full wp-image-1672\" src=\"http:\/\/rodslonecznapolana.pl\/wp-content\/uploads\/2023\/07\/DSC_6640.jpg\" alt=\"\" width=\"1204\" height=\"800\" srcset=\"https:\/\/rodslonecznapolana.pl\/wp-content\/uploads\/2023\/07\/DSC_6640.jpg 1204w, https:\/\/rodslonecznapolana.pl\/wp-content\/uploads\/2023\/07\/DSC_6640-300x199.jpg 300w, https:\/\/rodslonecznapolana.pl\/wp-content\/uploads\/2023\/07\/DSC_6640-768x510.jpg 768w, https:\/\/rodslonecznapolana.pl\/wp-content\/uploads\/2023\/07\/DSC_6640-1024x680.jpg 1024w\" sizes=\"(max-width: 1204px) 100vw, 1204px\" \/><\/p>\n","protected":false},"excerpt":{"rendered":"","protected":false},"author":2,"featured_media":0,"parent":0,"menu_order":0,"comment_status":"closed","ping_status":"closed","template":"","meta":{"footnotes":""},"yoast_head":"<!-- This site is optimized with the Yoast SEO plugin v22.6 - https:\/\/yoast.com\/wordpress\/plugins\/seo\/ -->\n<title>Dzie\u0144 dziecka_wspomnienie_czerwiec 2023 - OGRODY DZIA\u0141KOWE S\u0141ONECZNA POLANA PAWLIKOWICE<\/title>\n<meta name=\"robots\" content=\"index, follow, max-snippet:-1, max-image-preview:large, max-video-preview:-1\" \/>\n<link rel=\"canonical\" href=\"https:\/\/rodslonecznapolana.pl\/index.php\/dzien-dziecka_wspomnienie_czerwiec-2023\/\" \/>\n<meta property=\"og:locale\" content=\"pl_PL\" \/>\n<meta property=\"og:type\" content=\"article\" \/>\n<meta property=\"og:title\" content=\"Dzie\u0144 dziecka_wspomnienie_czerwiec 2023 - OGRODY DZIA\u0141KOWE S\u0141ONECZNA POLANA PAWLIKOWICE\" \/>\n<meta property=\"og:url\" content=\"https:\/\/rodslonecznapolana.pl\/index.php\/dzien-dziecka_wspomnienie_czerwiec-2023\/\" \/>\n<meta property=\"og:site_name\" content=\"OGRODY DZIA\u0141KOWE S\u0141ONECZNA POLANA PAWLIKOWICE\" \/>\n<meta property=\"article:modified_time\" content=\"2023-07-31T18:12:42+00:00\" \/>\n<meta property=\"og:image\" content=\"http:\/\/rodslonecznapolana.pl\/wp-content\/uploads\/2023\/07\/20230610_165138.jpg\" \/>\n<meta name=\"twitter:card\" content=\"summary_large_image\" \/>\n<script type=\"application\/ld+json\" class=\"yoast-schema-graph\">{\"@context\":\"https:\/\/schema.org\",\"@graph\":[{\"@type\":\"WebPage\",\"@id\":\"https:\/\/rodslonecznapolana.pl\/index.php\/dzien-dziecka_wspomnienie_czerwiec-2023\/\",\"url\":\"https:\/\/rodslonecznapolana.pl\/index.php\/dzien-dziecka_wspomnienie_czerwiec-2023\/\",\"name\":\"Dzie\u0144 dziecka_wspomnienie_czerwiec 2023 - OGRODY DZIA\u0141KOWE S\u0141ONECZNA POLANA PAWLIKOWICE\",\"isPartOf\":{\"@id\":\"https:\/\/rodslonecznapolana.pl\/#website\"},\"primaryImageOfPage\":{\"@id\":\"https:\/\/rodslonecznapolana.pl\/index.php\/dzien-dziecka_wspomnienie_czerwiec-2023\/#primaryimage\"},\"image\":{\"@id\":\"https:\/\/rodslonecznapolana.pl\/index.php\/dzien-dziecka_wspomnienie_czerwiec-2023\/#primaryimage\"},\"thumbnailUrl\":\"http:\/\/rodslonecznapolana.pl\/wp-content\/uploads\/2023\/07\/20230610_165138.jpg\",\"datePublished\":\"2023-07-31T18:12:38+00:00\",\"dateModified\":\"2023-07-31T18:12:42+00:00\",\"breadcrumb\":{\"@id\":\"https:\/\/rodslonecznapolana.pl\/index.php\/dzien-dziecka_wspomnienie_czerwiec-2023\/#breadcrumb\"},\"inLanguage\":\"pl-PL\",\"potentialAction\":[{\"@type\":\"ReadAction\",\"target\":[\"https:\/\/rodslonecznapolana.pl\/index.php\/dzien-dziecka_wspomnienie_czerwiec-2023\/\"]}]},{\"@type\":\"ImageObject\",\"inLanguage\":\"pl-PL\",\"@id\":\"https:\/\/rodslonecznapolana.pl\/index.php\/dzien-dziecka_wspomnienie_czerwiec-2023\/#primaryimage\",\"url\":\"https:\/\/rodslonecznapolana.pl\/wp-content\/uploads\/2023\/07\/20230610_165138.jpg\",\"contentUrl\":\"https:\/\/rodslonecznapolana.pl\/wp-content\/uploads\/2023\/07\/20230610_165138.jpg\",\"width\":3192,\"height\":2127},{\"@type\":\"BreadcrumbList\",\"@id\":\"https:\/\/rodslonecznapolana.pl\/index.php\/dzien-dziecka_wspomnienie_czerwiec-2023\/#breadcrumb\",\"itemListElement\":[{\"@type\":\"ListItem\",\"position\":1,\"name\":\"Strona g\u0142\u00f3wna\",\"item\":\"https:\/\/rodslonecznapolana.pl\/\"},{\"@type\":\"ListItem\",\"position\":2,\"name\":\"Dzie\u0144 dziecka_wspomnienie_czerwiec 2023\"}]},{\"@type\":\"WebSite\",\"@id\":\"https:\/\/rodslonecznapolana.pl\/#website\",\"url\":\"https:\/\/rodslonecznapolana.pl\/\",\"name\":\"OGRODY DZIA\u0141KOWE S\u0141ONECZNA POLANA PAWLIKOWICE\",\"description\":\"\",\"potentialAction\":[{\"@type\":\"SearchAction\",\"target\":{\"@type\":\"EntryPoint\",\"urlTemplate\":\"https:\/\/rodslonecznapolana.pl\/?s={search_term_string}\"},\"query-input\":\"required name=search_term_string\"}],\"inLanguage\":\"pl-PL\"}]}<\/script>\n<!-- \/ Yoast SEO plugin. -->","yoast_head_json":{"title":"Dzie\u0144 dziecka_wspomnienie_czerwiec 2023 - OGRODY DZIA\u0141KOWE S\u0141ONECZNA POLANA PAWLIKOWICE","robots":{"index":"index","follow":"follow","max-snippet":"max-snippet:-1","max-image-preview":"max-image-preview:large","max-video-preview":"max-video-preview:-1"},"canonical":"https:\/\/rodslonecznapolana.pl\/index.php\/dzien-dziecka_wspomnienie_czerwiec-2023\/","og_locale":"pl_PL","og_type":"article","og_title":"Dzie\u0144 dziecka_wspomnienie_czerwiec 2023 - OGRODY DZIA\u0141KOWE S\u0141ONECZNA POLANA PAWLIKOWICE","og_url":"https:\/\/rodslonecznapolana.pl\/index.php\/dzien-dziecka_wspomnienie_czerwiec-2023\/","og_site_name":"OGRODY DZIA\u0141KOWE S\u0141ONECZNA POLANA PAWLIKOWICE","article_modified_time":"2023-07-31T18:12:42+00:00","og_image":[{"url":"http:\/\/rodslonecznapolana.pl\/wp-content\/uploads\/2023\/07\/20230610_165138.jpg"}],"twitter_card":"summary_large_image","schema":{"@context":"https:\/\/schema.org","@graph":[{"@type":"WebPage","@id":"https:\/\/rodslonecznapolana.pl\/index.php\/dzien-dziecka_wspomnienie_czerwiec-2023\/","url":"https:\/\/rodslonecznapolana.pl\/index.php\/dzien-dziecka_wspomnienie_czerwiec-2023\/","name":"Dzie\u0144 dziecka_wspomnienie_czerwiec 2023 - OGRODY DZIA\u0141KOWE S\u0141ONECZNA POLANA PAWLIKOWICE","isPartOf":{"@id":"https:\/\/rodslonecznapolana.pl\/#website"},"primaryImageOfPage":{"@id":"https:\/\/rodslonecznapolana.pl\/index.php\/dzien-dziecka_wspomnienie_czerwiec-2023\/#primaryimage"},"image":{"@id":"https:\/\/rodslonecznapolana.pl\/index.php\/dzien-dziecka_wspomnienie_czerwiec-2023\/#primaryimage"},"thumbnailUrl":"http:\/\/rodslonecznapolana.pl\/wp-content\/uploads\/2023\/07\/20230610_165138.jpg","datePublished":"2023-07-31T18:12:38+00:00","dateModified":"2023-07-31T18:12:42+00:00","breadcrumb":{"@id":"https:\/\/rodslonecznapolana.pl\/index.php\/dzien-dziecka_wspomnienie_czerwiec-2023\/#breadcrumb"},"inLanguage":"pl-PL","potentialAction":[{"@type":"ReadAction","target":["https:\/\/rodslonecznapolana.pl\/index.php\/dzien-dziecka_wspomnienie_czerwiec-2023\/"]}]},{"@type":"ImageObject","inLanguage":"pl-PL","@id":"https:\/\/rodslonecznapolana.pl\/index.php\/dzien-dziecka_wspomnienie_czerwiec-2023\/#primaryimage","url":"https:\/\/rodslonecznapolana.pl\/wp-content\/uploads\/2023\/07\/20230610_165138.jpg","contentUrl":"https:\/\/rodslonecznapolana.pl\/wp-content\/uploads\/2023\/07\/20230610_165138.jpg","width":3192,"height":2127},{"@type":"BreadcrumbList","@id":"https:\/\/rodslonecznapolana.pl\/index.php\/dzien-dziecka_wspomnienie_czerwiec-2023\/#breadcrumb","itemListElement":[{"@type":"ListItem","position":1,"name":"Strona g\u0142\u00f3wna","item":"https:\/\/rodslonecznapolana.pl\/"},{"@type":"ListItem","position":2,"name":"Dzie\u0144 dziecka_wspomnienie_czerwiec 2023"}]},{"@type":"WebSite","@id":"https:\/\/rodslonecznapolana.pl\/#website","url":"https:\/\/rodslonecznapolana.pl\/","name":"OGRODY DZIA\u0141KOWE S\u0141ONECZNA POLANA PAWLIKOWICE","description":"","potentialAction":[{"@type":"SearchAction","target":{"@type":"EntryPoint","urlTemplate":"https:\/\/rodslonecznapolana.pl\/?s={search_term_string}"},"query-input":"required name=search_term_string"}],"inLanguage":"pl-PL"}]}},"_links":{"self":[{"href":"https:\/\/rodslonecznapolana.pl\/index.php\/wp-json\/wp\/v2\/pages\/1650"}],"collection":[{"href":"https:\/\/rodslonecznapolana.pl\/index.php\/wp-json\/wp\/v2\/pages"}],"about":[{"href":"https:\/\/rodslonecznapolana.pl\/index.php\/wp-json\/wp\/v2\/types\/page"}],"author":[{"embeddable":true,"href":"https:\/\/rodslonecznapolana.pl\/index.php\/wp-json\/wp\/v2\/users\/2"}],"replies":[{"embeddable":true,"href":"https:\/\/rodslonecznapolana.pl\/index.php\/wp-json\/wp\/v2\/comments?post=1650"}],"version-history":[{"count":1,"href":"https:\/\/rodslonecznapolana.pl\/index.php\/wp-json\/wp\/v2\/pages\/1650\/revisions"}],"predecessor-version":[{"id":1673,"href":"https:\/\/rodslonecznapolana.pl\/index.php\/wp-json\/wp\/v2\/pages\/1650\/revisions\/1673"}],"wp:attachment":[{"href":"https:\/\/rodslonecznapolana.pl\/index.php\/wp-json\/wp\/v2\/media?parent=1650"}],"curies":[{"name":"wp","href":"https:\/\/api.w.org\/{rel}","templated":true}]}}