{"id":1687,"date":"2023-07-31T20:38:02","date_gmt":"2023-07-31T18:38:02","guid":{"rendered":"http:\/\/rodslonecznapolana.pl\/?page_id=1687"},"modified":"2023-07-31T20:38:33","modified_gmt":"2023-07-31T18:38:33","slug":"dzien-dziecka-czerwiec-2023-4","status":"publish","type":"page","link":"https:\/\/rodslonecznapolana.pl\/index.php\/dzien-dziecka-czerwiec-2023-4\/","title":{"rendered":"Dzie\u0144 dziecka czerwiec 2023"},"content":{"rendered":"<p><img loading=\"lazy\" decoding=\"async\" class=\"aligncenter size-medium wp-image-1688\" src=\"http:\/\/rodslonecznapolana.pl\/wp-content\/uploads\/2023\/07\/20230610_165138-1-300x200.jpg\" alt=\"\" width=\"300\" height=\"200\" srcset=\"https:\/\/rodslonecznapolana.pl\/wp-content\/uploads\/2023\/07\/20230610_165138-1-300x200.jpg 300w, https:\/\/rodslonecznapolana.pl\/wp-content\/uploads\/2023\/07\/20230610_165138-1-768x512.jpg 768w, https:\/\/rodslonecznapolana.pl\/wp-content\/uploads\/2023\/07\/20230610_165138-1-1024x682.jpg 1024w\" sizes=\"(max-width: 300px) 100vw, 300px\" \/> <img loading=\"lazy\" decoding=\"async\" class=\"aligncenter size-full wp-image-1689\" src=\"http:\/\/rodslonecznapolana.pl\/wp-content\/uploads\/2023\/07\/20230610_165248-1.jpg\" alt=\"\" width=\"1999\" height=\"1333\" srcset=\"https:\/\/rodslonecznapolana.pl\/wp-content\/uploads\/2023\/07\/20230610_165248-1.jpg 1999w, https:\/\/rodslonecznapolana.pl\/wp-content\/uploads\/2023\/07\/20230610_165248-1-300x200.jpg 300w, https:\/\/rodslonecznapolana.pl\/wp-content\/uploads\/2023\/07\/20230610_165248-1-768x512.jpg 768w, https:\/\/rodslonecznapolana.pl\/wp-content\/uploads\/2023\/07\/20230610_165248-1-1024x683.jpg 1024w\" sizes=\"(max-width: 1999px) 100vw, 1999px\" \/> <img loading=\"lazy\" decoding=\"async\" class=\"aligncenter size-full wp-image-1690\" src=\"http:\/\/rodslonecznapolana.pl\/wp-content\/uploads\/2023\/07\/20230610_165306-1.jpg\" alt=\"\" width=\"2130\" height=\"1420\" srcset=\"https:\/\/rodslonecznapolana.pl\/wp-content\/uploads\/2023\/07\/20230610_165306-1.jpg 2130w, https:\/\/rodslonecznapolana.pl\/wp-content\/uploads\/2023\/07\/20230610_165306-1-300x200.jpg 300w, https:\/\/rodslonecznapolana.pl\/wp-content\/uploads\/2023\/07\/20230610_165306-1-768x512.jpg 768w, https:\/\/rodslonecznapolana.pl\/wp-content\/uploads\/2023\/07\/20230610_165306-1-1024x683.jpg 1024w\" sizes=\"(max-width: 2130px) 100vw, 2130px\" \/> <img loading=\"lazy\" decoding=\"async\" class=\"aligncenter size-full wp-image-1691\" src=\"http:\/\/rodslonecznapolana.pl\/wp-content\/uploads\/2023\/07\/20230610_165347-1.jpg\" alt=\"\" width=\"2439\" height=\"1626\" srcset=\"https:\/\/rodslonecznapolana.pl\/wp-content\/uploads\/2023\/07\/20230610_165347-1.jpg 2439w, https:\/\/rodslonecznapolana.pl\/wp-content\/uploads\/2023\/07\/20230610_165347-1-300x200.jpg 300w, https:\/\/rodslonecznapolana.pl\/wp-content\/uploads\/2023\/07\/20230610_165347-1-768x512.jpg 768w, https:\/\/rodslonecznapolana.pl\/wp-content\/uploads\/2023\/07\/20230610_165347-1-1024x683.jpg 1024w\" sizes=\"(max-width: 2439px) 100vw, 2439px\" \/> <img loading=\"lazy\" decoding=\"async\" class=\"aligncenter size-full wp-image-1692\" src=\"http:\/\/rodslonecznapolana.pl\/wp-content\/uploads\/2023\/07\/DSC_6517-1.jpg\" alt=\"\" width=\"800\" height=\"1204\" srcset=\"https:\/\/rodslonecznapolana.pl\/wp-content\/uploads\/2023\/07\/DSC_6517-1.jpg 800w, https:\/\/rodslonecznapolana.pl\/wp-content\/uploads\/2023\/07\/DSC_6517-1-199x300.jpg 199w, https:\/\/rodslonecznapolana.pl\/wp-content\/uploads\/2023\/07\/DSC_6517-1-768x1156.jpg 768w, https:\/\/rodslonecznapolana.pl\/wp-content\/uploads\/2023\/07\/DSC_6517-1-680x1024.jpg 680w\" sizes=\"(max-width: 800px) 100vw, 800px\" \/> <img loading=\"lazy\" decoding=\"async\" class=\"aligncenter size-full wp-image-1693\" src=\"http:\/\/rodslonecznapolana.pl\/wp-content\/uploads\/2023\/07\/DSC_6527-1.jpg\" alt=\"\" width=\"700\" height=\"1053\" srcset=\"https:\/\/rodslonecznapolana.pl\/wp-content\/uploads\/2023\/07\/DSC_6527-1.jpg 700w, https:\/\/rodslonecznapolana.pl\/wp-content\/uploads\/2023\/07\/DSC_6527-1-199x300.jpg 199w, https:\/\/rodslonecznapolana.pl\/wp-content\/uploads\/2023\/07\/DSC_6527-1-681x1024.jpg 681w\" sizes=\"(max-width: 700px) 100vw, 700px\" \/> <img loading=\"lazy\" decoding=\"async\" class=\"aligncenter size-full wp-image-1694\" src=\"http:\/\/rodslonecznapolana.pl\/wp-content\/uploads\/2023\/07\/DSC_6528-1.jpg\" alt=\"\" width=\"1204\" height=\"800\" srcset=\"https:\/\/rodslonecznapolana.pl\/wp-content\/uploads\/2023\/07\/DSC_6528-1.jpg 1204w, https:\/\/rodslonecznapolana.pl\/wp-content\/uploads\/2023\/07\/DSC_6528-1-300x199.jpg 300w, https:\/\/rodslonecznapolana.pl\/wp-content\/uploads\/2023\/07\/DSC_6528-1-768x510.jpg 768w, https:\/\/rodslonecznapolana.pl\/wp-content\/uploads\/2023\/07\/DSC_6528-1-1024x680.jpg 1024w\" sizes=\"(max-width: 1204px) 100vw, 1204px\" \/> <img loading=\"lazy\" decoding=\"async\" class=\"aligncenter size-full wp-image-1695\" src=\"http:\/\/rodslonecznapolana.pl\/wp-content\/uploads\/2023\/07\/DSC_6555-1.jpg\" alt=\"\" width=\"800\" height=\"1204\" srcset=\"https:\/\/rodslonecznapolana.pl\/wp-content\/uploads\/2023\/07\/DSC_6555-1.jpg 800w, https:\/\/rodslonecznapolana.pl\/wp-content\/uploads\/2023\/07\/DSC_6555-1-199x300.jpg 199w, https:\/\/rodslonecznapolana.pl\/wp-content\/uploads\/2023\/07\/DSC_6555-1-768x1156.jpg 768w, https:\/\/rodslonecznapolana.pl\/wp-content\/uploads\/2023\/07\/DSC_6555-1-680x1024.jpg 680w\" sizes=\"(max-width: 800px) 100vw, 800px\" \/> <img loading=\"lazy\" decoding=\"async\" class=\"aligncenter size-full wp-image-1696\" src=\"http:\/\/rodslonecznapolana.pl\/wp-content\/uploads\/2023\/07\/DSC_6563-1.jpg\" alt=\"\" width=\"800\" height=\"1204\" srcset=\"https:\/\/rodslonecznapolana.pl\/wp-content\/uploads\/2023\/07\/DSC_6563-1.jpg 800w, https:\/\/rodslonecznapolana.pl\/wp-content\/uploads\/2023\/07\/DSC_6563-1-199x300.jpg 199w, https:\/\/rodslonecznapolana.pl\/wp-content\/uploads\/2023\/07\/DSC_6563-1-768x1156.jpg 768w, https:\/\/rodslonecznapolana.pl\/wp-content\/uploads\/2023\/07\/DSC_6563-1-680x1024.jpg 680w\" sizes=\"(max-width: 800px) 100vw, 800px\" \/> <img loading=\"lazy\" decoding=\"async\" class=\"aligncenter size-full wp-image-1697\" src=\"http:\/\/rodslonecznapolana.pl\/wp-content\/uploads\/2023\/07\/DSC_6571-1.jpg\" alt=\"\" width=\"1204\" height=\"800\" srcset=\"https:\/\/rodslonecznapolana.pl\/wp-content\/uploads\/2023\/07\/DSC_6571-1.jpg 1204w, https:\/\/rodslonecznapolana.pl\/wp-content\/uploads\/2023\/07\/DSC_6571-1-300x199.jpg 300w, https:\/\/rodslonecznapolana.pl\/wp-content\/uploads\/2023\/07\/DSC_6571-1-768x510.jpg 768w, https:\/\/rodslonecznapolana.pl\/wp-content\/uploads\/2023\/07\/DSC_6571-1-1024x680.jpg 1024w\" sizes=\"(max-width: 1204px) 100vw, 1204px\" \/> <img loading=\"lazy\" decoding=\"async\" class=\"aligncenter size-full wp-image-1698\" src=\"http:\/\/rodslonecznapolana.pl\/wp-content\/uploads\/2023\/07\/DSC_6577-1.jpg\" alt=\"\" width=\"800\" height=\"1204\" srcset=\"https:\/\/rodslonecznapolana.pl\/wp-content\/uploads\/2023\/07\/DSC_6577-1.jpg 800w, https:\/\/rodslonecznapolana.pl\/wp-content\/uploads\/2023\/07\/DSC_6577-1-199x300.jpg 199w, https:\/\/rodslonecznapolana.pl\/wp-content\/uploads\/2023\/07\/DSC_6577-1-768x1156.jpg 768w, https:\/\/rodslonecznapolana.pl\/wp-content\/uploads\/2023\/07\/DSC_6577-1-680x1024.jpg 680w\" sizes=\"(max-width: 800px) 100vw, 800px\" \/> <img loading=\"lazy\" decoding=\"async\" class=\"aligncenter size-full wp-image-1699\" src=\"http:\/\/rodslonecznapolana.pl\/wp-content\/uploads\/2023\/07\/DSC_6587-1.jpg\" alt=\"\" width=\"800\" height=\"1204\" srcset=\"https:\/\/rodslonecznapolana.pl\/wp-content\/uploads\/2023\/07\/DSC_6587-1.jpg 800w, https:\/\/rodslonecznapolana.pl\/wp-content\/uploads\/2023\/07\/DSC_6587-1-199x300.jpg 199w, https:\/\/rodslonecznapolana.pl\/wp-content\/uploads\/2023\/07\/DSC_6587-1-768x1156.jpg 768w, https:\/\/rodslonecznapolana.pl\/wp-content\/uploads\/2023\/07\/DSC_6587-1-680x1024.jpg 680w\" sizes=\"(max-width: 800px) 100vw, 800px\" \/> <img loading=\"lazy\" decoding=\"async\" class=\"aligncenter size-full wp-image-1700\" src=\"http:\/\/rodslonecznapolana.pl\/wp-content\/uploads\/2023\/07\/DSC_6590-1.jpg\" alt=\"\" width=\"800\" height=\"1204\" srcset=\"https:\/\/rodslonecznapolana.pl\/wp-content\/uploads\/2023\/07\/DSC_6590-1.jpg 800w, https:\/\/rodslonecznapolana.pl\/wp-content\/uploads\/2023\/07\/DSC_6590-1-199x300.jpg 199w, https:\/\/rodslonecznapolana.pl\/wp-content\/uploads\/2023\/07\/DSC_6590-1-768x1156.jpg 768w, https:\/\/rodslonecznapolana.pl\/wp-content\/uploads\/2023\/07\/DSC_6590-1-680x1024.jpg 680w\" sizes=\"(max-width: 800px) 100vw, 800px\" \/> <img loading=\"lazy\" decoding=\"async\" class=\"aligncenter size-full wp-image-1701\" src=\"http:\/\/rodslonecznapolana.pl\/wp-content\/uploads\/2023\/07\/DSC_6592-1.jpg\" alt=\"\" width=\"800\" height=\"1204\" srcset=\"https:\/\/rodslonecznapolana.pl\/wp-content\/uploads\/2023\/07\/DSC_6592-1.jpg 800w, https:\/\/rodslonecznapolana.pl\/wp-content\/uploads\/2023\/07\/DSC_6592-1-199x300.jpg 199w, https:\/\/rodslonecznapolana.pl\/wp-content\/uploads\/2023\/07\/DSC_6592-1-768x1156.jpg 768w, https:\/\/rodslonecznapolana.pl\/wp-content\/uploads\/2023\/07\/DSC_6592-1-680x1024.jpg 680w\" sizes=\"(max-width: 800px) 100vw, 800px\" \/> <img loading=\"lazy\" decoding=\"async\" class=\"aligncenter size-full wp-image-1702\" src=\"http:\/\/rodslonecznapolana.pl\/wp-content\/uploads\/2023\/07\/DSC_6616-1.jpg\" alt=\"\" width=\"800\" height=\"1204\" srcset=\"https:\/\/rodslonecznapolana.pl\/wp-content\/uploads\/2023\/07\/DSC_6616-1.jpg 800w, https:\/\/rodslonecznapolana.pl\/wp-content\/uploads\/2023\/07\/DSC_6616-1-199x300.jpg 199w, https:\/\/rodslonecznapolana.pl\/wp-content\/uploads\/2023\/07\/DSC_6616-1-768x1156.jpg 768w, https:\/\/rodslonecznapolana.pl\/wp-content\/uploads\/2023\/07\/DSC_6616-1-680x1024.jpg 680w\" sizes=\"(max-width: 800px) 100vw, 800px\" \/> <img loading=\"lazy\" decoding=\"async\" class=\"aligncenter size-full wp-image-1703\" src=\"http:\/\/rodslonecznapolana.pl\/wp-content\/uploads\/2023\/07\/DSC_6618-1.jpg\" alt=\"\" width=\"800\" height=\"1204\" srcset=\"https:\/\/rodslonecznapolana.pl\/wp-content\/uploads\/2023\/07\/DSC_6618-1.jpg 800w, https:\/\/rodslonecznapolana.pl\/wp-content\/uploads\/2023\/07\/DSC_6618-1-199x300.jpg 199w, https:\/\/rodslonecznapolana.pl\/wp-content\/uploads\/2023\/07\/DSC_6618-1-768x1156.jpg 768w, https:\/\/rodslonecznapolana.pl\/wp-content\/uploads\/2023\/07\/DSC_6618-1-680x1024.jpg 680w\" sizes=\"(max-width: 800px) 100vw, 800px\" \/> <img loading=\"lazy\" decoding=\"async\" class=\"aligncenter size-full wp-image-1704\" src=\"http:\/\/rodslonecznapolana.pl\/wp-content\/uploads\/2023\/07\/DSC_6620-1.jpg\" alt=\"\" width=\"800\" height=\"1204\" srcset=\"https:\/\/rodslonecznapolana.pl\/wp-content\/uploads\/2023\/07\/DSC_6620-1.jpg 800w, https:\/\/rodslonecznapolana.pl\/wp-content\/uploads\/2023\/07\/DSC_6620-1-199x300.jpg 199w, https:\/\/rodslonecznapolana.pl\/wp-content\/uploads\/2023\/07\/DSC_6620-1-768x1156.jpg 768w, https:\/\/rodslonecznapolana.pl\/wp-content\/uploads\/2023\/07\/DSC_6620-1-680x1024.jpg 680w\" sizes=\"(max-width: 800px) 100vw, 800px\" \/> <img loading=\"lazy\" decoding=\"async\" class=\"aligncenter size-full wp-image-1705\" src=\"http:\/\/rodslonecznapolana.pl\/wp-content\/uploads\/2023\/07\/DSC_6622-1.jpg\" alt=\"\" width=\"800\" height=\"1204\" srcset=\"https:\/\/rodslonecznapolana.pl\/wp-content\/uploads\/2023\/07\/DSC_6622-1.jpg 800w, https:\/\/rodslonecznapolana.pl\/wp-content\/uploads\/2023\/07\/DSC_6622-1-199x300.jpg 199w, https:\/\/rodslonecznapolana.pl\/wp-content\/uploads\/2023\/07\/DSC_6622-1-768x1156.jpg 768w, https:\/\/rodslonecznapolana.pl\/wp-content\/uploads\/2023\/07\/DSC_6622-1-680x1024.jpg 680w\" sizes=\"(max-width: 800px) 100vw, 800px\" \/> <img loading=\"lazy\" decoding=\"async\" class=\"aligncenter size-full wp-image-1706\" src=\"http:\/\/rodslonecznapolana.pl\/wp-content\/uploads\/2023\/07\/DSC_6623-1.jpg\" alt=\"\" width=\"800\" height=\"1204\" srcset=\"https:\/\/rodslonecznapolana.pl\/wp-content\/uploads\/2023\/07\/DSC_6623-1.jpg 800w, https:\/\/rodslonecznapolana.pl\/wp-content\/uploads\/2023\/07\/DSC_6623-1-199x300.jpg 199w, https:\/\/rodslonecznapolana.pl\/wp-content\/uploads\/2023\/07\/DSC_6623-1-768x1156.jpg 768w, https:\/\/rodslonecznapolana.pl\/wp-content\/uploads\/2023\/07\/DSC_6623-1-680x1024.jpg 680w\" sizes=\"(max-width: 800px) 100vw, 800px\" \/> <img loading=\"lazy\" decoding=\"async\" class=\"aligncenter size-full wp-image-1707\" src=\"http:\/\/rodslonecznapolana.pl\/wp-content\/uploads\/2023\/07\/DSC_6625-1.jpg\" alt=\"\" width=\"1204\" height=\"800\" srcset=\"https:\/\/rodslonecznapolana.pl\/wp-content\/uploads\/2023\/07\/DSC_6625-1.jpg 1204w, https:\/\/rodslonecznapolana.pl\/wp-content\/uploads\/2023\/07\/DSC_6625-1-300x199.jpg 300w, https:\/\/rodslonecznapolana.pl\/wp-content\/uploads\/2023\/07\/DSC_6625-1-768x510.jpg 768w, https:\/\/rodslonecznapolana.pl\/wp-content\/uploads\/2023\/07\/DSC_6625-1-1024x680.jpg 1024w\" sizes=\"(max-width: 1204px) 100vw, 1204px\" \/> <img loading=\"lazy\" decoding=\"async\" class=\"aligncenter size-full wp-image-1708\" src=\"http:\/\/rodslonecznapolana.pl\/wp-content\/uploads\/2023\/07\/DSC_6639-1.jpg\" alt=\"\" width=\"1204\" height=\"800\" srcset=\"https:\/\/rodslonecznapolana.pl\/wp-content\/uploads\/2023\/07\/DSC_6639-1.jpg 1204w, https:\/\/rodslonecznapolana.pl\/wp-content\/uploads\/2023\/07\/DSC_6639-1-300x199.jpg 300w, https:\/\/rodslonecznapolana.pl\/wp-content\/uploads\/2023\/07\/DSC_6639-1-768x510.jpg 768w, https:\/\/rodslonecznapolana.pl\/wp-content\/uploads\/2023\/07\/DSC_6639-1-1024x680.jpg 1024w\" sizes=\"(max-width: 1204px) 100vw, 1204px\" \/> <img loading=\"lazy\" decoding=\"async\" class=\"aligncenter size-full wp-image-1709\" src=\"http:\/\/rodslonecznapolana.pl\/wp-content\/uploads\/2023\/07\/DSC_6640-1.jpg\" alt=\"\" width=\"1204\" height=\"800\" srcset=\"https:\/\/rodslonecznapolana.pl\/wp-content\/uploads\/2023\/07\/DSC_6640-1.jpg 1204w, https:\/\/rodslonecznapolana.pl\/wp-content\/uploads\/2023\/07\/DSC_6640-1-300x199.jpg 300w, https:\/\/rodslonecznapolana.pl\/wp-content\/uploads\/2023\/07\/DSC_6640-1-768x510.jpg 768w, https:\/\/rodslonecznapolana.pl\/wp-content\/uploads\/2023\/07\/DSC_6640-1-1024x680.jpg 1024w\" sizes=\"(max-width: 1204px) 100vw, 1204px\" \/><\/p>\n","protected":false},"excerpt":{"rendered":"","protected":false},"author":2,"featured_media":0,"parent":0,"menu_order":0,"comment_status":"closed","ping_status":"closed","template":"","meta":{"footnotes":""},"yoast_head":"<!-- This site is optimized with the Yoast SEO plugin v22.6 - https:\/\/yoast.com\/wordpress\/plugins\/seo\/ -->\n<title>Dzie\u0144 dziecka czerwiec 2023 - OGRODY DZIA\u0141KOWE S\u0141ONECZNA POLANA PAWLIKOWICE<\/title>\n<meta name=\"robots\" content=\"index, follow, max-snippet:-1, max-image-preview:large, max-video-preview:-1\" \/>\n<link rel=\"canonical\" href=\"https:\/\/rodslonecznapolana.pl\/index.php\/dzien-dziecka-czerwiec-2023-4\/\" \/>\n<meta property=\"og:locale\" content=\"pl_PL\" \/>\n<meta property=\"og:type\" content=\"article\" \/>\n<meta property=\"og:title\" content=\"Dzie\u0144 dziecka czerwiec 2023 - OGRODY DZIA\u0141KOWE S\u0141ONECZNA POLANA PAWLIKOWICE\" \/>\n<meta property=\"og:url\" content=\"https:\/\/rodslonecznapolana.pl\/index.php\/dzien-dziecka-czerwiec-2023-4\/\" \/>\n<meta property=\"og:site_name\" content=\"OGRODY DZIA\u0141KOWE S\u0141ONECZNA POLANA PAWLIKOWICE\" \/>\n<meta property=\"article:modified_time\" content=\"2023-07-31T18:38:33+00:00\" \/>\n<meta property=\"og:image\" content=\"http:\/\/rodslonecznapolana.pl\/wp-content\/uploads\/2023\/07\/20230610_165138-1-300x200.jpg\" \/>\n<meta name=\"twitter:card\" content=\"summary_large_image\" \/>\n<script type=\"application\/ld+json\" class=\"yoast-schema-graph\">{\"@context\":\"https:\/\/schema.org\",\"@graph\":[{\"@type\":\"WebPage\",\"@id\":\"https:\/\/rodslonecznapolana.pl\/index.php\/dzien-dziecka-czerwiec-2023-4\/\",\"url\":\"https:\/\/rodslonecznapolana.pl\/index.php\/dzien-dziecka-czerwiec-2023-4\/\",\"name\":\"Dzie\u0144 dziecka czerwiec 2023 - OGRODY DZIA\u0141KOWE S\u0141ONECZNA POLANA PAWLIKOWICE\",\"isPartOf\":{\"@id\":\"https:\/\/rodslonecznapolana.pl\/#website\"},\"primaryImageOfPage\":{\"@id\":\"https:\/\/rodslonecznapolana.pl\/index.php\/dzien-dziecka-czerwiec-2023-4\/#primaryimage\"},\"image\":{\"@id\":\"https:\/\/rodslonecznapolana.pl\/index.php\/dzien-dziecka-czerwiec-2023-4\/#primaryimage\"},\"thumbnailUrl\":\"http:\/\/rodslonecznapolana.pl\/wp-content\/uploads\/2023\/07\/20230610_165138-1-300x200.jpg\",\"datePublished\":\"2023-07-31T18:38:02+00:00\",\"dateModified\":\"2023-07-31T18:38:33+00:00\",\"breadcrumb\":{\"@id\":\"https:\/\/rodslonecznapolana.pl\/index.php\/dzien-dziecka-czerwiec-2023-4\/#breadcrumb\"},\"inLanguage\":\"pl-PL\",\"potentialAction\":[{\"@type\":\"ReadAction\",\"target\":[\"https:\/\/rodslonecznapolana.pl\/index.php\/dzien-dziecka-czerwiec-2023-4\/\"]}]},{\"@type\":\"ImageObject\",\"inLanguage\":\"pl-PL\",\"@id\":\"https:\/\/rodslonecznapolana.pl\/index.php\/dzien-dziecka-czerwiec-2023-4\/#primaryimage\",\"url\":\"https:\/\/rodslonecznapolana.pl\/wp-content\/uploads\/2023\/07\/20230610_165138-1.jpg\",\"contentUrl\":\"https:\/\/rodslonecznapolana.pl\/wp-content\/uploads\/2023\/07\/20230610_165138-1.jpg\",\"width\":3192,\"height\":2127},{\"@type\":\"BreadcrumbList\",\"@id\":\"https:\/\/rodslonecznapolana.pl\/index.php\/dzien-dziecka-czerwiec-2023-4\/#breadcrumb\",\"itemListElement\":[{\"@type\":\"ListItem\",\"position\":1,\"name\":\"Strona g\u0142\u00f3wna\",\"item\":\"https:\/\/rodslonecznapolana.pl\/\"},{\"@type\":\"ListItem\",\"position\":2,\"name\":\"Dzie\u0144 dziecka czerwiec 2023\"}]},{\"@type\":\"WebSite\",\"@id\":\"https:\/\/rodslonecznapolana.pl\/#website\",\"url\":\"https:\/\/rodslonecznapolana.pl\/\",\"name\":\"OGRODY DZIA\u0141KOWE S\u0141ONECZNA POLANA PAWLIKOWICE\",\"description\":\"\",\"potentialAction\":[{\"@type\":\"SearchAction\",\"target\":{\"@type\":\"EntryPoint\",\"urlTemplate\":\"https:\/\/rodslonecznapolana.pl\/?s={search_term_string}\"},\"query-input\":\"required name=search_term_string\"}],\"inLanguage\":\"pl-PL\"}]}<\/script>\n<!-- \/ Yoast SEO plugin. -->","yoast_head_json":{"title":"Dzie\u0144 dziecka czerwiec 2023 - OGRODY DZIA\u0141KOWE S\u0141ONECZNA POLANA PAWLIKOWICE","robots":{"index":"index","follow":"follow","max-snippet":"max-snippet:-1","max-image-preview":"max-image-preview:large","max-video-preview":"max-video-preview:-1"},"canonical":"https:\/\/rodslonecznapolana.pl\/index.php\/dzien-dziecka-czerwiec-2023-4\/","og_locale":"pl_PL","og_type":"article","og_title":"Dzie\u0144 dziecka czerwiec 2023 - OGRODY DZIA\u0141KOWE S\u0141ONECZNA POLANA PAWLIKOWICE","og_url":"https:\/\/rodslonecznapolana.pl\/index.php\/dzien-dziecka-czerwiec-2023-4\/","og_site_name":"OGRODY DZIA\u0141KOWE S\u0141ONECZNA POLANA PAWLIKOWICE","article_modified_time":"2023-07-31T18:38:33+00:00","og_image":[{"url":"http:\/\/rodslonecznapolana.pl\/wp-content\/uploads\/2023\/07\/20230610_165138-1-300x200.jpg"}],"twitter_card":"summary_large_image","schema":{"@context":"https:\/\/schema.org","@graph":[{"@type":"WebPage","@id":"https:\/\/rodslonecznapolana.pl\/index.php\/dzien-dziecka-czerwiec-2023-4\/","url":"https:\/\/rodslonecznapolana.pl\/index.php\/dzien-dziecka-czerwiec-2023-4\/","name":"Dzie\u0144 dziecka czerwiec 2023 - OGRODY DZIA\u0141KOWE S\u0141ONECZNA POLANA PAWLIKOWICE","isPartOf":{"@id":"https:\/\/rodslonecznapolana.pl\/#website"},"primaryImageOfPage":{"@id":"https:\/\/rodslonecznapolana.pl\/index.php\/dzien-dziecka-czerwiec-2023-4\/#primaryimage"},"image":{"@id":"https:\/\/rodslonecznapolana.pl\/index.php\/dzien-dziecka-czerwiec-2023-4\/#primaryimage"},"thumbnailUrl":"http:\/\/rodslonecznapolana.pl\/wp-content\/uploads\/2023\/07\/20230610_165138-1-300x200.jpg","datePublished":"2023-07-31T18:38:02+00:00","dateModified":"2023-07-31T18:38:33+00:00","breadcrumb":{"@id":"https:\/\/rodslonecznapolana.pl\/index.php\/dzien-dziecka-czerwiec-2023-4\/#breadcrumb"},"inLanguage":"pl-PL","potentialAction":[{"@type":"ReadAction","target":["https:\/\/rodslonecznapolana.pl\/index.php\/dzien-dziecka-czerwiec-2023-4\/"]}]},{"@type":"ImageObject","inLanguage":"pl-PL","@id":"https:\/\/rodslonecznapolana.pl\/index.php\/dzien-dziecka-czerwiec-2023-4\/#primaryimage","url":"https:\/\/rodslonecznapolana.pl\/wp-content\/uploads\/2023\/07\/20230610_165138-1.jpg","contentUrl":"https:\/\/rodslonecznapolana.pl\/wp-content\/uploads\/2023\/07\/20230610_165138-1.jpg","width":3192,"height":2127},{"@type":"BreadcrumbList","@id":"https:\/\/rodslonecznapolana.pl\/index.php\/dzien-dziecka-czerwiec-2023-4\/#breadcrumb","itemListElement":[{"@type":"ListItem","position":1,"name":"Strona g\u0142\u00f3wna","item":"https:\/\/rodslonecznapolana.pl\/"},{"@type":"ListItem","position":2,"name":"Dzie\u0144 dziecka czerwiec 2023"}]},{"@type":"WebSite","@id":"https:\/\/rodslonecznapolana.pl\/#website","url":"https:\/\/rodslonecznapolana.pl\/","name":"OGRODY DZIA\u0141KOWE S\u0141ONECZNA POLANA PAWLIKOWICE","description":"","potentialAction":[{"@type":"SearchAction","target":{"@type":"EntryPoint","urlTemplate":"https:\/\/rodslonecznapolana.pl\/?s={search_term_string}"},"query-input":"required name=search_term_string"}],"inLanguage":"pl-PL"}]}},"_links":{"self":[{"href":"https:\/\/rodslonecznapolana.pl\/index.php\/wp-json\/wp\/v2\/pages\/1687"}],"collection":[{"href":"https:\/\/rodslonecznapolana.pl\/index.php\/wp-json\/wp\/v2\/pages"}],"about":[{"href":"https:\/\/rodslonecznapolana.pl\/index.php\/wp-json\/wp\/v2\/types\/page"}],"author":[{"embeddable":true,"href":"https:\/\/rodslonecznapolana.pl\/index.php\/wp-json\/wp\/v2\/users\/2"}],"replies":[{"embeddable":true,"href":"https:\/\/rodslonecznapolana.pl\/index.php\/wp-json\/wp\/v2\/comments?post=1687"}],"version-history":[{"count":1,"href":"https:\/\/rodslonecznapolana.pl\/index.php\/wp-json\/wp\/v2\/pages\/1687\/revisions"}],"predecessor-version":[{"id":1710,"href":"https:\/\/rodslonecznapolana.pl\/index.php\/wp-json\/wp\/v2\/pages\/1687\/revisions\/1710"}],"wp:attachment":[{"href":"https:\/\/rodslonecznapolana.pl\/index.php\/wp-json\/wp\/v2\/media?parent=1687"}],"curies":[{"name":"wp","href":"https:\/\/api.w.org\/{rel}","templated":true}]}}