{"id":69,"date":"2017-08-14T07:42:11","date_gmt":"2017-08-14T05:42:11","guid":{"rendered":"http:\/\/rodslonecznapolana.pl\/?page_id=69"},"modified":"2018-04-22T21:06:05","modified_gmt":"2018-04-22T19:06:05","slug":"ogloszenia","status":"publish","type":"page","link":"https:\/\/rodslonecznapolana.pl\/index.php\/ogloszenia\/","title":{"rendered":"Tablica og\u0142osze\u0144_oddam-zamieni\u0119"},"content":{"rendered":"<p class=\"font8\">\n<p data-reactid=\".0.$SITE_ROOT.$desktop_siteRoot.$PAGES_CONTAINER.$centeredContent.$inlineContent.$SITE_PAGES.$fk2um_DESKTOP.$inlineContent.$comp-isdkf4ga\"><span style=\"color: #000080;\"><img loading=\"lazy\" decoding=\"async\" class=\"alignnone wp-image-996\" src=\"http:\/\/rodslonecznapolana.pl\/wp-content\/uploads\/2018\/04\/ogloszenia-300x209-300x209.gif\" alt=\"\" width=\"134\" height=\"93\" \/><\/span><\/p>\n<p data-reactid=\".0.$SITE_ROOT.$desktop_siteRoot.$PAGES_CONTAINER.$centeredContent.$inlineContent.$SITE_PAGES.$fk2um_DESKTOP.$inlineContent.$comp-isdkf4ga\"><span style=\"color: #000080;\"><strong>Piec kuchenny<\/strong><\/span><\/p>\n<p data-reactid=\".0.$SITE_ROOT.$desktop_siteRoot.$PAGES_CONTAINER.$centeredContent.$inlineContent.$SITE_PAGES.$fk2um_DESKTOP.$inlineContent.$comp-isdkf4ga\"><span style=\"color: #000080;\">Oddam bia\u0142y piec kuchenny szamotowy w dobrym stanie. Kontakt -dzia\u0142ka nr 62, tel.785 161 524<\/span><\/p>\n<p id=\"comp-isdkf4ga\" class=\"txtNew\" data-reactid=\".0.$SITE_ROOT.$desktop_siteRoot.$PAGES_CONTAINER.$centeredContent.$inlineContent.$SITE_PAGES.$fk2um_DESKTOP.$inlineContent.$comp-isdkf4ga\"><span style=\"color: #000080;\"><strong>Szanowni Dzia\u0142kowcy<\/strong>. <\/span><\/p>\n<p class=\"txtNew\" data-reactid=\".0.$SITE_ROOT.$desktop_siteRoot.$PAGES_CONTAINER.$centeredContent.$inlineContent.$SITE_PAGES.$fk2um_DESKTOP.$inlineContent.$comp-isdkf4ga\"><span style=\"color: #000080;\">Sta\u0142y bywalec naszego Ogrodu, wierny jego fotograf, prowadzi jak sam m\u00f3wi \u201eprzytulisko\u201d dla starych aparat\u00f3w fotograficznych.Je\u017celi kto\u015b dysponuje takimi cude\u0144kami techniki i chcia\u0142by si\u0119 z nimi rozsta\u0107, prosz\u0119 o bezpo\u015bredni kontakt, Prezes \u2013dzia\u0142ka nr 85<\/span><\/p>\n<div id=\"comp-itbtnh6l\" class=\"txtNew\" data-reactid=\".0.$SITE_ROOT.$desktop_siteRoot.$PAGES_CONTAINER.$centeredContent.$inlineContent.$SITE_PAGES.$fk2um_DESKTOP.$inlineContent.$comp-itbtnh6l\">\n<p class=\"font_0\"><span class=\"color_15\" style=\"color: #000080;\"><strong>Kompost<\/strong><\/span><\/p>\n<p class=\"font_0\"><span class=\"color_15\" style=\"color: #000080;\">Oddam kilka taczek kompostu &#8211; dzia\u0142ka nr 85<\/span><\/p>\n<p>&nbsp;<\/p>\n<\/div>\n","protected":false},"excerpt":{"rendered":"<p>Piec kuchenny Oddam bia\u0142y piec kuchenny szamotowy w dobrym stanie. Kontakt -dzia\u0142ka nr 62, tel.785 161 524 Szanowni Dzia\u0142kowcy. Sta\u0142y bywalec naszego Ogrodu, wierny jego fotograf, prowadzi jak sam m\u00f3wi \u201eprzytulisko\u201d dla starych aparat\u00f3w fotograficznych.Je\u017celi kto\u015b dysponuje takimi cude\u0144kami techniki i chcia\u0142by si\u0119 z nimi rozsta\u0107, prosz\u0119 o bezpo\u015bredni kontakt, Prezes \u2013dzia\u0142ka nr 85 Kompost [&hellip;]<\/p>\n","protected":false},"author":3,"featured_media":996,"parent":0,"menu_order":0,"comment_status":"closed","ping_status":"closed","template":"","meta":{"footnotes":""},"yoast_head":"<!-- This site is optimized with the Yoast SEO plugin v22.6 - https:\/\/yoast.com\/wordpress\/plugins\/seo\/ -->\n<title>Tablica og\u0142osze\u0144_oddam-zamieni\u0119 - OGRODY DZIA\u0141KOWE S\u0141ONECZNA POLANA PAWLIKOWICE<\/title>\n<meta name=\"robots\" content=\"index, follow, max-snippet:-1, max-image-preview:large, max-video-preview:-1\" \/>\n<link rel=\"canonical\" href=\"https:\/\/rodslonecznapolana.pl\/index.php\/ogloszenia\/\" \/>\n<meta property=\"og:locale\" content=\"pl_PL\" \/>\n<meta property=\"og:type\" content=\"article\" \/>\n<meta property=\"og:title\" content=\"Tablica og\u0142osze\u0144_oddam-zamieni\u0119 - OGRODY DZIA\u0141KOWE S\u0141ONECZNA POLANA PAWLIKOWICE\" \/>\n<meta property=\"og:description\" content=\"Piec kuchenny Oddam bia\u0142y piec kuchenny szamotowy w dobrym stanie. Kontakt -dzia\u0142ka nr 62, tel.785 161 524 Szanowni Dzia\u0142kowcy. Sta\u0142y bywalec naszego Ogrodu, wierny jego fotograf, prowadzi jak sam m\u00f3wi \u201eprzytulisko\u201d dla starych aparat\u00f3w fotograficznych.Je\u017celi kto\u015b dysponuje takimi cude\u0144kami techniki i chcia\u0142by si\u0119 z nimi rozsta\u0107, prosz\u0119 o bezpo\u015bredni kontakt, Prezes \u2013dzia\u0142ka nr 85 Kompost [&hellip;]\" \/>\n<meta property=\"og:url\" content=\"https:\/\/rodslonecznapolana.pl\/index.php\/ogloszenia\/\" \/>\n<meta property=\"og:site_name\" content=\"OGRODY DZIA\u0141KOWE S\u0141ONECZNA POLANA PAWLIKOWICE\" \/>\n<meta property=\"article:modified_time\" content=\"2018-04-22T19:06:05+00:00\" \/>\n<meta property=\"og:image\" content=\"https:\/\/rodslonecznapolana.pl\/wp-content\/uploads\/2018\/04\/ogloszenia-300x209.gif\" \/>\n\t<meta property=\"og:image:width\" content=\"300\" \/>\n\t<meta property=\"og:image:height\" content=\"209\" \/>\n\t<meta property=\"og:image:type\" content=\"image\/gif\" \/>\n<meta name=\"twitter:card\" content=\"summary_large_image\" \/>\n<script type=\"application\/ld+json\" class=\"yoast-schema-graph\">{\"@context\":\"https:\/\/schema.org\",\"@graph\":[{\"@type\":\"WebPage\",\"@id\":\"https:\/\/rodslonecznapolana.pl\/index.php\/ogloszenia\/\",\"url\":\"https:\/\/rodslonecznapolana.pl\/index.php\/ogloszenia\/\",\"name\":\"Tablica og\u0142osze\u0144_oddam-zamieni\u0119 - OGRODY DZIA\u0141KOWE S\u0141ONECZNA POLANA PAWLIKOWICE\",\"isPartOf\":{\"@id\":\"https:\/\/rodslonecznapolana.pl\/#website\"},\"primaryImageOfPage\":{\"@id\":\"https:\/\/rodslonecznapolana.pl\/index.php\/ogloszenia\/#primaryimage\"},\"image\":{\"@id\":\"https:\/\/rodslonecznapolana.pl\/index.php\/ogloszenia\/#primaryimage\"},\"thumbnailUrl\":\"https:\/\/rodslonecznapolana.pl\/wp-content\/uploads\/2018\/04\/ogloszenia-300x209.gif\",\"datePublished\":\"2017-08-14T05:42:11+00:00\",\"dateModified\":\"2018-04-22T19:06:05+00:00\",\"breadcrumb\":{\"@id\":\"https:\/\/rodslonecznapolana.pl\/index.php\/ogloszenia\/#breadcrumb\"},\"inLanguage\":\"pl-PL\",\"potentialAction\":[{\"@type\":\"ReadAction\",\"target\":[\"https:\/\/rodslonecznapolana.pl\/index.php\/ogloszenia\/\"]}]},{\"@type\":\"ImageObject\",\"inLanguage\":\"pl-PL\",\"@id\":\"https:\/\/rodslonecznapolana.pl\/index.php\/ogloszenia\/#primaryimage\",\"url\":\"https:\/\/rodslonecznapolana.pl\/wp-content\/uploads\/2018\/04\/ogloszenia-300x209.gif\",\"contentUrl\":\"https:\/\/rodslonecznapolana.pl\/wp-content\/uploads\/2018\/04\/ogloszenia-300x209.gif\",\"width\":300,\"height\":209},{\"@type\":\"BreadcrumbList\",\"@id\":\"https:\/\/rodslonecznapolana.pl\/index.php\/ogloszenia\/#breadcrumb\",\"itemListElement\":[{\"@type\":\"ListItem\",\"position\":1,\"name\":\"Strona g\u0142\u00f3wna\",\"item\":\"https:\/\/rodslonecznapolana.pl\/\"},{\"@type\":\"ListItem\",\"position\":2,\"name\":\"Tablica og\u0142osze\u0144_oddam-zamieni\u0119\"}]},{\"@type\":\"WebSite\",\"@id\":\"https:\/\/rodslonecznapolana.pl\/#website\",\"url\":\"https:\/\/rodslonecznapolana.pl\/\",\"name\":\"OGRODY DZIA\u0141KOWE S\u0141ONECZNA POLANA PAWLIKOWICE\",\"description\":\"\",\"potentialAction\":[{\"@type\":\"SearchAction\",\"target\":{\"@type\":\"EntryPoint\",\"urlTemplate\":\"https:\/\/rodslonecznapolana.pl\/?s={search_term_string}\"},\"query-input\":\"required name=search_term_string\"}],\"inLanguage\":\"pl-PL\"}]}<\/script>\n<!-- \/ Yoast SEO plugin. -->","yoast_head_json":{"title":"Tablica og\u0142osze\u0144_oddam-zamieni\u0119 - OGRODY DZIA\u0141KOWE S\u0141ONECZNA POLANA PAWLIKOWICE","robots":{"index":"index","follow":"follow","max-snippet":"max-snippet:-1","max-image-preview":"max-image-preview:large","max-video-preview":"max-video-preview:-1"},"canonical":"https:\/\/rodslonecznapolana.pl\/index.php\/ogloszenia\/","og_locale":"pl_PL","og_type":"article","og_title":"Tablica og\u0142osze\u0144_oddam-zamieni\u0119 - OGRODY DZIA\u0141KOWE S\u0141ONECZNA POLANA PAWLIKOWICE","og_description":"Piec kuchenny Oddam bia\u0142y piec kuchenny szamotowy w dobrym stanie. Kontakt -dzia\u0142ka nr 62, tel.785 161 524 Szanowni Dzia\u0142kowcy. Sta\u0142y bywalec naszego Ogrodu, wierny jego fotograf, prowadzi jak sam m\u00f3wi \u201eprzytulisko\u201d dla starych aparat\u00f3w fotograficznych.Je\u017celi kto\u015b dysponuje takimi cude\u0144kami techniki i chcia\u0142by si\u0119 z nimi rozsta\u0107, prosz\u0119 o bezpo\u015bredni kontakt, Prezes \u2013dzia\u0142ka nr 85 Kompost [&hellip;]","og_url":"https:\/\/rodslonecznapolana.pl\/index.php\/ogloszenia\/","og_site_name":"OGRODY DZIA\u0141KOWE S\u0141ONECZNA POLANA PAWLIKOWICE","article_modified_time":"2018-04-22T19:06:05+00:00","og_image":[{"width":300,"height":209,"url":"https:\/\/rodslonecznapolana.pl\/wp-content\/uploads\/2018\/04\/ogloszenia-300x209.gif","type":"image\/gif"}],"twitter_card":"summary_large_image","schema":{"@context":"https:\/\/schema.org","@graph":[{"@type":"WebPage","@id":"https:\/\/rodslonecznapolana.pl\/index.php\/ogloszenia\/","url":"https:\/\/rodslonecznapolana.pl\/index.php\/ogloszenia\/","name":"Tablica og\u0142osze\u0144_oddam-zamieni\u0119 - OGRODY DZIA\u0141KOWE S\u0141ONECZNA POLANA PAWLIKOWICE","isPartOf":{"@id":"https:\/\/rodslonecznapolana.pl\/#website"},"primaryImageOfPage":{"@id":"https:\/\/rodslonecznapolana.pl\/index.php\/ogloszenia\/#primaryimage"},"image":{"@id":"https:\/\/rodslonecznapolana.pl\/index.php\/ogloszenia\/#primaryimage"},"thumbnailUrl":"https:\/\/rodslonecznapolana.pl\/wp-content\/uploads\/2018\/04\/ogloszenia-300x209.gif","datePublished":"2017-08-14T05:42:11+00:00","dateModified":"2018-04-22T19:06:05+00:00","breadcrumb":{"@id":"https:\/\/rodslonecznapolana.pl\/index.php\/ogloszenia\/#breadcrumb"},"inLanguage":"pl-PL","potentialAction":[{"@type":"ReadAction","target":["https:\/\/rodslonecznapolana.pl\/index.php\/ogloszenia\/"]}]},{"@type":"ImageObject","inLanguage":"pl-PL","@id":"https:\/\/rodslonecznapolana.pl\/index.php\/ogloszenia\/#primaryimage","url":"https:\/\/rodslonecznapolana.pl\/wp-content\/uploads\/2018\/04\/ogloszenia-300x209.gif","contentUrl":"https:\/\/rodslonecznapolana.pl\/wp-content\/uploads\/2018\/04\/ogloszenia-300x209.gif","width":300,"height":209},{"@type":"BreadcrumbList","@id":"https:\/\/rodslonecznapolana.pl\/index.php\/ogloszenia\/#breadcrumb","itemListElement":[{"@type":"ListItem","position":1,"name":"Strona g\u0142\u00f3wna","item":"https:\/\/rodslonecznapolana.pl\/"},{"@type":"ListItem","position":2,"name":"Tablica og\u0142osze\u0144_oddam-zamieni\u0119"}]},{"@type":"WebSite","@id":"https:\/\/rodslonecznapolana.pl\/#website","url":"https:\/\/rodslonecznapolana.pl\/","name":"OGRODY DZIA\u0141KOWE S\u0141ONECZNA POLANA PAWLIKOWICE","description":"","potentialAction":[{"@type":"SearchAction","target":{"@type":"EntryPoint","urlTemplate":"https:\/\/rodslonecznapolana.pl\/?s={search_term_string}"},"query-input":"required name=search_term_string"}],"inLanguage":"pl-PL"}]}},"_links":{"self":[{"href":"https:\/\/rodslonecznapolana.pl\/index.php\/wp-json\/wp\/v2\/pages\/69"}],"collection":[{"href":"https:\/\/rodslonecznapolana.pl\/index.php\/wp-json\/wp\/v2\/pages"}],"about":[{"href":"https:\/\/rodslonecznapolana.pl\/index.php\/wp-json\/wp\/v2\/types\/page"}],"author":[{"embeddable":true,"href":"https:\/\/rodslonecznapolana.pl\/index.php\/wp-json\/wp\/v2\/users\/3"}],"replies":[{"embeddable":true,"href":"https:\/\/rodslonecznapolana.pl\/index.php\/wp-json\/wp\/v2\/comments?post=69"}],"version-history":[{"count":8,"href":"https:\/\/rodslonecznapolana.pl\/index.php\/wp-json\/wp\/v2\/pages\/69\/revisions"}],"predecessor-version":[{"id":1011,"href":"https:\/\/rodslonecznapolana.pl\/index.php\/wp-json\/wp\/v2\/pages\/69\/revisions\/1011"}],"wp:featuredmedia":[{"embeddable":true,"href":"https:\/\/rodslonecznapolana.pl\/index.php\/wp-json\/wp\/v2\/media\/996"}],"wp:attachment":[{"href":"https:\/\/rodslonecznapolana.pl\/index.php\/wp-json\/wp\/v2\/media?parent=69"}],"curies":[{"name":"wp","href":"https:\/\/api.w.org\/{rel}","templated":true}]}}