{"id":77,"date":"2017-08-14T07:52:15","date_gmt":"2017-08-14T05:52:15","guid":{"rendered":"http:\/\/rodslonecznapolana.pl\/?page_id=77"},"modified":"2017-08-19T10:14:22","modified_gmt":"2017-08-19T08:14:22","slug":"prawo-rod-a-koty","status":"publish","type":"page","link":"https:\/\/rodslonecznapolana.pl\/index.php\/prawo-rod-a-koty\/","title":{"rendered":"Prawo ROD a koty"},"content":{"rendered":"<p class=\"font_8\">\u00a7 68,pkt.10 Regulaminu Rodzinnego Ogrodu Dzia\u0142kowego<br \/>\n\u201eDzia\u0142kowcom i innym osobom przebywaj\u0105cym na terenie ROD zabrania si\u0119 wprowadzania i trzymania na terenie ROD ps\u00f3w bez smyczy i kaga\u0144ca oraz sta\u0142ego utrzymywania kot\u00f3w i ps\u00f3w na dzia\u0142ce\u201d<br \/>\nProblem kot\u00f3w ci\u0105gle powraca na teren rodzinnych ogrod\u00f3w dzia\u0142kowych za przyczyn\u0105 ich pseudo opiekun\u00f3w, kt\u00f3rzy dokarmiaj\u0105c koty, wabi\u0105 je na dzia\u0142ki ogrodnicze, a\u00a0nast\u0119pnie pr\u00f3buj\u0105 usankcjonowa\u0107 ich bytowanie w\u00a0ogrodach nadaj\u0105c status tzw. kot\u00f3w wolno\u017cyj\u0105cych.<br \/>\nPrzepisy regulaminu nie r\u00f3\u017cnicuj\u0105 pochodzenia kot\u00f3w na domowe i\u00a0wolno\u017cyj\u0105ce. Swobodnie przemieszczaj\u0105ce si\u0119 zwierz\u0119ta stanowi\u0105 realne zagro\u017cenie, nie tylko z\u00a0powodu mo\u017cliwo\u015bci zara\u017cenia chorobami tj.\u00a0toksoplazmoza czy w\u015bcieklizna, ale przede wszystkim ze wzgl\u0119du na niekontrolowane pozostawianie odchod\u00f3w, co na terenie rodzinnych ogrod\u00f3w dzia\u0142kowych, gdzie uprawia si\u0119 owoce i\u00a0warzywa do bezpo\u015bredniego spo\u017cycia, jest nie do zaakceptowania.<br \/>\nPrzyczyn\u0105 osiedlania si\u0119 kot\u00f3w bezdomnych czy tzw. wolno\u017cyj\u0105cych na terenie ogrod\u00f3w dzia\u0142kowych jest systematyczne ich dokarmianie. Zwierz\u0119ta wabione przez swoich pseudo opiekun\u00f3w sta\u0142\u0105 dostaw\u0105 po\u017cywienia, bytuj\u0105 na dzia\u0142kach tych os\u00f3b, kt\u00f3re nie chc\u0105 nazywa\u0107 si\u0119 ich w\u0142a\u015bcicielami, zapewni\u0107 schronienia i\u00a0wzi\u0105\u0107 za nie odpowiedzialno\u015bci.<br \/>\nStanowisko Stowarzyszenia ogrodowego PZD w powy\u017cszej sprawie nie mo\u017ce by\u0107 inne ni\u017c to, kt\u00f3re jest wyra\u017cone w przepisach regulaminu ROD, nieprzewiduj\u0105cych utrzymywania kot\u00f3w na dzia\u0142kach.<br \/>\nZwa\u017cywszy na wspomniane wcze\u015bniej argumenty oraz zagro\u017cenia dla zdrowia ludzi, nale\u017cy zaprzesta\u0107 wabienia po\u017cywieniem bezpa\u0144skich kot\u00f3w na teren rodzinnych ogrod\u00f3w dzia\u0142kowych.<br \/>\nZa likwidacj\u0105 procederu dokarmiania dzikich zwierz\u0105t na dzia\u0142kach ogrodowych, przemawia r\u00f3wnie\u017c ryzyko zach\u0119cenia do korzystania z\u00a0dzia\u0142kowej jad\u0142odajni innych ni\u017c koty zwierz\u0105t.<br \/>\nSzczury i lisy, kt\u00f3rych jest coraz wi\u0119cej w miastach, te\u017c potrzebuj\u0105 po\u017cywienia i z pewno\u015bci\u0105 nie pogardz\u0105 koci\u0105 karm\u0105. W tym miejscu nale\u017cy zn\u00f3w podkre\u015bli\u0107 ryzyko przenoszenia chor\u00f3b odzwierz\u0119cych.<br \/>\nDokarmianie zwierz\u0105t jest dzia\u0142aniem humanitarnym, pytanie tylko czy to jest w\u0142a\u015bciwy kierunek dla rozwoju ogrodnictwa dzia\u0142kowego?<br \/>\nW naszym kraju s\u0105 instytucje powo\u0142ane do opieki nad zwierz\u0119tami, natomiast mi\u0142o\u015bnicy zwierz\u0105t mog\u0105 bez przeszk\u00f3d dokarmia\u0107 je poza terenem rodzinnych ogrod\u00f3w dzia\u0142kowych.<br \/>\nZarz\u0105d ROD \u201eS\u0142oneczna Polana\u201d<\/p>\n","protected":false},"excerpt":{"rendered":"<p>\u00a7 68,pkt.10 Regulaminu Rodzinnego Ogrodu Dzia\u0142kowego \u201eDzia\u0142kowcom i innym osobom przebywaj\u0105cym na terenie ROD zabrania si\u0119 wprowadzania i trzymania na terenie ROD ps\u00f3w bez smyczy i kaga\u0144ca oraz sta\u0142ego utrzymywania kot\u00f3w i ps\u00f3w na dzia\u0142ce\u201d Problem kot\u00f3w ci\u0105gle powraca na teren rodzinnych ogrod\u00f3w dzia\u0142kowych za przyczyn\u0105 ich pseudo opiekun\u00f3w, kt\u00f3rzy dokarmiaj\u0105c koty, wabi\u0105 je na [&hellip;]<\/p>\n","protected":false},"author":3,"featured_media":0,"parent":0,"menu_order":0,"comment_status":"closed","ping_status":"closed","template":"","meta":{"footnotes":""},"yoast_head":"<!-- This site is optimized with the Yoast SEO plugin v22.6 - https:\/\/yoast.com\/wordpress\/plugins\/seo\/ -->\n<title>Prawo ROD a koty - OGRODY DZIA\u0141KOWE S\u0141ONECZNA POLANA PAWLIKOWICE<\/title>\n<meta name=\"robots\" content=\"index, follow, max-snippet:-1, max-image-preview:large, max-video-preview:-1\" \/>\n<link rel=\"canonical\" href=\"https:\/\/rodslonecznapolana.pl\/index.php\/prawo-rod-a-koty\/\" \/>\n<meta property=\"og:locale\" content=\"pl_PL\" \/>\n<meta property=\"og:type\" content=\"article\" \/>\n<meta property=\"og:title\" content=\"Prawo ROD a koty - OGRODY DZIA\u0141KOWE S\u0141ONECZNA POLANA PAWLIKOWICE\" \/>\n<meta property=\"og:description\" content=\"\u00a7 68,pkt.10 Regulaminu Rodzinnego Ogrodu Dzia\u0142kowego \u201eDzia\u0142kowcom i innym osobom przebywaj\u0105cym na terenie ROD zabrania si\u0119 wprowadzania i trzymania na terenie ROD ps\u00f3w bez smyczy i kaga\u0144ca oraz sta\u0142ego utrzymywania kot\u00f3w i ps\u00f3w na dzia\u0142ce\u201d Problem kot\u00f3w ci\u0105gle powraca na teren rodzinnych ogrod\u00f3w dzia\u0142kowych za przyczyn\u0105 ich pseudo opiekun\u00f3w, kt\u00f3rzy dokarmiaj\u0105c koty, wabi\u0105 je na [&hellip;]\" \/>\n<meta property=\"og:url\" content=\"https:\/\/rodslonecznapolana.pl\/index.php\/prawo-rod-a-koty\/\" \/>\n<meta property=\"og:site_name\" content=\"OGRODY DZIA\u0141KOWE S\u0141ONECZNA POLANA PAWLIKOWICE\" \/>\n<meta property=\"article:modified_time\" content=\"2017-08-19T08:14:22+00:00\" \/>\n<meta name=\"twitter:card\" content=\"summary_large_image\" \/>\n<meta name=\"twitter:label1\" content=\"Szacowany czas czytania\" \/>\n\t<meta name=\"twitter:data1\" content=\"2 minuty\" \/>\n<script type=\"application\/ld+json\" class=\"yoast-schema-graph\">{\"@context\":\"https:\/\/schema.org\",\"@graph\":[{\"@type\":\"WebPage\",\"@id\":\"https:\/\/rodslonecznapolana.pl\/index.php\/prawo-rod-a-koty\/\",\"url\":\"https:\/\/rodslonecznapolana.pl\/index.php\/prawo-rod-a-koty\/\",\"name\":\"Prawo ROD a koty - OGRODY DZIA\u0141KOWE S\u0141ONECZNA POLANA PAWLIKOWICE\",\"isPartOf\":{\"@id\":\"https:\/\/rodslonecznapolana.pl\/#website\"},\"datePublished\":\"2017-08-14T05:52:15+00:00\",\"dateModified\":\"2017-08-19T08:14:22+00:00\",\"breadcrumb\":{\"@id\":\"https:\/\/rodslonecznapolana.pl\/index.php\/prawo-rod-a-koty\/#breadcrumb\"},\"inLanguage\":\"pl-PL\",\"potentialAction\":[{\"@type\":\"ReadAction\",\"target\":[\"https:\/\/rodslonecznapolana.pl\/index.php\/prawo-rod-a-koty\/\"]}]},{\"@type\":\"BreadcrumbList\",\"@id\":\"https:\/\/rodslonecznapolana.pl\/index.php\/prawo-rod-a-koty\/#breadcrumb\",\"itemListElement\":[{\"@type\":\"ListItem\",\"position\":1,\"name\":\"Strona g\u0142\u00f3wna\",\"item\":\"https:\/\/rodslonecznapolana.pl\/\"},{\"@type\":\"ListItem\",\"position\":2,\"name\":\"Prawo ROD a koty\"}]},{\"@type\":\"WebSite\",\"@id\":\"https:\/\/rodslonecznapolana.pl\/#website\",\"url\":\"https:\/\/rodslonecznapolana.pl\/\",\"name\":\"OGRODY DZIA\u0141KOWE S\u0141ONECZNA POLANA PAWLIKOWICE\",\"description\":\"\",\"potentialAction\":[{\"@type\":\"SearchAction\",\"target\":{\"@type\":\"EntryPoint\",\"urlTemplate\":\"https:\/\/rodslonecznapolana.pl\/?s={search_term_string}\"},\"query-input\":\"required name=search_term_string\"}],\"inLanguage\":\"pl-PL\"}]}<\/script>\n<!-- \/ Yoast SEO plugin. -->","yoast_head_json":{"title":"Prawo ROD a koty - OGRODY DZIA\u0141KOWE S\u0141ONECZNA POLANA PAWLIKOWICE","robots":{"index":"index","follow":"follow","max-snippet":"max-snippet:-1","max-image-preview":"max-image-preview:large","max-video-preview":"max-video-preview:-1"},"canonical":"https:\/\/rodslonecznapolana.pl\/index.php\/prawo-rod-a-koty\/","og_locale":"pl_PL","og_type":"article","og_title":"Prawo ROD a koty - OGRODY DZIA\u0141KOWE S\u0141ONECZNA POLANA PAWLIKOWICE","og_description":"\u00a7 68,pkt.10 Regulaminu Rodzinnego Ogrodu Dzia\u0142kowego \u201eDzia\u0142kowcom i innym osobom przebywaj\u0105cym na terenie ROD zabrania si\u0119 wprowadzania i trzymania na terenie ROD ps\u00f3w bez smyczy i kaga\u0144ca oraz sta\u0142ego utrzymywania kot\u00f3w i ps\u00f3w na dzia\u0142ce\u201d Problem kot\u00f3w ci\u0105gle powraca na teren rodzinnych ogrod\u00f3w dzia\u0142kowych za przyczyn\u0105 ich pseudo opiekun\u00f3w, kt\u00f3rzy dokarmiaj\u0105c koty, wabi\u0105 je na [&hellip;]","og_url":"https:\/\/rodslonecznapolana.pl\/index.php\/prawo-rod-a-koty\/","og_site_name":"OGRODY DZIA\u0141KOWE S\u0141ONECZNA POLANA PAWLIKOWICE","article_modified_time":"2017-08-19T08:14:22+00:00","twitter_card":"summary_large_image","twitter_misc":{"Szacowany czas czytania":"2 minuty"},"schema":{"@context":"https:\/\/schema.org","@graph":[{"@type":"WebPage","@id":"https:\/\/rodslonecznapolana.pl\/index.php\/prawo-rod-a-koty\/","url":"https:\/\/rodslonecznapolana.pl\/index.php\/prawo-rod-a-koty\/","name":"Prawo ROD a koty - OGRODY DZIA\u0141KOWE S\u0141ONECZNA POLANA PAWLIKOWICE","isPartOf":{"@id":"https:\/\/rodslonecznapolana.pl\/#website"},"datePublished":"2017-08-14T05:52:15+00:00","dateModified":"2017-08-19T08:14:22+00:00","breadcrumb":{"@id":"https:\/\/rodslonecznapolana.pl\/index.php\/prawo-rod-a-koty\/#breadcrumb"},"inLanguage":"pl-PL","potentialAction":[{"@type":"ReadAction","target":["https:\/\/rodslonecznapolana.pl\/index.php\/prawo-rod-a-koty\/"]}]},{"@type":"BreadcrumbList","@id":"https:\/\/rodslonecznapolana.pl\/index.php\/prawo-rod-a-koty\/#breadcrumb","itemListElement":[{"@type":"ListItem","position":1,"name":"Strona g\u0142\u00f3wna","item":"https:\/\/rodslonecznapolana.pl\/"},{"@type":"ListItem","position":2,"name":"Prawo ROD a koty"}]},{"@type":"WebSite","@id":"https:\/\/rodslonecznapolana.pl\/#website","url":"https:\/\/rodslonecznapolana.pl\/","name":"OGRODY DZIA\u0141KOWE S\u0141ONECZNA POLANA PAWLIKOWICE","description":"","potentialAction":[{"@type":"SearchAction","target":{"@type":"EntryPoint","urlTemplate":"https:\/\/rodslonecznapolana.pl\/?s={search_term_string}"},"query-input":"required name=search_term_string"}],"inLanguage":"pl-PL"}]}},"_links":{"self":[{"href":"https:\/\/rodslonecznapolana.pl\/index.php\/wp-json\/wp\/v2\/pages\/77"}],"collection":[{"href":"https:\/\/rodslonecznapolana.pl\/index.php\/wp-json\/wp\/v2\/pages"}],"about":[{"href":"https:\/\/rodslonecznapolana.pl\/index.php\/wp-json\/wp\/v2\/types\/page"}],"author":[{"embeddable":true,"href":"https:\/\/rodslonecznapolana.pl\/index.php\/wp-json\/wp\/v2\/users\/3"}],"replies":[{"embeddable":true,"href":"https:\/\/rodslonecznapolana.pl\/index.php\/wp-json\/wp\/v2\/comments?post=77"}],"version-history":[{"count":1,"href":"https:\/\/rodslonecznapolana.pl\/index.php\/wp-json\/wp\/v2\/pages\/77\/revisions"}],"predecessor-version":[{"id":78,"href":"https:\/\/rodslonecznapolana.pl\/index.php\/wp-json\/wp\/v2\/pages\/77\/revisions\/78"}],"wp:attachment":[{"href":"https:\/\/rodslonecznapolana.pl\/index.php\/wp-json\/wp\/v2\/media?parent=77"}],"curies":[{"name":"wp","href":"https:\/\/api.w.org\/{rel}","templated":true}]}}