{"id":794,"date":"2017-09-21T13:29:43","date_gmt":"2017-09-21T11:29:43","guid":{"rendered":"http:\/\/rodslonecznapolana.pl\/?page_id=794"},"modified":"2017-09-21T13:37:08","modified_gmt":"2017-09-21T11:37:08","slug":"dzien-dziecka-17-06-2017","status":"publish","type":"page","link":"https:\/\/rodslonecznapolana.pl\/index.php\/dzien-dziecka-17-06-2017\/","title":{"rendered":"Dzie\u0144 dziecka 17.06.2017"},"content":{"rendered":"\n\t\t<style type=\"text\/css\">\n\t\t\t#gallery-1 {\n\t\t\t\tmargin: auto;\n\t\t\t}\n\t\t\t#gallery-1 .gallery-item {\n\t\t\t\tfloat: left;\n\t\t\t\tmargin-top: 10px;\n\t\t\t\ttext-align: center;\n\t\t\t\twidth: 16%;\n\t\t\t}\n\t\t\t#gallery-1 img {\n\t\t\t\tborder: 2px solid #cfcfcf;\n\t\t\t}\n\t\t\t#gallery-1 .gallery-caption {\n\t\t\t\tmargin-left: 0;\n\t\t\t}\n\t\t\t\/* see gallery_shortcode() in wp-includes\/media.php *\/\n\t\t<\/style>\n\t\t<div id='gallery-1' class='gallery galleryid-794 gallery-columns-6 gallery-size-thumbnail'><dl class='gallery-item'>\n\t\t\t<dt class='gallery-icon landscape'>\n\t\t\t\t<a class=\"grouped_elements\" rel=\"tc-fancybox-group\" href=\"https:\/\/rodslonecznapolana.pl\/wp-content\/uploads\/2017\/08\/0-7.jpg\" title=\"0\"><img loading=\"lazy\" decoding=\"async\" width=\"150\" height=\"150\" src=\"https:\/\/rodslonecznapolana.pl\/wp-content\/uploads\/2017\/08\/0-7-150x150.jpg\" class=\"attachment-thumbnail size-thumbnail\" alt=\"\" srcset=\"https:\/\/rodslonecznapolana.pl\/wp-content\/uploads\/2017\/08\/0-7-150x150.jpg 150w, https:\/\/rodslonecznapolana.pl\/wp-content\/uploads\/2017\/08\/0-7-510x510.jpg 510w\" sizes=\"(max-width: 150px) 100vw, 150px\" \/><\/a>\n\t\t\t<\/dt><\/dl><dl class='gallery-item'>\n\t\t\t<dt class='gallery-icon landscape'>\n\t\t\t\t<a class=\"grouped_elements\" rel=\"tc-fancybox-group\" href=\"https:\/\/rodslonecznapolana.pl\/wp-content\/uploads\/2017\/08\/1-7.jpg\" title=\"1\"><img loading=\"lazy\" decoding=\"async\" width=\"150\" height=\"150\" src=\"https:\/\/rodslonecznapolana.pl\/wp-content\/uploads\/2017\/08\/1-7-150x150.jpg\" class=\"attachment-thumbnail size-thumbnail\" alt=\"\" srcset=\"https:\/\/rodslonecznapolana.pl\/wp-content\/uploads\/2017\/08\/1-7-150x150.jpg 150w, https:\/\/rodslonecznapolana.pl\/wp-content\/uploads\/2017\/08\/1-7-510x510.jpg 510w\" sizes=\"(max-width: 150px) 100vw, 150px\" \/><\/a>\n\t\t\t<\/dt><\/dl><dl class='gallery-item'>\n\t\t\t<dt class='gallery-icon landscape'>\n\t\t\t\t<a class=\"grouped_elements\" rel=\"tc-fancybox-group\" href=\"https:\/\/rodslonecznapolana.pl\/wp-content\/uploads\/2017\/08\/2-7.jpg\" title=\"2\"><img loading=\"lazy\" decoding=\"async\" width=\"150\" height=\"150\" src=\"https:\/\/rodslonecznapolana.pl\/wp-content\/uploads\/2017\/08\/2-7-150x150.jpg\" class=\"attachment-thumbnail size-thumbnail\" alt=\"\" srcset=\"https:\/\/rodslonecznapolana.pl\/wp-content\/uploads\/2017\/08\/2-7-150x150.jpg 150w, https:\/\/rodslonecznapolana.pl\/wp-content\/uploads\/2017\/08\/2-7-510x510.jpg 510w\" sizes=\"(max-width: 150px) 100vw, 150px\" \/><\/a>\n\t\t\t<\/dt><\/dl><dl class='gallery-item'>\n\t\t\t<dt class='gallery-icon landscape'>\n\t\t\t\t<a class=\"grouped_elements\" rel=\"tc-fancybox-group\" href=\"https:\/\/rodslonecznapolana.pl\/wp-content\/uploads\/2017\/08\/3-7.jpg\" title=\"3\"><img loading=\"lazy\" decoding=\"async\" width=\"150\" height=\"150\" src=\"https:\/\/rodslonecznapolana.pl\/wp-content\/uploads\/2017\/08\/3-7-150x150.jpg\" class=\"attachment-thumbnail size-thumbnail\" alt=\"\" srcset=\"https:\/\/rodslonecznapolana.pl\/wp-content\/uploads\/2017\/08\/3-7-150x150.jpg 150w, https:\/\/rodslonecznapolana.pl\/wp-content\/uploads\/2017\/08\/3-7-510x510.jpg 510w\" sizes=\"(max-width: 150px) 100vw, 150px\" \/><\/a>\n\t\t\t<\/dt><\/dl><dl class='gallery-item'>\n\t\t\t<dt class='gallery-icon landscape'>\n\t\t\t\t<a class=\"grouped_elements\" rel=\"tc-fancybox-group\" href=\"https:\/\/rodslonecznapolana.pl\/wp-content\/uploads\/2017\/08\/4-7.jpg\" title=\"4\"><img loading=\"lazy\" decoding=\"async\" width=\"150\" height=\"150\" src=\"https:\/\/rodslonecznapolana.pl\/wp-content\/uploads\/2017\/08\/4-7-150x150.jpg\" class=\"attachment-thumbnail size-thumbnail\" alt=\"\" srcset=\"https:\/\/rodslonecznapolana.pl\/wp-content\/uploads\/2017\/08\/4-7-150x150.jpg 150w, https:\/\/rodslonecznapolana.pl\/wp-content\/uploads\/2017\/08\/4-7-510x510.jpg 510w\" sizes=\"(max-width: 150px) 100vw, 150px\" \/><\/a>\n\t\t\t<\/dt><\/dl><dl class='gallery-item'>\n\t\t\t<dt class='gallery-icon landscape'>\n\t\t\t\t<a class=\"grouped_elements\" rel=\"tc-fancybox-group\" href=\"https:\/\/rodslonecznapolana.pl\/wp-content\/uploads\/2017\/08\/5-7.jpg\" title=\"5\"><img loading=\"lazy\" decoding=\"async\" width=\"150\" height=\"150\" src=\"https:\/\/rodslonecznapolana.pl\/wp-content\/uploads\/2017\/08\/5-7-150x150.jpg\" class=\"attachment-thumbnail size-thumbnail\" alt=\"\" srcset=\"https:\/\/rodslonecznapolana.pl\/wp-content\/uploads\/2017\/08\/5-7-150x150.jpg 150w, https:\/\/rodslonecznapolana.pl\/wp-content\/uploads\/2017\/08\/5-7-510x510.jpg 510w\" sizes=\"(max-width: 150px) 100vw, 150px\" \/><\/a>\n\t\t\t<\/dt><\/dl><br style=\"clear: both\" \/><dl class='gallery-item'>\n\t\t\t<dt class='gallery-icon landscape'>\n\t\t\t\t<a class=\"grouped_elements\" rel=\"tc-fancybox-group\" href=\"https:\/\/rodslonecznapolana.pl\/wp-content\/uploads\/2017\/08\/6-7.jpg\" title=\"6\"><img loading=\"lazy\" decoding=\"async\" width=\"150\" height=\"150\" src=\"https:\/\/rodslonecznapolana.pl\/wp-content\/uploads\/2017\/08\/6-7-150x150.jpg\" class=\"attachment-thumbnail size-thumbnail\" alt=\"\" srcset=\"https:\/\/rodslonecznapolana.pl\/wp-content\/uploads\/2017\/08\/6-7-150x150.jpg 150w, https:\/\/rodslonecznapolana.pl\/wp-content\/uploads\/2017\/08\/6-7-510x510.jpg 510w\" sizes=\"(max-width: 150px) 100vw, 150px\" \/><\/a>\n\t\t\t<\/dt><\/dl><dl class='gallery-item'>\n\t\t\t<dt class='gallery-icon landscape'>\n\t\t\t\t<a class=\"grouped_elements\" rel=\"tc-fancybox-group\" href=\"https:\/\/rodslonecznapolana.pl\/wp-content\/uploads\/2017\/08\/7-7.jpg\" title=\"7\"><img loading=\"lazy\" decoding=\"async\" width=\"150\" height=\"150\" src=\"https:\/\/rodslonecznapolana.pl\/wp-content\/uploads\/2017\/08\/7-7-150x150.jpg\" class=\"attachment-thumbnail size-thumbnail\" alt=\"\" srcset=\"https:\/\/rodslonecznapolana.pl\/wp-content\/uploads\/2017\/08\/7-7-150x150.jpg 150w, https:\/\/rodslonecznapolana.pl\/wp-content\/uploads\/2017\/08\/7-7-510x510.jpg 510w\" sizes=\"(max-width: 150px) 100vw, 150px\" \/><\/a>\n\t\t\t<\/dt><\/dl><dl class='gallery-item'>\n\t\t\t<dt class='gallery-icon landscape'>\n\t\t\t\t<a class=\"grouped_elements\" rel=\"tc-fancybox-group\" href=\"https:\/\/rodslonecznapolana.pl\/wp-content\/uploads\/2017\/08\/8-7.jpg\" title=\"8\"><img loading=\"lazy\" decoding=\"async\" width=\"150\" height=\"150\" src=\"https:\/\/rodslonecznapolana.pl\/wp-content\/uploads\/2017\/08\/8-7-150x150.jpg\" class=\"attachment-thumbnail size-thumbnail\" alt=\"\" srcset=\"https:\/\/rodslonecznapolana.pl\/wp-content\/uploads\/2017\/08\/8-7-150x150.jpg 150w, https:\/\/rodslonecznapolana.pl\/wp-content\/uploads\/2017\/08\/8-7-510x510.jpg 510w\" sizes=\"(max-width: 150px) 100vw, 150px\" \/><\/a>\n\t\t\t<\/dt><\/dl><dl class='gallery-item'>\n\t\t\t<dt class='gallery-icon landscape'>\n\t\t\t\t<a class=\"grouped_elements\" rel=\"tc-fancybox-group\" href=\"https:\/\/rodslonecznapolana.pl\/wp-content\/uploads\/2017\/08\/9-6.jpg\" title=\"9\"><img loading=\"lazy\" decoding=\"async\" width=\"150\" height=\"150\" src=\"https:\/\/rodslonecznapolana.pl\/wp-content\/uploads\/2017\/08\/9-6-150x150.jpg\" class=\"attachment-thumbnail size-thumbnail\" alt=\"\" srcset=\"https:\/\/rodslonecznapolana.pl\/wp-content\/uploads\/2017\/08\/9-6-150x150.jpg 150w, https:\/\/rodslonecznapolana.pl\/wp-content\/uploads\/2017\/08\/9-6-510x510.jpg 510w\" sizes=\"(max-width: 150px) 100vw, 150px\" \/><\/a>\n\t\t\t<\/dt><\/dl><dl class='gallery-item'>\n\t\t\t<dt class='gallery-icon landscape'>\n\t\t\t\t<a class=\"grouped_elements\" rel=\"tc-fancybox-group\" href=\"https:\/\/rodslonecznapolana.pl\/wp-content\/uploads\/2017\/08\/10-5.jpg\" title=\"10\"><img loading=\"lazy\" decoding=\"async\" width=\"150\" height=\"150\" src=\"https:\/\/rodslonecznapolana.pl\/wp-content\/uploads\/2017\/08\/10-5-150x150.jpg\" class=\"attachment-thumbnail size-thumbnail\" alt=\"\" srcset=\"https:\/\/rodslonecznapolana.pl\/wp-content\/uploads\/2017\/08\/10-5-150x150.jpg 150w, https:\/\/rodslonecznapolana.pl\/wp-content\/uploads\/2017\/08\/10-5-510x510.jpg 510w\" sizes=\"(max-width: 150px) 100vw, 150px\" \/><\/a>\n\t\t\t<\/dt><\/dl><dl class='gallery-item'>\n\t\t\t<dt class='gallery-icon landscape'>\n\t\t\t\t<a class=\"grouped_elements\" rel=\"tc-fancybox-group\" href=\"https:\/\/rodslonecznapolana.pl\/wp-content\/uploads\/2017\/08\/11-5.jpg\" title=\"11\"><img loading=\"lazy\" decoding=\"async\" width=\"150\" height=\"150\" src=\"https:\/\/rodslonecznapolana.pl\/wp-content\/uploads\/2017\/08\/11-5-150x150.jpg\" class=\"attachment-thumbnail size-thumbnail\" alt=\"\" srcset=\"https:\/\/rodslonecznapolana.pl\/wp-content\/uploads\/2017\/08\/11-5-150x150.jpg 150w, https:\/\/rodslonecznapolana.pl\/wp-content\/uploads\/2017\/08\/11-5-510x510.jpg 510w\" sizes=\"(max-width: 150px) 100vw, 150px\" \/><\/a>\n\t\t\t<\/dt><\/dl><br style=\"clear: both\" \/><dl class='gallery-item'>\n\t\t\t<dt class='gallery-icon landscape'>\n\t\t\t\t<a class=\"grouped_elements\" rel=\"tc-fancybox-group\" href=\"https:\/\/rodslonecznapolana.pl\/wp-content\/uploads\/2017\/08\/12-5.jpg\" title=\"12\"><img loading=\"lazy\" decoding=\"async\" width=\"150\" height=\"150\" src=\"https:\/\/rodslonecznapolana.pl\/wp-content\/uploads\/2017\/08\/12-5-150x150.jpg\" class=\"attachment-thumbnail size-thumbnail\" alt=\"\" srcset=\"https:\/\/rodslonecznapolana.pl\/wp-content\/uploads\/2017\/08\/12-5-150x150.jpg 150w, https:\/\/rodslonecznapolana.pl\/wp-content\/uploads\/2017\/08\/12-5-510x510.jpg 510w\" sizes=\"(max-width: 150px) 100vw, 150px\" \/><\/a>\n\t\t\t<\/dt><\/dl><dl class='gallery-item'>\n\t\t\t<dt class='gallery-icon landscape'>\n\t\t\t\t<a class=\"grouped_elements\" rel=\"tc-fancybox-group\" href=\"https:\/\/rodslonecznapolana.pl\/wp-content\/uploads\/2017\/08\/13-5.jpg\" title=\"13\"><img loading=\"lazy\" decoding=\"async\" width=\"150\" height=\"150\" src=\"https:\/\/rodslonecznapolana.pl\/wp-content\/uploads\/2017\/08\/13-5-150x150.jpg\" class=\"attachment-thumbnail size-thumbnail\" alt=\"\" srcset=\"https:\/\/rodslonecznapolana.pl\/wp-content\/uploads\/2017\/08\/13-5-150x150.jpg 150w, https:\/\/rodslonecznapolana.pl\/wp-content\/uploads\/2017\/08\/13-5-510x510.jpg 510w\" sizes=\"(max-width: 150px) 100vw, 150px\" \/><\/a>\n\t\t\t<\/dt><\/dl><dl class='gallery-item'>\n\t\t\t<dt class='gallery-icon landscape'>\n\t\t\t\t<a class=\"grouped_elements\" rel=\"tc-fancybox-group\" href=\"https:\/\/rodslonecznapolana.pl\/wp-content\/uploads\/2017\/08\/14-5.jpg\" title=\"14\"><img loading=\"lazy\" decoding=\"async\" width=\"150\" height=\"150\" src=\"https:\/\/rodslonecznapolana.pl\/wp-content\/uploads\/2017\/08\/14-5-150x150.jpg\" class=\"attachment-thumbnail size-thumbnail\" alt=\"\" srcset=\"https:\/\/rodslonecznapolana.pl\/wp-content\/uploads\/2017\/08\/14-5-150x150.jpg 150w, https:\/\/rodslonecznapolana.pl\/wp-content\/uploads\/2017\/08\/14-5-510x510.jpg 510w\" sizes=\"(max-width: 150px) 100vw, 150px\" \/><\/a>\n\t\t\t<\/dt><\/dl><dl class='gallery-item'>\n\t\t\t<dt class='gallery-icon landscape'>\n\t\t\t\t<a class=\"grouped_elements\" rel=\"tc-fancybox-group\" href=\"https:\/\/rodslonecznapolana.pl\/wp-content\/uploads\/2017\/08\/15-5.jpg\" title=\"15\"><img loading=\"lazy\" decoding=\"async\" width=\"150\" height=\"150\" src=\"https:\/\/rodslonecznapolana.pl\/wp-content\/uploads\/2017\/08\/15-5-150x150.jpg\" class=\"attachment-thumbnail size-thumbnail\" alt=\"\" srcset=\"https:\/\/rodslonecznapolana.pl\/wp-content\/uploads\/2017\/08\/15-5-150x150.jpg 150w, https:\/\/rodslonecznapolana.pl\/wp-content\/uploads\/2017\/08\/15-5-510x510.jpg 510w\" sizes=\"(max-width: 150px) 100vw, 150px\" \/><\/a>\n\t\t\t<\/dt><\/dl><dl class='gallery-item'>\n\t\t\t<dt class='gallery-icon landscape'>\n\t\t\t\t<a class=\"grouped_elements\" rel=\"tc-fancybox-group\" href=\"https:\/\/rodslonecznapolana.pl\/wp-content\/uploads\/2017\/08\/16-5.jpg\" title=\"16\"><img loading=\"lazy\" decoding=\"async\" width=\"150\" height=\"150\" src=\"https:\/\/rodslonecznapolana.pl\/wp-content\/uploads\/2017\/08\/16-5-150x150.jpg\" class=\"attachment-thumbnail size-thumbnail\" alt=\"\" srcset=\"https:\/\/rodslonecznapolana.pl\/wp-content\/uploads\/2017\/08\/16-5-150x150.jpg 150w, https:\/\/rodslonecznapolana.pl\/wp-content\/uploads\/2017\/08\/16-5-510x510.jpg 510w\" sizes=\"(max-width: 150px) 100vw, 150px\" \/><\/a>\n\t\t\t<\/dt><\/dl><dl class='gallery-item'>\n\t\t\t<dt class='gallery-icon landscape'>\n\t\t\t\t<a class=\"grouped_elements\" rel=\"tc-fancybox-group\" href=\"https:\/\/rodslonecznapolana.pl\/wp-content\/uploads\/2017\/08\/17-5.jpg\" title=\"17\"><img loading=\"lazy\" decoding=\"async\" width=\"150\" height=\"150\" src=\"https:\/\/rodslonecznapolana.pl\/wp-content\/uploads\/2017\/08\/17-5-150x150.jpg\" class=\"attachment-thumbnail size-thumbnail\" alt=\"\" srcset=\"https:\/\/rodslonecznapolana.pl\/wp-content\/uploads\/2017\/08\/17-5-150x150.jpg 150w, https:\/\/rodslonecznapolana.pl\/wp-content\/uploads\/2017\/08\/17-5-510x510.jpg 510w\" sizes=\"(max-width: 150px) 100vw, 150px\" \/><\/a>\n\t\t\t<\/dt><\/dl><br style=\"clear: both\" \/><dl class='gallery-item'>\n\t\t\t<dt class='gallery-icon landscape'>\n\t\t\t\t<a class=\"grouped_elements\" rel=\"tc-fancybox-group\" href=\"https:\/\/rodslonecznapolana.pl\/wp-content\/uploads\/2017\/08\/18-5.jpg\" title=\"18\"><img loading=\"lazy\" decoding=\"async\" width=\"150\" height=\"150\" src=\"https:\/\/rodslonecznapolana.pl\/wp-content\/uploads\/2017\/08\/18-5-150x150.jpg\" class=\"attachment-thumbnail size-thumbnail\" alt=\"\" srcset=\"https:\/\/rodslonecznapolana.pl\/wp-content\/uploads\/2017\/08\/18-5-150x150.jpg 150w, https:\/\/rodslonecznapolana.pl\/wp-content\/uploads\/2017\/08\/18-5-510x510.jpg 510w\" sizes=\"(max-width: 150px) 100vw, 150px\" \/><\/a>\n\t\t\t<\/dt><\/dl><dl class='gallery-item'>\n\t\t\t<dt class='gallery-icon landscape'>\n\t\t\t\t<a class=\"grouped_elements\" rel=\"tc-fancybox-group\" href=\"https:\/\/rodslonecznapolana.pl\/wp-content\/uploads\/2017\/08\/19-5.jpg\" title=\"19\"><img loading=\"lazy\" decoding=\"async\" width=\"150\" height=\"150\" src=\"https:\/\/rodslonecznapolana.pl\/wp-content\/uploads\/2017\/08\/19-5-150x150.jpg\" class=\"attachment-thumbnail size-thumbnail\" alt=\"\" srcset=\"https:\/\/rodslonecznapolana.pl\/wp-content\/uploads\/2017\/08\/19-5-150x150.jpg 150w, https:\/\/rodslonecznapolana.pl\/wp-content\/uploads\/2017\/08\/19-5-510x510.jpg 510w\" sizes=\"(max-width: 150px) 100vw, 150px\" \/><\/a>\n\t\t\t<\/dt><\/dl><dl class='gallery-item'>\n\t\t\t<dt class='gallery-icon landscape'>\n\t\t\t\t<a class=\"grouped_elements\" rel=\"tc-fancybox-group\" href=\"https:\/\/rodslonecznapolana.pl\/wp-content\/uploads\/2017\/08\/20-5.jpg\" title=\"20\"><img loading=\"lazy\" decoding=\"async\" width=\"150\" height=\"150\" src=\"https:\/\/rodslonecznapolana.pl\/wp-content\/uploads\/2017\/08\/20-5-150x150.jpg\" class=\"attachment-thumbnail size-thumbnail\" alt=\"\" srcset=\"https:\/\/rodslonecznapolana.pl\/wp-content\/uploads\/2017\/08\/20-5-150x150.jpg 150w, https:\/\/rodslonecznapolana.pl\/wp-content\/uploads\/2017\/08\/20-5-510x510.jpg 510w\" sizes=\"(max-width: 150px) 100vw, 150px\" \/><\/a>\n\t\t\t<\/dt><\/dl><dl class='gallery-item'>\n\t\t\t<dt class='gallery-icon landscape'>\n\t\t\t\t<a class=\"grouped_elements\" rel=\"tc-fancybox-group\" href=\"https:\/\/rodslonecznapolana.pl\/wp-content\/uploads\/2017\/08\/21-5.jpg\" title=\"21\"><img loading=\"lazy\" decoding=\"async\" width=\"150\" height=\"150\" src=\"https:\/\/rodslonecznapolana.pl\/wp-content\/uploads\/2017\/08\/21-5-150x150.jpg\" class=\"attachment-thumbnail size-thumbnail\" alt=\"\" srcset=\"https:\/\/rodslonecznapolana.pl\/wp-content\/uploads\/2017\/08\/21-5-150x150.jpg 150w, https:\/\/rodslonecznapolana.pl\/wp-content\/uploads\/2017\/08\/21-5-510x510.jpg 510w\" sizes=\"(max-width: 150px) 100vw, 150px\" \/><\/a>\n\t\t\t<\/dt><\/dl><dl class='gallery-item'>\n\t\t\t<dt class='gallery-icon landscape'>\n\t\t\t\t<a class=\"grouped_elements\" rel=\"tc-fancybox-group\" href=\"https:\/\/rodslonecznapolana.pl\/wp-content\/uploads\/2017\/08\/22-5.jpg\" title=\"22\"><img loading=\"lazy\" decoding=\"async\" width=\"150\" height=\"150\" src=\"https:\/\/rodslonecznapolana.pl\/wp-content\/uploads\/2017\/08\/22-5-150x150.jpg\" class=\"attachment-thumbnail size-thumbnail\" alt=\"\" srcset=\"https:\/\/rodslonecznapolana.pl\/wp-content\/uploads\/2017\/08\/22-5-150x150.jpg 150w, https:\/\/rodslonecznapolana.pl\/wp-content\/uploads\/2017\/08\/22-5-510x510.jpg 510w\" sizes=\"(max-width: 150px) 100vw, 150px\" \/><\/a>\n\t\t\t<\/dt><\/dl><dl class='gallery-item'>\n\t\t\t<dt class='gallery-icon landscape'>\n\t\t\t\t<a class=\"grouped_elements\" rel=\"tc-fancybox-group\" href=\"https:\/\/rodslonecznapolana.pl\/wp-content\/uploads\/2017\/08\/23-4.jpg\" title=\"23\"><img loading=\"lazy\" decoding=\"async\" width=\"150\" height=\"150\" src=\"https:\/\/rodslonecznapolana.pl\/wp-content\/uploads\/2017\/08\/23-4-150x150.jpg\" class=\"attachment-thumbnail size-thumbnail\" alt=\"\" srcset=\"https:\/\/rodslonecznapolana.pl\/wp-content\/uploads\/2017\/08\/23-4-150x150.jpg 150w, https:\/\/rodslonecznapolana.pl\/wp-content\/uploads\/2017\/08\/23-4-510x510.jpg 510w\" sizes=\"(max-width: 150px) 100vw, 150px\" \/><\/a>\n\t\t\t<\/dt><\/dl><br style=\"clear: both\" \/><dl class='gallery-item'>\n\t\t\t<dt class='gallery-icon landscape'>\n\t\t\t\t<a class=\"grouped_elements\" rel=\"tc-fancybox-group\" href=\"https:\/\/rodslonecznapolana.pl\/wp-content\/uploads\/2017\/08\/24-4.jpg\" title=\"24\"><img loading=\"lazy\" decoding=\"async\" width=\"150\" height=\"150\" src=\"https:\/\/rodslonecznapolana.pl\/wp-content\/uploads\/2017\/08\/24-4-150x150.jpg\" class=\"attachment-thumbnail size-thumbnail\" alt=\"\" srcset=\"https:\/\/rodslonecznapolana.pl\/wp-content\/uploads\/2017\/08\/24-4-150x150.jpg 150w, https:\/\/rodslonecznapolana.pl\/wp-content\/uploads\/2017\/08\/24-4-510x510.jpg 510w\" sizes=\"(max-width: 150px) 100vw, 150px\" \/><\/a>\n\t\t\t<\/dt><\/dl><dl class='gallery-item'>\n\t\t\t<dt class='gallery-icon landscape'>\n\t\t\t\t<a class=\"grouped_elements\" rel=\"tc-fancybox-group\" href=\"https:\/\/rodslonecznapolana.pl\/wp-content\/uploads\/2017\/08\/25-4.jpg\" title=\"25\"><img loading=\"lazy\" decoding=\"async\" width=\"150\" height=\"150\" src=\"https:\/\/rodslonecznapolana.pl\/wp-content\/uploads\/2017\/08\/25-4-150x150.jpg\" class=\"attachment-thumbnail size-thumbnail\" alt=\"\" srcset=\"https:\/\/rodslonecznapolana.pl\/wp-content\/uploads\/2017\/08\/25-4-150x150.jpg 150w, https:\/\/rodslonecznapolana.pl\/wp-content\/uploads\/2017\/08\/25-4-510x510.jpg 510w\" sizes=\"(max-width: 150px) 100vw, 150px\" \/><\/a>\n\t\t\t<\/dt><\/dl><dl class='gallery-item'>\n\t\t\t<dt class='gallery-icon landscape'>\n\t\t\t\t<a class=\"grouped_elements\" rel=\"tc-fancybox-group\" href=\"https:\/\/rodslonecznapolana.pl\/wp-content\/uploads\/2017\/08\/26-4.jpg\" title=\"26\"><img loading=\"lazy\" decoding=\"async\" width=\"150\" height=\"150\" src=\"https:\/\/rodslonecznapolana.pl\/wp-content\/uploads\/2017\/08\/26-4-150x150.jpg\" class=\"attachment-thumbnail size-thumbnail\" alt=\"\" srcset=\"https:\/\/rodslonecznapolana.pl\/wp-content\/uploads\/2017\/08\/26-4-150x150.jpg 150w, https:\/\/rodslonecznapolana.pl\/wp-content\/uploads\/2017\/08\/26-4-510x510.jpg 510w\" sizes=\"(max-width: 150px) 100vw, 150px\" \/><\/a>\n\t\t\t<\/dt><\/dl>\n\t\t\t<br style='clear: both' \/>\n\t\t<\/div>\n\n","protected":false},"excerpt":{"rendered":"","protected":false},"author":2,"featured_media":0,"parent":0,"menu_order":0,"comment_status":"closed","ping_status":"closed","template":"","meta":{"footnotes":""},"yoast_head":"<!-- This site is optimized with the Yoast SEO plugin v22.6 - https:\/\/yoast.com\/wordpress\/plugins\/seo\/ -->\n<title>Dzie\u0144 dziecka 17.06.2017 - OGRODY DZIA\u0141KOWE S\u0141ONECZNA POLANA PAWLIKOWICE<\/title>\n<meta name=\"robots\" content=\"index, follow, max-snippet:-1, max-image-preview:large, max-video-preview:-1\" \/>\n<link rel=\"canonical\" href=\"https:\/\/rodslonecznapolana.pl\/index.php\/dzien-dziecka-17-06-2017\/\" \/>\n<meta property=\"og:locale\" content=\"pl_PL\" \/>\n<meta property=\"og:type\" content=\"article\" \/>\n<meta property=\"og:title\" content=\"Dzie\u0144 dziecka 17.06.2017 - OGRODY DZIA\u0141KOWE S\u0141ONECZNA POLANA PAWLIKOWICE\" \/>\n<meta property=\"og:url\" content=\"https:\/\/rodslonecznapolana.pl\/index.php\/dzien-dziecka-17-06-2017\/\" \/>\n<meta property=\"og:site_name\" content=\"OGRODY DZIA\u0141KOWE S\u0141ONECZNA POLANA PAWLIKOWICE\" \/>\n<meta property=\"article:modified_time\" content=\"2017-09-21T11:37:08+00:00\" \/>\n<meta property=\"og:image\" content=\"https:\/\/rodslonecznapolana.pl\/wp-content\/uploads\/2017\/08\/0-7-150x150.jpg\" \/>\n<meta name=\"twitter:card\" content=\"summary_large_image\" \/>\n<script type=\"application\/ld+json\" class=\"yoast-schema-graph\">{\"@context\":\"https:\/\/schema.org\",\"@graph\":[{\"@type\":\"WebPage\",\"@id\":\"https:\/\/rodslonecznapolana.pl\/index.php\/dzien-dziecka-17-06-2017\/\",\"url\":\"https:\/\/rodslonecznapolana.pl\/index.php\/dzien-dziecka-17-06-2017\/\",\"name\":\"Dzie\u0144 dziecka 17.06.2017 - OGRODY DZIA\u0141KOWE S\u0141ONECZNA POLANA PAWLIKOWICE\",\"isPartOf\":{\"@id\":\"https:\/\/rodslonecznapolana.pl\/#website\"},\"datePublished\":\"2017-09-21T11:29:43+00:00\",\"dateModified\":\"2017-09-21T11:37:08+00:00\",\"breadcrumb\":{\"@id\":\"https:\/\/rodslonecznapolana.pl\/index.php\/dzien-dziecka-17-06-2017\/#breadcrumb\"},\"inLanguage\":\"pl-PL\",\"potentialAction\":[{\"@type\":\"ReadAction\",\"target\":[\"https:\/\/rodslonecznapolana.pl\/index.php\/dzien-dziecka-17-06-2017\/\"]}]},{\"@type\":\"BreadcrumbList\",\"@id\":\"https:\/\/rodslonecznapolana.pl\/index.php\/dzien-dziecka-17-06-2017\/#breadcrumb\",\"itemListElement\":[{\"@type\":\"ListItem\",\"position\":1,\"name\":\"Strona g\u0142\u00f3wna\",\"item\":\"https:\/\/rodslonecznapolana.pl\/\"},{\"@type\":\"ListItem\",\"position\":2,\"name\":\"Dzie\u0144 dziecka 17.06.2017\"}]},{\"@type\":\"WebSite\",\"@id\":\"https:\/\/rodslonecznapolana.pl\/#website\",\"url\":\"https:\/\/rodslonecznapolana.pl\/\",\"name\":\"OGRODY DZIA\u0141KOWE S\u0141ONECZNA POLANA PAWLIKOWICE\",\"description\":\"\",\"potentialAction\":[{\"@type\":\"SearchAction\",\"target\":{\"@type\":\"EntryPoint\",\"urlTemplate\":\"https:\/\/rodslonecznapolana.pl\/?s={search_term_string}\"},\"query-input\":\"required name=search_term_string\"}],\"inLanguage\":\"pl-PL\"}]}<\/script>\n<!-- \/ Yoast SEO plugin. -->","yoast_head_json":{"title":"Dzie\u0144 dziecka 17.06.2017 - OGRODY DZIA\u0141KOWE S\u0141ONECZNA POLANA PAWLIKOWICE","robots":{"index":"index","follow":"follow","max-snippet":"max-snippet:-1","max-image-preview":"max-image-preview:large","max-video-preview":"max-video-preview:-1"},"canonical":"https:\/\/rodslonecznapolana.pl\/index.php\/dzien-dziecka-17-06-2017\/","og_locale":"pl_PL","og_type":"article","og_title":"Dzie\u0144 dziecka 17.06.2017 - OGRODY DZIA\u0141KOWE S\u0141ONECZNA POLANA PAWLIKOWICE","og_url":"https:\/\/rodslonecznapolana.pl\/index.php\/dzien-dziecka-17-06-2017\/","og_site_name":"OGRODY DZIA\u0141KOWE S\u0141ONECZNA POLANA PAWLIKOWICE","article_modified_time":"2017-09-21T11:37:08+00:00","og_image":[{"url":"https:\/\/rodslonecznapolana.pl\/wp-content\/uploads\/2017\/08\/0-7-150x150.jpg"}],"twitter_card":"summary_large_image","schema":{"@context":"https:\/\/schema.org","@graph":[{"@type":"WebPage","@id":"https:\/\/rodslonecznapolana.pl\/index.php\/dzien-dziecka-17-06-2017\/","url":"https:\/\/rodslonecznapolana.pl\/index.php\/dzien-dziecka-17-06-2017\/","name":"Dzie\u0144 dziecka 17.06.2017 - OGRODY DZIA\u0141KOWE S\u0141ONECZNA POLANA PAWLIKOWICE","isPartOf":{"@id":"https:\/\/rodslonecznapolana.pl\/#website"},"datePublished":"2017-09-21T11:29:43+00:00","dateModified":"2017-09-21T11:37:08+00:00","breadcrumb":{"@id":"https:\/\/rodslonecznapolana.pl\/index.php\/dzien-dziecka-17-06-2017\/#breadcrumb"},"inLanguage":"pl-PL","potentialAction":[{"@type":"ReadAction","target":["https:\/\/rodslonecznapolana.pl\/index.php\/dzien-dziecka-17-06-2017\/"]}]},{"@type":"BreadcrumbList","@id":"https:\/\/rodslonecznapolana.pl\/index.php\/dzien-dziecka-17-06-2017\/#breadcrumb","itemListElement":[{"@type":"ListItem","position":1,"name":"Strona g\u0142\u00f3wna","item":"https:\/\/rodslonecznapolana.pl\/"},{"@type":"ListItem","position":2,"name":"Dzie\u0144 dziecka 17.06.2017"}]},{"@type":"WebSite","@id":"https:\/\/rodslonecznapolana.pl\/#website","url":"https:\/\/rodslonecznapolana.pl\/","name":"OGRODY DZIA\u0141KOWE S\u0141ONECZNA POLANA PAWLIKOWICE","description":"","potentialAction":[{"@type":"SearchAction","target":{"@type":"EntryPoint","urlTemplate":"https:\/\/rodslonecznapolana.pl\/?s={search_term_string}"},"query-input":"required name=search_term_string"}],"inLanguage":"pl-PL"}]}},"_links":{"self":[{"href":"https:\/\/rodslonecznapolana.pl\/index.php\/wp-json\/wp\/v2\/pages\/794"}],"collection":[{"href":"https:\/\/rodslonecznapolana.pl\/index.php\/wp-json\/wp\/v2\/pages"}],"about":[{"href":"https:\/\/rodslonecznapolana.pl\/index.php\/wp-json\/wp\/v2\/types\/page"}],"author":[{"embeddable":true,"href":"https:\/\/rodslonecznapolana.pl\/index.php\/wp-json\/wp\/v2\/users\/2"}],"replies":[{"embeddable":true,"href":"https:\/\/rodslonecznapolana.pl\/index.php\/wp-json\/wp\/v2\/comments?post=794"}],"version-history":[{"count":3,"href":"https:\/\/rodslonecznapolana.pl\/index.php\/wp-json\/wp\/v2\/pages\/794\/revisions"}],"predecessor-version":[{"id":816,"href":"https:\/\/rodslonecznapolana.pl\/index.php\/wp-json\/wp\/v2\/pages\/794\/revisions\/816"}],"wp:attachment":[{"href":"https:\/\/rodslonecznapolana.pl\/index.php\/wp-json\/wp\/v2\/media?parent=794"}],"curies":[{"name":"wp","href":"https:\/\/api.w.org\/{rel}","templated":true}]}}