{"id":8,"date":"2017-08-14T07:08:47","date_gmt":"2017-08-14T05:08:47","guid":{"rendered":"http:\/\/rodslonecznapolana.pl\/?page_id=8"},"modified":"2017-09-21T13:54:19","modified_gmt":"2017-09-21T11:54:19","slug":"galeria","status":"publish","type":"page","link":"https:\/\/rodslonecznapolana.pl\/index.php\/galeria\/","title":{"rendered":"Galeria"},"content":{"rendered":"<p><strong>Nasz ogr\u00f3d<\/strong><\/p>\n\n\t\t<style type=\"text\/css\">\n\t\t\t#gallery-1 {\n\t\t\t\tmargin: auto;\n\t\t\t}\n\t\t\t#gallery-1 .gallery-item {\n\t\t\t\tfloat: left;\n\t\t\t\tmargin-top: 10px;\n\t\t\t\ttext-align: center;\n\t\t\t\twidth: 16%;\n\t\t\t}\n\t\t\t#gallery-1 img {\n\t\t\t\tborder: 2px solid #cfcfcf;\n\t\t\t}\n\t\t\t#gallery-1 .gallery-caption {\n\t\t\t\tmargin-left: 0;\n\t\t\t}\n\t\t\t\/* see gallery_shortcode() in wp-includes\/media.php *\/\n\t\t<\/style>\n\t\t<div id='gallery-1' class='gallery galleryid-8 gallery-columns-6 gallery-size-thumbnail'><dl class='gallery-item'>\n\t\t\t<dt class='gallery-icon portrait'>\n\t\t\t\t<a class=\"grouped_elements\" rel=\"tc-fancybox-group\" href=\"https:\/\/rodslonecznapolana.pl\/wp-content\/uploads\/2017\/08\/0-8.jpg\" title=\"0\"><img loading=\"lazy\" decoding=\"async\" width=\"150\" height=\"150\" src=\"https:\/\/rodslonecznapolana.pl\/wp-content\/uploads\/2017\/08\/0-8-150x150.jpg\" class=\"attachment-thumbnail size-thumbnail\" alt=\"\" srcset=\"https:\/\/rodslonecznapolana.pl\/wp-content\/uploads\/2017\/08\/0-8-150x150.jpg 150w, https:\/\/rodslonecznapolana.pl\/wp-content\/uploads\/2017\/08\/0-8-510x510.jpg 510w\" sizes=\"(max-width: 150px) 100vw, 150px\" \/><\/a>\n\t\t\t<\/dt><\/dl><dl class='gallery-item'>\n\t\t\t<dt class='gallery-icon landscape'>\n\t\t\t\t<a class=\"grouped_elements\" rel=\"tc-fancybox-group\" href=\"https:\/\/rodslonecznapolana.pl\/wp-content\/uploads\/2017\/08\/1-8.jpg\" title=\"1\"><img loading=\"lazy\" decoding=\"async\" width=\"150\" height=\"150\" src=\"https:\/\/rodslonecznapolana.pl\/wp-content\/uploads\/2017\/08\/1-8-150x150.jpg\" class=\"attachment-thumbnail size-thumbnail\" alt=\"\" srcset=\"https:\/\/rodslonecznapolana.pl\/wp-content\/uploads\/2017\/08\/1-8-150x150.jpg 150w, https:\/\/rodslonecznapolana.pl\/wp-content\/uploads\/2017\/08\/1-8-510x510.jpg 510w\" sizes=\"(max-width: 150px) 100vw, 150px\" \/><\/a>\n\t\t\t<\/dt><\/dl><dl class='gallery-item'>\n\t\t\t<dt class='gallery-icon portrait'>\n\t\t\t\t<a class=\"grouped_elements\" rel=\"tc-fancybox-group\" href=\"https:\/\/rodslonecznapolana.pl\/wp-content\/uploads\/2017\/08\/2-8.jpg\" title=\"2\"><img loading=\"lazy\" decoding=\"async\" width=\"150\" height=\"150\" src=\"https:\/\/rodslonecznapolana.pl\/wp-content\/uploads\/2017\/08\/2-8-150x150.jpg\" class=\"attachment-thumbnail size-thumbnail\" alt=\"\" srcset=\"https:\/\/rodslonecznapolana.pl\/wp-content\/uploads\/2017\/08\/2-8-150x150.jpg 150w, https:\/\/rodslonecznapolana.pl\/wp-content\/uploads\/2017\/08\/2-8-510x510.jpg 510w\" sizes=\"(max-width: 150px) 100vw, 150px\" \/><\/a>\n\t\t\t<\/dt><\/dl><dl class='gallery-item'>\n\t\t\t<dt class='gallery-icon landscape'>\n\t\t\t\t<a class=\"grouped_elements\" rel=\"tc-fancybox-group\" href=\"https:\/\/rodslonecznapolana.pl\/wp-content\/uploads\/2017\/08\/3-8.jpg\" title=\"3\"><img loading=\"lazy\" decoding=\"async\" width=\"150\" height=\"150\" src=\"https:\/\/rodslonecznapolana.pl\/wp-content\/uploads\/2017\/08\/3-8-150x150.jpg\" class=\"attachment-thumbnail size-thumbnail\" alt=\"\" srcset=\"https:\/\/rodslonecznapolana.pl\/wp-content\/uploads\/2017\/08\/3-8-150x150.jpg 150w, https:\/\/rodslonecznapolana.pl\/wp-content\/uploads\/2017\/08\/3-8-510x510.jpg 510w\" sizes=\"(max-width: 150px) 100vw, 150px\" \/><\/a>\n\t\t\t<\/dt><\/dl><dl class='gallery-item'>\n\t\t\t<dt class='gallery-icon landscape'>\n\t\t\t\t<a class=\"grouped_elements\" rel=\"tc-fancybox-group\" href=\"https:\/\/rodslonecznapolana.pl\/wp-content\/uploads\/2017\/08\/4-8.jpg\" title=\"4\"><img loading=\"lazy\" decoding=\"async\" width=\"150\" height=\"150\" src=\"https:\/\/rodslonecznapolana.pl\/wp-content\/uploads\/2017\/08\/4-8-150x150.jpg\" class=\"attachment-thumbnail size-thumbnail\" alt=\"\" srcset=\"https:\/\/rodslonecznapolana.pl\/wp-content\/uploads\/2017\/08\/4-8-150x150.jpg 150w, https:\/\/rodslonecznapolana.pl\/wp-content\/uploads\/2017\/08\/4-8-510x510.jpg 510w\" sizes=\"(max-width: 150px) 100vw, 150px\" \/><\/a>\n\t\t\t<\/dt><\/dl><dl class='gallery-item'>\n\t\t\t<dt class='gallery-icon landscape'>\n\t\t\t\t<a class=\"grouped_elements\" rel=\"tc-fancybox-group\" href=\"https:\/\/rodslonecznapolana.pl\/wp-content\/uploads\/2017\/08\/5-8.jpg\" title=\"5\"><img loading=\"lazy\" decoding=\"async\" width=\"150\" height=\"150\" src=\"https:\/\/rodslonecznapolana.pl\/wp-content\/uploads\/2017\/08\/5-8-150x150.jpg\" class=\"attachment-thumbnail size-thumbnail\" alt=\"\" srcset=\"https:\/\/rodslonecznapolana.pl\/wp-content\/uploads\/2017\/08\/5-8-150x150.jpg 150w, https:\/\/rodslonecznapolana.pl\/wp-content\/uploads\/2017\/08\/5-8-510x510.jpg 510w\" sizes=\"(max-width: 150px) 100vw, 150px\" \/><\/a>\n\t\t\t<\/dt><\/dl><br style=\"clear: both\" \/><dl class='gallery-item'>\n\t\t\t<dt class='gallery-icon landscape'>\n\t\t\t\t<a class=\"grouped_elements\" rel=\"tc-fancybox-group\" href=\"https:\/\/rodslonecznapolana.pl\/wp-content\/uploads\/2017\/08\/6-8.jpg\" title=\"6\"><img loading=\"lazy\" decoding=\"async\" width=\"150\" height=\"150\" src=\"https:\/\/rodslonecznapolana.pl\/wp-content\/uploads\/2017\/08\/6-8-150x150.jpg\" class=\"attachment-thumbnail size-thumbnail\" alt=\"\" srcset=\"https:\/\/rodslonecznapolana.pl\/wp-content\/uploads\/2017\/08\/6-8-150x150.jpg 150w, https:\/\/rodslonecznapolana.pl\/wp-content\/uploads\/2017\/08\/6-8-510x510.jpg 510w\" sizes=\"(max-width: 150px) 100vw, 150px\" \/><\/a>\n\t\t\t<\/dt><\/dl><dl class='gallery-item'>\n\t\t\t<dt class='gallery-icon landscape'>\n\t\t\t\t<a class=\"grouped_elements\" rel=\"tc-fancybox-group\" href=\"https:\/\/rodslonecznapolana.pl\/wp-content\/uploads\/2017\/08\/7-8.jpg\" title=\"7\"><img loading=\"lazy\" decoding=\"async\" width=\"150\" height=\"150\" src=\"https:\/\/rodslonecznapolana.pl\/wp-content\/uploads\/2017\/08\/7-8-150x150.jpg\" class=\"attachment-thumbnail size-thumbnail\" alt=\"\" srcset=\"https:\/\/rodslonecznapolana.pl\/wp-content\/uploads\/2017\/08\/7-8-150x150.jpg 150w, https:\/\/rodslonecznapolana.pl\/wp-content\/uploads\/2017\/08\/7-8-510x510.jpg 510w\" sizes=\"(max-width: 150px) 100vw, 150px\" \/><\/a>\n\t\t\t<\/dt><\/dl><dl class='gallery-item'>\n\t\t\t<dt class='gallery-icon portrait'>\n\t\t\t\t<a class=\"grouped_elements\" rel=\"tc-fancybox-group\" href=\"https:\/\/rodslonecznapolana.pl\/wp-content\/uploads\/2017\/08\/8-8.jpg\" title=\"8\"><img loading=\"lazy\" decoding=\"async\" width=\"150\" height=\"150\" src=\"https:\/\/rodslonecznapolana.pl\/wp-content\/uploads\/2017\/08\/8-8-150x150.jpg\" class=\"attachment-thumbnail size-thumbnail\" alt=\"\" srcset=\"https:\/\/rodslonecznapolana.pl\/wp-content\/uploads\/2017\/08\/8-8-150x150.jpg 150w, https:\/\/rodslonecznapolana.pl\/wp-content\/uploads\/2017\/08\/8-8-510x510.jpg 510w\" sizes=\"(max-width: 150px) 100vw, 150px\" \/><\/a>\n\t\t\t<\/dt><\/dl><dl class='gallery-item'>\n\t\t\t<dt class='gallery-icon landscape'>\n\t\t\t\t<a class=\"grouped_elements\" rel=\"tc-fancybox-group\" href=\"https:\/\/rodslonecznapolana.pl\/wp-content\/uploads\/2017\/08\/9-7.jpg\" title=\"9\"><img loading=\"lazy\" decoding=\"async\" width=\"150\" height=\"150\" src=\"https:\/\/rodslonecznapolana.pl\/wp-content\/uploads\/2017\/08\/9-7-150x150.jpg\" class=\"attachment-thumbnail size-thumbnail\" alt=\"\" srcset=\"https:\/\/rodslonecznapolana.pl\/wp-content\/uploads\/2017\/08\/9-7-150x150.jpg 150w, https:\/\/rodslonecznapolana.pl\/wp-content\/uploads\/2017\/08\/9-7-510x510.jpg 510w\" sizes=\"(max-width: 150px) 100vw, 150px\" \/><\/a>\n\t\t\t<\/dt><\/dl><dl class='gallery-item'>\n\t\t\t<dt class='gallery-icon landscape'>\n\t\t\t\t<a class=\"grouped_elements\" rel=\"tc-fancybox-group\" href=\"https:\/\/rodslonecznapolana.pl\/wp-content\/uploads\/2017\/08\/10-6.jpg\" title=\"10\"><img loading=\"lazy\" decoding=\"async\" width=\"150\" height=\"150\" src=\"https:\/\/rodslonecznapolana.pl\/wp-content\/uploads\/2017\/08\/10-6-150x150.jpg\" class=\"attachment-thumbnail size-thumbnail\" alt=\"\" srcset=\"https:\/\/rodslonecznapolana.pl\/wp-content\/uploads\/2017\/08\/10-6-150x150.jpg 150w, https:\/\/rodslonecznapolana.pl\/wp-content\/uploads\/2017\/08\/10-6-510x510.jpg 510w\" sizes=\"(max-width: 150px) 100vw, 150px\" \/><\/a>\n\t\t\t<\/dt><\/dl><dl class='gallery-item'>\n\t\t\t<dt class='gallery-icon landscape'>\n\t\t\t\t<a class=\"grouped_elements\" rel=\"tc-fancybox-group\" href=\"https:\/\/rodslonecznapolana.pl\/wp-content\/uploads\/2017\/08\/11-6.jpg\" title=\"11\"><img loading=\"lazy\" decoding=\"async\" width=\"150\" height=\"150\" src=\"https:\/\/rodslonecznapolana.pl\/wp-content\/uploads\/2017\/08\/11-6-150x150.jpg\" class=\"attachment-thumbnail size-thumbnail\" alt=\"\" srcset=\"https:\/\/rodslonecznapolana.pl\/wp-content\/uploads\/2017\/08\/11-6-150x150.jpg 150w, https:\/\/rodslonecznapolana.pl\/wp-content\/uploads\/2017\/08\/11-6-510x510.jpg 510w\" sizes=\"(max-width: 150px) 100vw, 150px\" \/><\/a>\n\t\t\t<\/dt><\/dl><br style=\"clear: both\" \/><dl class='gallery-item'>\n\t\t\t<dt class='gallery-icon portrait'>\n\t\t\t\t<a class=\"grouped_elements\" rel=\"tc-fancybox-group\" href=\"https:\/\/rodslonecznapolana.pl\/wp-content\/uploads\/2017\/08\/12-6.jpg\" title=\"12\"><img loading=\"lazy\" decoding=\"async\" width=\"150\" height=\"150\" src=\"https:\/\/rodslonecznapolana.pl\/wp-content\/uploads\/2017\/08\/12-6-150x150.jpg\" class=\"attachment-thumbnail size-thumbnail\" alt=\"\" srcset=\"https:\/\/rodslonecznapolana.pl\/wp-content\/uploads\/2017\/08\/12-6-150x150.jpg 150w, https:\/\/rodslonecznapolana.pl\/wp-content\/uploads\/2017\/08\/12-6-510x510.jpg 510w\" sizes=\"(max-width: 150px) 100vw, 150px\" \/><\/a>\n\t\t\t<\/dt><\/dl><dl class='gallery-item'>\n\t\t\t<dt class='gallery-icon landscape'>\n\t\t\t\t<a class=\"grouped_elements\" rel=\"tc-fancybox-group\" href=\"https:\/\/rodslonecznapolana.pl\/wp-content\/uploads\/2017\/08\/13-6.jpg\" title=\"13\"><img loading=\"lazy\" decoding=\"async\" width=\"150\" height=\"150\" src=\"https:\/\/rodslonecznapolana.pl\/wp-content\/uploads\/2017\/08\/13-6-150x150.jpg\" class=\"attachment-thumbnail size-thumbnail\" alt=\"\" srcset=\"https:\/\/rodslonecznapolana.pl\/wp-content\/uploads\/2017\/08\/13-6-150x150.jpg 150w, https:\/\/rodslonecznapolana.pl\/wp-content\/uploads\/2017\/08\/13-6-510x510.jpg 510w\" sizes=\"(max-width: 150px) 100vw, 150px\" \/><\/a>\n\t\t\t<\/dt><\/dl><dl class='gallery-item'>\n\t\t\t<dt class='gallery-icon landscape'>\n\t\t\t\t<a class=\"grouped_elements\" rel=\"tc-fancybox-group\" href=\"https:\/\/rodslonecznapolana.pl\/wp-content\/uploads\/2017\/08\/14-6.jpg\" title=\"14\"><img loading=\"lazy\" decoding=\"async\" width=\"150\" height=\"150\" src=\"https:\/\/rodslonecznapolana.pl\/wp-content\/uploads\/2017\/08\/14-6-150x150.jpg\" class=\"attachment-thumbnail size-thumbnail\" alt=\"\" srcset=\"https:\/\/rodslonecznapolana.pl\/wp-content\/uploads\/2017\/08\/14-6-150x150.jpg 150w, https:\/\/rodslonecznapolana.pl\/wp-content\/uploads\/2017\/08\/14-6-510x510.jpg 510w\" sizes=\"(max-width: 150px) 100vw, 150px\" \/><\/a>\n\t\t\t<\/dt><\/dl><dl class='gallery-item'>\n\t\t\t<dt class='gallery-icon landscape'>\n\t\t\t\t<a class=\"grouped_elements\" rel=\"tc-fancybox-group\" href=\"https:\/\/rodslonecznapolana.pl\/wp-content\/uploads\/2017\/08\/15-6.jpg\" title=\"15\"><img loading=\"lazy\" decoding=\"async\" width=\"150\" height=\"150\" src=\"https:\/\/rodslonecznapolana.pl\/wp-content\/uploads\/2017\/08\/15-6-150x150.jpg\" class=\"attachment-thumbnail size-thumbnail\" alt=\"\" srcset=\"https:\/\/rodslonecznapolana.pl\/wp-content\/uploads\/2017\/08\/15-6-150x150.jpg 150w, https:\/\/rodslonecznapolana.pl\/wp-content\/uploads\/2017\/08\/15-6-510x510.jpg 510w\" sizes=\"(max-width: 150px) 100vw, 150px\" \/><\/a>\n\t\t\t<\/dt><\/dl><dl class='gallery-item'>\n\t\t\t<dt class='gallery-icon landscape'>\n\t\t\t\t<a class=\"grouped_elements\" rel=\"tc-fancybox-group\" href=\"https:\/\/rodslonecznapolana.pl\/wp-content\/uploads\/2017\/08\/16-6.jpg\" title=\"16\"><img loading=\"lazy\" decoding=\"async\" width=\"150\" height=\"150\" src=\"https:\/\/rodslonecznapolana.pl\/wp-content\/uploads\/2017\/08\/16-6-150x150.jpg\" class=\"attachment-thumbnail size-thumbnail\" alt=\"\" srcset=\"https:\/\/rodslonecznapolana.pl\/wp-content\/uploads\/2017\/08\/16-6-150x150.jpg 150w, https:\/\/rodslonecznapolana.pl\/wp-content\/uploads\/2017\/08\/16-6-510x510.jpg 510w\" sizes=\"(max-width: 150px) 100vw, 150px\" \/><\/a>\n\t\t\t<\/dt><\/dl><dl class='gallery-item'>\n\t\t\t<dt class='gallery-icon landscape'>\n\t\t\t\t<a class=\"grouped_elements\" rel=\"tc-fancybox-group\" href=\"https:\/\/rodslonecznapolana.pl\/wp-content\/uploads\/2017\/08\/17-6.jpg\" title=\"17\"><img loading=\"lazy\" decoding=\"async\" width=\"150\" height=\"150\" src=\"https:\/\/rodslonecznapolana.pl\/wp-content\/uploads\/2017\/08\/17-6-150x150.jpg\" class=\"attachment-thumbnail size-thumbnail\" alt=\"\" srcset=\"https:\/\/rodslonecznapolana.pl\/wp-content\/uploads\/2017\/08\/17-6-150x150.jpg 150w, https:\/\/rodslonecznapolana.pl\/wp-content\/uploads\/2017\/08\/17-6-510x510.jpg 510w\" sizes=\"(max-width: 150px) 100vw, 150px\" \/><\/a>\n\t\t\t<\/dt><\/dl><br style=\"clear: both\" \/><dl class='gallery-item'>\n\t\t\t<dt class='gallery-icon landscape'>\n\t\t\t\t<a class=\"grouped_elements\" rel=\"tc-fancybox-group\" href=\"https:\/\/rodslonecznapolana.pl\/wp-content\/uploads\/2017\/08\/18-6.jpg\" title=\"18\"><img loading=\"lazy\" decoding=\"async\" width=\"150\" height=\"150\" src=\"https:\/\/rodslonecznapolana.pl\/wp-content\/uploads\/2017\/08\/18-6-150x150.jpg\" class=\"attachment-thumbnail size-thumbnail\" alt=\"\" srcset=\"https:\/\/rodslonecznapolana.pl\/wp-content\/uploads\/2017\/08\/18-6-150x150.jpg 150w, https:\/\/rodslonecznapolana.pl\/wp-content\/uploads\/2017\/08\/18-6-510x510.jpg 510w\" sizes=\"(max-width: 150px) 100vw, 150px\" \/><\/a>\n\t\t\t<\/dt><\/dl><dl class='gallery-item'>\n\t\t\t<dt class='gallery-icon landscape'>\n\t\t\t\t<a class=\"grouped_elements\" rel=\"tc-fancybox-group\" href=\"https:\/\/rodslonecznapolana.pl\/wp-content\/uploads\/2017\/08\/19-6.jpg\" title=\"19\"><img loading=\"lazy\" decoding=\"async\" width=\"150\" height=\"150\" src=\"https:\/\/rodslonecznapolana.pl\/wp-content\/uploads\/2017\/08\/19-6-150x150.jpg\" class=\"attachment-thumbnail size-thumbnail\" alt=\"\" srcset=\"https:\/\/rodslonecznapolana.pl\/wp-content\/uploads\/2017\/08\/19-6-150x150.jpg 150w, https:\/\/rodslonecznapolana.pl\/wp-content\/uploads\/2017\/08\/19-6-510x510.jpg 510w\" sizes=\"(max-width: 150px) 100vw, 150px\" \/><\/a>\n\t\t\t<\/dt><\/dl><dl class='gallery-item'>\n\t\t\t<dt class='gallery-icon landscape'>\n\t\t\t\t<a class=\"grouped_elements\" rel=\"tc-fancybox-group\" href=\"https:\/\/rodslonecznapolana.pl\/wp-content\/uploads\/2017\/08\/20-6.jpg\" title=\"20\"><img loading=\"lazy\" decoding=\"async\" width=\"150\" height=\"150\" src=\"https:\/\/rodslonecznapolana.pl\/wp-content\/uploads\/2017\/08\/20-6-150x150.jpg\" class=\"attachment-thumbnail size-thumbnail\" alt=\"\" srcset=\"https:\/\/rodslonecznapolana.pl\/wp-content\/uploads\/2017\/08\/20-6-150x150.jpg 150w, https:\/\/rodslonecznapolana.pl\/wp-content\/uploads\/2017\/08\/20-6-510x510.jpg 510w\" sizes=\"(max-width: 150px) 100vw, 150px\" \/><\/a>\n\t\t\t<\/dt><\/dl>\n\t\t\t<br style='clear: both' \/>\n\t\t<\/div>\n\n<p>&nbsp;<\/p>\n","protected":false},"excerpt":{"rendered":"<p>Nasz ogr\u00f3d &nbsp;<\/p>\n","protected":false},"author":3,"featured_media":0,"parent":0,"menu_order":0,"comment_status":"closed","ping_status":"closed","template":"","meta":{"footnotes":""},"yoast_head":"<!-- This site is optimized with the Yoast SEO plugin v22.6 - https:\/\/yoast.com\/wordpress\/plugins\/seo\/ -->\n<title>Galeria - OGRODY DZIA\u0141KOWE S\u0141ONECZNA POLANA PAWLIKOWICE<\/title>\n<meta name=\"robots\" content=\"index, follow, max-snippet:-1, max-image-preview:large, max-video-preview:-1\" \/>\n<link rel=\"canonical\" href=\"https:\/\/rodslonecznapolana.pl\/index.php\/galeria\/\" \/>\n<meta property=\"og:locale\" content=\"pl_PL\" \/>\n<meta property=\"og:type\" content=\"article\" \/>\n<meta property=\"og:title\" content=\"Galeria - OGRODY DZIA\u0141KOWE S\u0141ONECZNA POLANA PAWLIKOWICE\" \/>\n<meta property=\"og:description\" content=\"Nasz ogr\u00f3d &nbsp;\" \/>\n<meta property=\"og:url\" content=\"https:\/\/rodslonecznapolana.pl\/index.php\/galeria\/\" \/>\n<meta property=\"og:site_name\" content=\"OGRODY DZIA\u0141KOWE S\u0141ONECZNA POLANA PAWLIKOWICE\" \/>\n<meta property=\"article:modified_time\" content=\"2017-09-21T11:54:19+00:00\" \/>\n<meta property=\"og:image\" content=\"https:\/\/rodslonecznapolana.pl\/wp-content\/uploads\/2017\/08\/0-8-150x150.jpg\" \/>\n<meta name=\"twitter:card\" content=\"summary_large_image\" \/>\n<script type=\"application\/ld+json\" class=\"yoast-schema-graph\">{\"@context\":\"https:\/\/schema.org\",\"@graph\":[{\"@type\":\"WebPage\",\"@id\":\"https:\/\/rodslonecznapolana.pl\/index.php\/galeria\/\",\"url\":\"https:\/\/rodslonecznapolana.pl\/index.php\/galeria\/\",\"name\":\"Galeria - OGRODY DZIA\u0141KOWE S\u0141ONECZNA POLANA PAWLIKOWICE\",\"isPartOf\":{\"@id\":\"https:\/\/rodslonecznapolana.pl\/#website\"},\"datePublished\":\"2017-08-14T05:08:47+00:00\",\"dateModified\":\"2017-09-21T11:54:19+00:00\",\"breadcrumb\":{\"@id\":\"https:\/\/rodslonecznapolana.pl\/index.php\/galeria\/#breadcrumb\"},\"inLanguage\":\"pl-PL\",\"potentialAction\":[{\"@type\":\"ReadAction\",\"target\":[\"https:\/\/rodslonecznapolana.pl\/index.php\/galeria\/\"]}]},{\"@type\":\"BreadcrumbList\",\"@id\":\"https:\/\/rodslonecznapolana.pl\/index.php\/galeria\/#breadcrumb\",\"itemListElement\":[{\"@type\":\"ListItem\",\"position\":1,\"name\":\"Strona g\u0142\u00f3wna\",\"item\":\"https:\/\/rodslonecznapolana.pl\/\"},{\"@type\":\"ListItem\",\"position\":2,\"name\":\"Galeria\"}]},{\"@type\":\"WebSite\",\"@id\":\"https:\/\/rodslonecznapolana.pl\/#website\",\"url\":\"https:\/\/rodslonecznapolana.pl\/\",\"name\":\"OGRODY DZIA\u0141KOWE S\u0141ONECZNA POLANA PAWLIKOWICE\",\"description\":\"\",\"potentialAction\":[{\"@type\":\"SearchAction\",\"target\":{\"@type\":\"EntryPoint\",\"urlTemplate\":\"https:\/\/rodslonecznapolana.pl\/?s={search_term_string}\"},\"query-input\":\"required name=search_term_string\"}],\"inLanguage\":\"pl-PL\"}]}<\/script>\n<!-- \/ Yoast SEO plugin. -->","yoast_head_json":{"title":"Galeria - OGRODY DZIA\u0141KOWE S\u0141ONECZNA POLANA PAWLIKOWICE","robots":{"index":"index","follow":"follow","max-snippet":"max-snippet:-1","max-image-preview":"max-image-preview:large","max-video-preview":"max-video-preview:-1"},"canonical":"https:\/\/rodslonecznapolana.pl\/index.php\/galeria\/","og_locale":"pl_PL","og_type":"article","og_title":"Galeria - OGRODY DZIA\u0141KOWE S\u0141ONECZNA POLANA PAWLIKOWICE","og_description":"Nasz ogr\u00f3d &nbsp;","og_url":"https:\/\/rodslonecznapolana.pl\/index.php\/galeria\/","og_site_name":"OGRODY DZIA\u0141KOWE S\u0141ONECZNA POLANA PAWLIKOWICE","article_modified_time":"2017-09-21T11:54:19+00:00","og_image":[{"url":"https:\/\/rodslonecznapolana.pl\/wp-content\/uploads\/2017\/08\/0-8-150x150.jpg"}],"twitter_card":"summary_large_image","schema":{"@context":"https:\/\/schema.org","@graph":[{"@type":"WebPage","@id":"https:\/\/rodslonecznapolana.pl\/index.php\/galeria\/","url":"https:\/\/rodslonecznapolana.pl\/index.php\/galeria\/","name":"Galeria - OGRODY DZIA\u0141KOWE S\u0141ONECZNA POLANA PAWLIKOWICE","isPartOf":{"@id":"https:\/\/rodslonecznapolana.pl\/#website"},"datePublished":"2017-08-14T05:08:47+00:00","dateModified":"2017-09-21T11:54:19+00:00","breadcrumb":{"@id":"https:\/\/rodslonecznapolana.pl\/index.php\/galeria\/#breadcrumb"},"inLanguage":"pl-PL","potentialAction":[{"@type":"ReadAction","target":["https:\/\/rodslonecznapolana.pl\/index.php\/galeria\/"]}]},{"@type":"BreadcrumbList","@id":"https:\/\/rodslonecznapolana.pl\/index.php\/galeria\/#breadcrumb","itemListElement":[{"@type":"ListItem","position":1,"name":"Strona g\u0142\u00f3wna","item":"https:\/\/rodslonecznapolana.pl\/"},{"@type":"ListItem","position":2,"name":"Galeria"}]},{"@type":"WebSite","@id":"https:\/\/rodslonecznapolana.pl\/#website","url":"https:\/\/rodslonecznapolana.pl\/","name":"OGRODY DZIA\u0141KOWE S\u0141ONECZNA POLANA PAWLIKOWICE","description":"","potentialAction":[{"@type":"SearchAction","target":{"@type":"EntryPoint","urlTemplate":"https:\/\/rodslonecznapolana.pl\/?s={search_term_string}"},"query-input":"required name=search_term_string"}],"inLanguage":"pl-PL"}]}},"_links":{"self":[{"href":"https:\/\/rodslonecznapolana.pl\/index.php\/wp-json\/wp\/v2\/pages\/8"}],"collection":[{"href":"https:\/\/rodslonecznapolana.pl\/index.php\/wp-json\/wp\/v2\/pages"}],"about":[{"href":"https:\/\/rodslonecznapolana.pl\/index.php\/wp-json\/wp\/v2\/types\/page"}],"author":[{"embeddable":true,"href":"https:\/\/rodslonecznapolana.pl\/index.php\/wp-json\/wp\/v2\/users\/3"}],"replies":[{"embeddable":true,"href":"https:\/\/rodslonecznapolana.pl\/index.php\/wp-json\/wp\/v2\/comments?post=8"}],"version-history":[{"count":21,"href":"https:\/\/rodslonecznapolana.pl\/index.php\/wp-json\/wp\/v2\/pages\/8\/revisions"}],"predecessor-version":[{"id":828,"href":"https:\/\/rodslonecznapolana.pl\/index.php\/wp-json\/wp\/v2\/pages\/8\/revisions\/828"}],"wp:attachment":[{"href":"https:\/\/rodslonecznapolana.pl\/index.php\/wp-json\/wp\/v2\/media?parent=8"}],"curies":[{"name":"wp","href":"https:\/\/api.w.org\/{rel}","templated":true}]}}