{"id":993,"date":"2018-04-19T21:50:01","date_gmt":"2018-04-19T19:50:01","guid":{"rendered":"http:\/\/rodslonecznapolana.pl\/?page_id=993"},"modified":"2018-04-20T08:49:23","modified_gmt":"2018-04-20T06:49:23","slug":"dla-szukajacych-u-nas-dzialki","status":"publish","type":"page","link":"https:\/\/rodslonecznapolana.pl\/index.php\/dla-szukajacych-u-nas-dzialki\/","title":{"rendered":"Dla szukaj\u0105cych u nas dzia\u0142ki"},"content":{"rendered":"<p style=\"text-align: center;\"><span style=\"color: #003366; font-size: 18pt;\"><strong>Nasz ogr\u00f3d dysponuje dzia\u0142kami, kt\u00f3rych U\u017cytkownicy s\u0105 zainteresowani przeniesieniem ich praw do dysponowania. Ch\u0119tnych posiadaniem takiego prawa do dzia\u0142ki na S\u0142onecznej Polanie prosimy o kontakt z Prezesem ROD\u00a0<\/strong><\/span><\/p>\n<p style=\"text-align: center;\"><span style=\"color: #333300; font-size: 18pt;\"><strong>tel. 601 094\u00a0234<\/strong><\/span><\/p>\n<p><strong>\u00a0<img loading=\"lazy\" decoding=\"async\" class=\"wp-image-419 aligncenter\" src=\"http:\/\/rodslonecznapolana.pl\/wp-content\/uploads\/2017\/08\/23-5-300x200.jpg\" alt=\"\" width=\"368\" height=\"245\" srcset=\"https:\/\/rodslonecznapolana.pl\/wp-content\/uploads\/2017\/08\/23-5-300x200.jpg 300w, https:\/\/rodslonecznapolana.pl\/wp-content\/uploads\/2017\/08\/23-5-768x512.jpg 768w, https:\/\/rodslonecznapolana.pl\/wp-content\/uploads\/2017\/08\/23-5-1024x683.jpg 1024w, https:\/\/rodslonecznapolana.pl\/wp-content\/uploads\/2017\/08\/23-5.jpg 1152w\" sizes=\"(max-width: 368px) 100vw, 368px\" \/><\/strong><\/p>\n","protected":false},"excerpt":{"rendered":"<p>Nasz ogr\u00f3d dysponuje dzia\u0142kami, kt\u00f3rych U\u017cytkownicy s\u0105 zainteresowani przeniesieniem ich praw do dysponowania. Ch\u0119tnych posiadaniem takiego prawa do dzia\u0142ki na S\u0142onecznej Polanie prosimy o kontakt z Prezesem ROD\u00a0 tel. 601 094\u00a0234 \u00a0<\/p>\n","protected":false},"author":2,"featured_media":0,"parent":0,"menu_order":0,"comment_status":"closed","ping_status":"closed","template":"","meta":{"footnotes":""},"yoast_head":"<!-- This site is optimized with the Yoast SEO plugin v22.6 - https:\/\/yoast.com\/wordpress\/plugins\/seo\/ -->\n<title>Dla szukaj\u0105cych u nas dzia\u0142ki - OGRODY DZIA\u0141KOWE S\u0141ONECZNA POLANA PAWLIKOWICE<\/title>\n<meta name=\"robots\" content=\"index, follow, max-snippet:-1, max-image-preview:large, max-video-preview:-1\" \/>\n<link rel=\"canonical\" href=\"https:\/\/rodslonecznapolana.pl\/index.php\/dla-szukajacych-u-nas-dzialki\/\" \/>\n<meta property=\"og:locale\" content=\"pl_PL\" \/>\n<meta property=\"og:type\" content=\"article\" \/>\n<meta property=\"og:title\" content=\"Dla szukaj\u0105cych u nas dzia\u0142ki - OGRODY DZIA\u0141KOWE S\u0141ONECZNA POLANA PAWLIKOWICE\" \/>\n<meta property=\"og:description\" content=\"Nasz ogr\u00f3d dysponuje dzia\u0142kami, kt\u00f3rych U\u017cytkownicy s\u0105 zainteresowani przeniesieniem ich praw do dysponowania. Ch\u0119tnych posiadaniem takiego prawa do dzia\u0142ki na S\u0142onecznej Polanie prosimy o kontakt z Prezesem ROD\u00a0 tel. 601 094\u00a0234 \u00a0\" \/>\n<meta property=\"og:url\" content=\"https:\/\/rodslonecznapolana.pl\/index.php\/dla-szukajacych-u-nas-dzialki\/\" \/>\n<meta property=\"og:site_name\" content=\"OGRODY DZIA\u0141KOWE S\u0141ONECZNA POLANA PAWLIKOWICE\" \/>\n<meta property=\"article:modified_time\" content=\"2018-04-20T06:49:23+00:00\" \/>\n<meta property=\"og:image\" content=\"http:\/\/rodslonecznapolana.pl\/wp-content\/uploads\/2017\/08\/23-5-300x200.jpg\" \/>\n<meta name=\"twitter:card\" content=\"summary_large_image\" \/>\n<script type=\"application\/ld+json\" class=\"yoast-schema-graph\">{\"@context\":\"https:\/\/schema.org\",\"@graph\":[{\"@type\":\"WebPage\",\"@id\":\"https:\/\/rodslonecznapolana.pl\/index.php\/dla-szukajacych-u-nas-dzialki\/\",\"url\":\"https:\/\/rodslonecznapolana.pl\/index.php\/dla-szukajacych-u-nas-dzialki\/\",\"name\":\"Dla szukaj\u0105cych u nas dzia\u0142ki - OGRODY DZIA\u0141KOWE S\u0141ONECZNA POLANA PAWLIKOWICE\",\"isPartOf\":{\"@id\":\"https:\/\/rodslonecznapolana.pl\/#website\"},\"primaryImageOfPage\":{\"@id\":\"https:\/\/rodslonecznapolana.pl\/index.php\/dla-szukajacych-u-nas-dzialki\/#primaryimage\"},\"image\":{\"@id\":\"https:\/\/rodslonecznapolana.pl\/index.php\/dla-szukajacych-u-nas-dzialki\/#primaryimage\"},\"thumbnailUrl\":\"http:\/\/rodslonecznapolana.pl\/wp-content\/uploads\/2017\/08\/23-5-300x200.jpg\",\"datePublished\":\"2018-04-19T19:50:01+00:00\",\"dateModified\":\"2018-04-20T06:49:23+00:00\",\"breadcrumb\":{\"@id\":\"https:\/\/rodslonecznapolana.pl\/index.php\/dla-szukajacych-u-nas-dzialki\/#breadcrumb\"},\"inLanguage\":\"pl-PL\",\"potentialAction\":[{\"@type\":\"ReadAction\",\"target\":[\"https:\/\/rodslonecznapolana.pl\/index.php\/dla-szukajacych-u-nas-dzialki\/\"]}]},{\"@type\":\"ImageObject\",\"inLanguage\":\"pl-PL\",\"@id\":\"https:\/\/rodslonecznapolana.pl\/index.php\/dla-szukajacych-u-nas-dzialki\/#primaryimage\",\"url\":\"https:\/\/rodslonecznapolana.pl\/wp-content\/uploads\/2017\/08\/23-5.jpg\",\"contentUrl\":\"https:\/\/rodslonecznapolana.pl\/wp-content\/uploads\/2017\/08\/23-5.jpg\",\"width\":1152,\"height\":768},{\"@type\":\"BreadcrumbList\",\"@id\":\"https:\/\/rodslonecznapolana.pl\/index.php\/dla-szukajacych-u-nas-dzialki\/#breadcrumb\",\"itemListElement\":[{\"@type\":\"ListItem\",\"position\":1,\"name\":\"Strona g\u0142\u00f3wna\",\"item\":\"https:\/\/rodslonecznapolana.pl\/\"},{\"@type\":\"ListItem\",\"position\":2,\"name\":\"Dla szukaj\u0105cych u nas dzia\u0142ki\"}]},{\"@type\":\"WebSite\",\"@id\":\"https:\/\/rodslonecznapolana.pl\/#website\",\"url\":\"https:\/\/rodslonecznapolana.pl\/\",\"name\":\"OGRODY DZIA\u0141KOWE S\u0141ONECZNA POLANA PAWLIKOWICE\",\"description\":\"\",\"potentialAction\":[{\"@type\":\"SearchAction\",\"target\":{\"@type\":\"EntryPoint\",\"urlTemplate\":\"https:\/\/rodslonecznapolana.pl\/?s={search_term_string}\"},\"query-input\":\"required name=search_term_string\"}],\"inLanguage\":\"pl-PL\"}]}<\/script>\n<!-- \/ Yoast SEO plugin. -->","yoast_head_json":{"title":"Dla szukaj\u0105cych u nas dzia\u0142ki - OGRODY DZIA\u0141KOWE S\u0141ONECZNA POLANA PAWLIKOWICE","robots":{"index":"index","follow":"follow","max-snippet":"max-snippet:-1","max-image-preview":"max-image-preview:large","max-video-preview":"max-video-preview:-1"},"canonical":"https:\/\/rodslonecznapolana.pl\/index.php\/dla-szukajacych-u-nas-dzialki\/","og_locale":"pl_PL","og_type":"article","og_title":"Dla szukaj\u0105cych u nas dzia\u0142ki - OGRODY DZIA\u0141KOWE S\u0141ONECZNA POLANA PAWLIKOWICE","og_description":"Nasz ogr\u00f3d dysponuje dzia\u0142kami, kt\u00f3rych U\u017cytkownicy s\u0105 zainteresowani przeniesieniem ich praw do dysponowania. Ch\u0119tnych posiadaniem takiego prawa do dzia\u0142ki na S\u0142onecznej Polanie prosimy o kontakt z Prezesem ROD\u00a0 tel. 601 094\u00a0234 \u00a0","og_url":"https:\/\/rodslonecznapolana.pl\/index.php\/dla-szukajacych-u-nas-dzialki\/","og_site_name":"OGRODY DZIA\u0141KOWE S\u0141ONECZNA POLANA PAWLIKOWICE","article_modified_time":"2018-04-20T06:49:23+00:00","og_image":[{"url":"http:\/\/rodslonecznapolana.pl\/wp-content\/uploads\/2017\/08\/23-5-300x200.jpg"}],"twitter_card":"summary_large_image","schema":{"@context":"https:\/\/schema.org","@graph":[{"@type":"WebPage","@id":"https:\/\/rodslonecznapolana.pl\/index.php\/dla-szukajacych-u-nas-dzialki\/","url":"https:\/\/rodslonecznapolana.pl\/index.php\/dla-szukajacych-u-nas-dzialki\/","name":"Dla szukaj\u0105cych u nas dzia\u0142ki - OGRODY DZIA\u0141KOWE S\u0141ONECZNA POLANA PAWLIKOWICE","isPartOf":{"@id":"https:\/\/rodslonecznapolana.pl\/#website"},"primaryImageOfPage":{"@id":"https:\/\/rodslonecznapolana.pl\/index.php\/dla-szukajacych-u-nas-dzialki\/#primaryimage"},"image":{"@id":"https:\/\/rodslonecznapolana.pl\/index.php\/dla-szukajacych-u-nas-dzialki\/#primaryimage"},"thumbnailUrl":"http:\/\/rodslonecznapolana.pl\/wp-content\/uploads\/2017\/08\/23-5-300x200.jpg","datePublished":"2018-04-19T19:50:01+00:00","dateModified":"2018-04-20T06:49:23+00:00","breadcrumb":{"@id":"https:\/\/rodslonecznapolana.pl\/index.php\/dla-szukajacych-u-nas-dzialki\/#breadcrumb"},"inLanguage":"pl-PL","potentialAction":[{"@type":"ReadAction","target":["https:\/\/rodslonecznapolana.pl\/index.php\/dla-szukajacych-u-nas-dzialki\/"]}]},{"@type":"ImageObject","inLanguage":"pl-PL","@id":"https:\/\/rodslonecznapolana.pl\/index.php\/dla-szukajacych-u-nas-dzialki\/#primaryimage","url":"https:\/\/rodslonecznapolana.pl\/wp-content\/uploads\/2017\/08\/23-5.jpg","contentUrl":"https:\/\/rodslonecznapolana.pl\/wp-content\/uploads\/2017\/08\/23-5.jpg","width":1152,"height":768},{"@type":"BreadcrumbList","@id":"https:\/\/rodslonecznapolana.pl\/index.php\/dla-szukajacych-u-nas-dzialki\/#breadcrumb","itemListElement":[{"@type":"ListItem","position":1,"name":"Strona g\u0142\u00f3wna","item":"https:\/\/rodslonecznapolana.pl\/"},{"@type":"ListItem","position":2,"name":"Dla szukaj\u0105cych u nas dzia\u0142ki"}]},{"@type":"WebSite","@id":"https:\/\/rodslonecznapolana.pl\/#website","url":"https:\/\/rodslonecznapolana.pl\/","name":"OGRODY DZIA\u0141KOWE S\u0141ONECZNA POLANA PAWLIKOWICE","description":"","potentialAction":[{"@type":"SearchAction","target":{"@type":"EntryPoint","urlTemplate":"https:\/\/rodslonecznapolana.pl\/?s={search_term_string}"},"query-input":"required name=search_term_string"}],"inLanguage":"pl-PL"}]}},"_links":{"self":[{"href":"https:\/\/rodslonecznapolana.pl\/index.php\/wp-json\/wp\/v2\/pages\/993"}],"collection":[{"href":"https:\/\/rodslonecznapolana.pl\/index.php\/wp-json\/wp\/v2\/pages"}],"about":[{"href":"https:\/\/rodslonecznapolana.pl\/index.php\/wp-json\/wp\/v2\/types\/page"}],"author":[{"embeddable":true,"href":"https:\/\/rodslonecznapolana.pl\/index.php\/wp-json\/wp\/v2\/users\/2"}],"replies":[{"embeddable":true,"href":"https:\/\/rodslonecznapolana.pl\/index.php\/wp-json\/wp\/v2\/comments?post=993"}],"version-history":[{"count":6,"href":"https:\/\/rodslonecznapolana.pl\/index.php\/wp-json\/wp\/v2\/pages\/993\/revisions"}],"predecessor-version":[{"id":1005,"href":"https:\/\/rodslonecznapolana.pl\/index.php\/wp-json\/wp\/v2\/pages\/993\/revisions\/1005"}],"wp:attachment":[{"href":"https:\/\/rodslonecznapolana.pl\/index.php\/wp-json\/wp\/v2\/media?parent=993"}],"curies":[{"name":"wp","href":"https:\/\/api.w.org\/{rel}","templated":true}]}}